{"id":2291,"date":"2013-11-19T10:21:48","date_gmt":"2013-11-19T09:21:48","guid":{"rendered":"http:\/\/www.nemzetkoziszallitas.eu\/belfoldi-raktarozas-szallitas\/"},"modified":"2017-10-11T19:42:18","modified_gmt":"2017-10-11T17:42:18","slug":"domestic-warehousing-freight-services","status":"publish","type":"page","link":"https:\/\/nemzetkoziszallitas.eu\/en\/domestic-warehousing-freight-services\/","title":{"rendered":"Domestic warehousing, and freight services"},"content":{"rendered":"<section  class='av_textblock_section av-av_textblock-0366cc7376be6c9e82a3e9cc8987b64f'  itemscope=\"itemscope\" itemtype=\"https:\/\/schema.org\/CreativeWork\" ><div class='avia_textblock'  itemprop=\"text\" ><h1>Domestic warehousing, and freight services<\/h1>\n<h2><span style=\"color: #000000;\">We offer both full and partial truckload freight and relocation services within Hungary&#8230;<\/span><\/h2>\n<h1><span style=\"color: #000000;\">\u00a0<\/span><\/h1>\n<h2>Our new service: warehousing in our Budapest warehouse&#8230;<\/h2>\n<h4><\/h4>\n<div><\/div>\n<h5>Get a Price Quote now&#8230;<\/h5>\n<div><span style=\"color: #ff7800; font-family: Arial, Verdana, Helvetica, sans-serif; font-size: 1.8em; line-height: 1.2em; background-color: initial;\">\u00a0<\/span><\/div>\n<div><span style=\"color: #ff7800; font-family: Arial, Verdana, Helvetica, sans-serif; font-size: 1.8em; line-height: 1.2em; background-color: initial;\">\u00a0<\/span><\/div>\n<h2>sebitrans@sebitrans.hu<\/h2>\n<h3>Bal\u00e1zs Sebesty\u00e9n, phone: +36 70 602 5262<\/h3>\n<\/div><\/section>\n","protected":false},"excerpt":{"rendered":"","protected":false},"author":7,"featured_media":0,"parent":0,"menu_order":0,"comment_status":"open","ping_status":"closed","template":"","meta":{"footnotes":"","_links_to":"","_links_to_target":""},"class_list":["post-2291","page","type-page","status-publish","hentry"],"yoast_head":"<!-- This site is optimized with the Yoast SEO plugin v25.7 - https:\/\/yoast.com\/wordpress\/plugins\/seo\/ -->\n<title>Belf\u00f6ldi sz\u00e1ll\u00edt\u00e1s \u00e9s rakt\u00e1roz\u00e1s | Sebesty\u00e9n Transport<\/title>\n<meta name=\"description\" content=\"Magyarorsz\u00e1g ter\u00fclet\u00e9n v\u00e1llalunk r\u00e9szrakom\u00e1nyos vagy komplett, teljes aut\u00f3s fuvaroz\u00e1st, k\u00f6lt\u00f6ztet\u00e9st. Rakt\u00e1roz\u00e1s budapesti rakt\u00e1runkban.\" \/>\n<meta name=\"robots\" content=\"index, follow, max-snippet:-1, max-image-preview:large, max-video-preview:-1\" \/>\n<link rel=\"canonical\" href=\"https:\/\/nemzetkoziszallitas.eu\/en\/domestic-warehousing-freight-services\/\" \/>\n<meta property=\"og:locale\" content=\"en_US\" \/>\n<meta property=\"og:type\" content=\"article\" \/>\n<meta property=\"og:title\" content=\"Belf\u00f6ldi sz\u00e1ll\u00edt\u00e1s \u00e9s rakt\u00e1roz\u00e1s | Sebesty\u00e9n Transport\" \/>\n<meta property=\"og:description\" content=\"Magyarorsz\u00e1g ter\u00fclet\u00e9n v\u00e1llalunk r\u00e9szrakom\u00e1nyos vagy komplett, teljes aut\u00f3s fuvaroz\u00e1st, k\u00f6lt\u00f6ztet\u00e9st. Rakt\u00e1roz\u00e1s budapesti rakt\u00e1runkban.\" \/>\n<meta property=\"og:url\" content=\"https:\/\/nemzetkoziszallitas.eu\/en\/domestic-warehousing-freight-services\/\" \/>\n<meta property=\"og:site_name\" content=\"Sebesty\u00e9n Transport\" \/>\n<meta property=\"article:modified_time\" content=\"2017-10-11T17:42:18+00:00\" \/>\n<script type=\"application\/ld+json\" class=\"yoast-schema-graph\">{\"@context\":\"https:\/\/schema.org\",\"@graph\":[{\"@type\":\"WebPage\",\"@id\":\"https:\/\/nemzetkoziszallitas.eu\/en\/domestic-warehousing-freight-services\/\",\"url\":\"https:\/\/nemzetkoziszallitas.eu\/en\/domestic-warehousing-freight-services\/\",\"name\":\"Belf\u00f6ldi sz\u00e1ll\u00edt\u00e1s \u00e9s rakt\u00e1roz\u00e1s | Sebesty\u00e9n Transport\",\"isPartOf\":{\"@id\":\"https:\/\/nemzetkoziszallitas.eu\/#website\"},\"datePublished\":\"2013-11-19T09:21:48+00:00\",\"dateModified\":\"2017-10-11T17:42:18+00:00\",\"description\":\"Magyarorsz\u00e1g ter\u00fclet\u00e9n v\u00e1llalunk r\u00e9szrakom\u00e1nyos vagy komplett, teljes aut\u00f3s fuvaroz\u00e1st, k\u00f6lt\u00f6ztet\u00e9st. Rakt\u00e1roz\u00e1s budapesti rakt\u00e1runkban.\",\"breadcrumb\":{\"@id\":\"https:\/\/nemzetkoziszallitas.eu\/en\/domestic-warehousing-freight-services\/#breadcrumb\"},\"inLanguage\":\"en-US\",\"potentialAction\":[{\"@type\":\"ReadAction\",\"target\":[\"https:\/\/nemzetkoziszallitas.eu\/en\/domestic-warehousing-freight-services\/\"]}]},{\"@type\":\"BreadcrumbList\",\"@id\":\"https:\/\/nemzetkoziszallitas.eu\/en\/domestic-warehousing-freight-services\/#breadcrumb\",\"itemListElement\":[{\"@type\":\"ListItem\",\"position\":1,\"name\":\"Kezd\u0151lap\",\"item\":\"https:\/\/nemzetkoziszallitas.eu\/en\/home\/\"},{\"@type\":\"ListItem\",\"position\":2,\"name\":\"Domestic warehousing, and freight services\"}]},{\"@type\":\"WebSite\",\"@id\":\"https:\/\/nemzetkoziszallitas.eu\/#website\",\"url\":\"https:\/\/nemzetkoziszallitas.eu\/\",\"name\":\"Sebesty\u00e9n Transport\",\"description\":\"fuvaroz\u00e1s, k\u00f6lt\u00f6zet\u00e9s\",\"potentialAction\":[{\"@type\":\"SearchAction\",\"target\":{\"@type\":\"EntryPoint\",\"urlTemplate\":\"https:\/\/nemzetkoziszallitas.eu\/?s={search_term_string}\"},\"query-input\":{\"@type\":\"PropertyValueSpecification\",\"valueRequired\":true,\"valueName\":\"search_term_string\"}}],\"inLanguage\":\"en-US\"}]}<\/script>\n<!-- \/ Yoast SEO plugin. -->","yoast_head_json":{"title":"Belf\u00f6ldi sz\u00e1ll\u00edt\u00e1s \u00e9s rakt\u00e1roz\u00e1s | Sebesty\u00e9n Transport","description":"Magyarorsz\u00e1g ter\u00fclet\u00e9n v\u00e1llalunk r\u00e9szrakom\u00e1nyos vagy komplett, teljes aut\u00f3s fuvaroz\u00e1st, k\u00f6lt\u00f6ztet\u00e9st. Rakt\u00e1roz\u00e1s budapesti rakt\u00e1runkban.","robots":{"index":"index","follow":"follow","max-snippet":"max-snippet:-1","max-image-preview":"max-image-preview:large","max-video-preview":"max-video-preview:-1"},"canonical":"https:\/\/nemzetkoziszallitas.eu\/en\/domestic-warehousing-freight-services\/","og_locale":"en_US","og_type":"article","og_title":"Belf\u00f6ldi sz\u00e1ll\u00edt\u00e1s \u00e9s rakt\u00e1roz\u00e1s | Sebesty\u00e9n Transport","og_description":"Magyarorsz\u00e1g ter\u00fclet\u00e9n v\u00e1llalunk r\u00e9szrakom\u00e1nyos vagy komplett, teljes aut\u00f3s fuvaroz\u00e1st, k\u00f6lt\u00f6ztet\u00e9st. Rakt\u00e1roz\u00e1s budapesti rakt\u00e1runkban.","og_url":"https:\/\/nemzetkoziszallitas.eu\/en\/domestic-warehousing-freight-services\/","og_site_name":"Sebesty\u00e9n Transport","article_modified_time":"2017-10-11T17:42:18+00:00","schema":{"@context":"https:\/\/schema.org","@graph":[{"@type":"WebPage","@id":"https:\/\/nemzetkoziszallitas.eu\/en\/domestic-warehousing-freight-services\/","url":"https:\/\/nemzetkoziszallitas.eu\/en\/domestic-warehousing-freight-services\/","name":"Belf\u00f6ldi sz\u00e1ll\u00edt\u00e1s \u00e9s rakt\u00e1roz\u00e1s | Sebesty\u00e9n Transport","isPartOf":{"@id":"https:\/\/nemzetkoziszallitas.eu\/#website"},"datePublished":"2013-11-19T09:21:48+00:00","dateModified":"2017-10-11T17:42:18+00:00","description":"Magyarorsz\u00e1g ter\u00fclet\u00e9n v\u00e1llalunk r\u00e9szrakom\u00e1nyos vagy komplett, teljes aut\u00f3s fuvaroz\u00e1st, k\u00f6lt\u00f6ztet\u00e9st. Rakt\u00e1roz\u00e1s budapesti rakt\u00e1runkban.","breadcrumb":{"@id":"https:\/\/nemzetkoziszallitas.eu\/en\/domestic-warehousing-freight-services\/#breadcrumb"},"inLanguage":"en-US","potentialAction":[{"@type":"ReadAction","target":["https:\/\/nemzetkoziszallitas.eu\/en\/domestic-warehousing-freight-services\/"]}]},{"@type":"BreadcrumbList","@id":"https:\/\/nemzetkoziszallitas.eu\/en\/domestic-warehousing-freight-services\/#breadcrumb","itemListElement":[{"@type":"ListItem","position":1,"name":"Kezd\u0151lap","item":"https:\/\/nemzetkoziszallitas.eu\/en\/home\/"},{"@type":"ListItem","position":2,"name":"Domestic warehousing, and freight services"}]},{"@type":"WebSite","@id":"https:\/\/nemzetkoziszallitas.eu\/#website","url":"https:\/\/nemzetkoziszallitas.eu\/","name":"Sebesty\u00e9n Transport","description":"fuvaroz\u00e1s, k\u00f6lt\u00f6zet\u00e9s","potentialAction":[{"@type":"SearchAction","target":{"@type":"EntryPoint","urlTemplate":"https:\/\/nemzetkoziszallitas.eu\/?s={search_term_string}"},"query-input":{"@type":"PropertyValueSpecification","valueRequired":true,"valueName":"search_term_string"}}],"inLanguage":"en-US"}]}},"_links":{"self":[{"href":"https:\/\/nemzetkoziszallitas.eu\/en\/wp-json\/wp\/v2\/pages\/2291","targetHints":{"allow":["GET"]}}],"collection":[{"href":"https:\/\/nemzetkoziszallitas.eu\/en\/wp-json\/wp\/v2\/pages"}],"about":[{"href":"https:\/\/nemzetkoziszallitas.eu\/en\/wp-json\/wp\/v2\/types\/page"}],"author":[{"embeddable":true,"href":"https:\/\/nemzetkoziszallitas.eu\/en\/wp-json\/wp\/v2\/users\/7"}],"replies":[{"embeddable":true,"href":"https:\/\/nemzetkoziszallitas.eu\/en\/wp-json\/wp\/v2\/comments?post=2291"}],"version-history":[{"count":4,"href":"https:\/\/nemzetkoziszallitas.eu\/en\/wp-json\/wp\/v2\/pages\/2291\/revisions"}],"predecessor-version":[{"id":2582,"href":"https:\/\/nemzetkoziszallitas.eu\/en\/wp-json\/wp\/v2\/pages\/2291\/revisions\/2582"}],"wp:attachment":[{"href":"https:\/\/nemzetkoziszallitas.eu\/en\/wp-json\/wp\/v2\/media?parent=2291"}],"curies":[{"name":"wp","href":"https:\/\/api.w.org\/{rel}","templated":true}]}}