{"id":2299,"date":"2012-09-24T15:55:50","date_gmt":"2012-09-24T13:55:50","guid":{"rendered":"http:\/\/www.nemzetkoziszallitas.eu\/nemzetkozi-szallitas-arak\/"},"modified":"2020-08-28T10:14:58","modified_gmt":"2020-08-28T08:14:58","slug":"prices-old","status":"publish","type":"page","link":"https:\/\/nemzetkoziszallitas.eu\/en\/prices-old\/","title":{"rendered":"Prices-old"},"content":{"rendered":"\n<style type=\"text\/css\" data-created_by=\"avia_inline_auto\" id=\"style-css-av-av_heading-7716a17d10247fd367be41bfc2012aba\">\n#top .av-special-heading.av-av_heading-7716a17d10247fd367be41bfc2012aba{\npadding-bottom:30px;\n}\nbody .av-special-heading.av-av_heading-7716a17d10247fd367be41bfc2012aba .av-special-heading-tag .heading-char{\nfont-size:25px;\n}\n.av-special-heading.av-av_heading-7716a17d10247fd367be41bfc2012aba .av-subheading{\nfont-size:15px;\n}\n<\/style>\n<div  class='av-special-heading av-av_heading-7716a17d10247fd367be41bfc2012aba av-special-heading-h1 blockquote modern-quote  avia-builder-el-0  el_before_av_heading  avia-builder-el-first '><h1 class='av-special-heading-tag'  itemprop=\"headline\"  >International freight charges<\/h1><div class='av-subheading av-subheading_below'><p>Please ask for a special Price Quote, if your cargo exceeds 50 kg.<\/p>\n<\/div><div class=\"special-heading-border\"><div class=\"special-heading-inner-border\"><\/div><\/div><\/div>\n\n<style type=\"text\/css\" data-created_by=\"avia_inline_auto\" id=\"style-css-av-av_heading-6739962339b814e0c37c82660eae16b7\">\n#top .av-special-heading.av-av_heading-6739962339b814e0c37c82660eae16b7{\npadding-bottom:10px;\n}\nbody .av-special-heading.av-av_heading-6739962339b814e0c37c82660eae16b7 .av-special-heading-tag .heading-char{\nfont-size:25px;\n}\n.av-special-heading.av-av_heading-6739962339b814e0c37c82660eae16b7 .av-subheading{\nfont-size:15px;\n}\n<\/style>\n<div  class='av-special-heading av-av_heading-6739962339b814e0c37c82660eae16b7 av-special-heading-h3 blockquote modern-quote modern-centered  avia-builder-el-1  el_after_av_heading  el_before_av_codeblock '><h3 class='av-special-heading-tag'  itemprop=\"headline\"  >Denmark \u2013 Gy\u0151r \u2013 Budapest<\/h3><div class=\"special-heading-border\"><div class=\"special-heading-inner-border\"><\/div><\/div><\/div>\n\n\n<style type=\"text\/css\" data-created_by=\"avia_inline_auto\" id=\"style-css-av-av_hr-c9ba6ccf0e28539cef079a4b419f7f68\">\n#top .hr.hr-invisible.av-av_hr-c9ba6ccf0e28539cef079a4b419f7f68{\nheight:25px;\n}\n<\/style>\n<div  class='hr av-av_hr-c9ba6ccf0e28539cef079a4b419f7f68 hr-invisible  avia-builder-el-3  el_after_av_codeblock  el_before_av_heading '><span class='hr-inner '><span class=\"hr-inner-style\"><\/span><\/span><\/div>\n\n<style type=\"text\/css\" data-created_by=\"avia_inline_auto\" id=\"style-css-av-av_heading-3c3347d32000a6ac62357c1f904ca8f7\">\n#top .av-special-heading.av-av_heading-3c3347d32000a6ac62357c1f904ca8f7{\npadding-bottom:10px;\n}\nbody .av-special-heading.av-av_heading-3c3347d32000a6ac62357c1f904ca8f7 .av-special-heading-tag .heading-char{\nfont-size:25px;\n}\n.av-special-heading.av-av_heading-3c3347d32000a6ac62357c1f904ca8f7 .av-subheading{\nfont-size:15px;\n}\n<\/style>\n<div  class='av-special-heading av-av_heading-3c3347d32000a6ac62357c1f904ca8f7 av-special-heading-h3 blockquote modern-quote modern-centered  avia-builder-el-4  el_after_av_hr  el_before_av_codeblock '><h3 class='av-special-heading-tag'  itemprop=\"headline\"  >Malm\u00f6 and environs &#8211; Gy\u0151r &#8211; Budapest<\/h3><div class=\"special-heading-border\"><div class=\"special-heading-inner-border\"><\/div><\/div><\/div>\n\n\n<style type=\"text\/css\" data-created_by=\"avia_inline_auto\" id=\"style-css-av-av_hr-c9ba6ccf0e28539cef079a4b419f7f68\">\n#top .hr.hr-invisible.av-av_hr-c9ba6ccf0e28539cef079a4b419f7f68{\nheight:25px;\n}\n<\/style>\n<div  class='hr av-av_hr-c9ba6ccf0e28539cef079a4b419f7f68 hr-invisible  avia-builder-el-6  el_after_av_codeblock  el_before_av_heading '><span class='hr-inner '><span class=\"hr-inner-style\"><\/span><\/span><\/div>\n\n<style type=\"text\/css\" data-created_by=\"avia_inline_auto\" id=\"style-css-av-av_heading-39b68e22f8bfaacd373769a39d9f50a6\">\n#top .av-special-heading.av-av_heading-39b68e22f8bfaacd373769a39d9f50a6{\npadding-bottom:10px;\n}\nbody .av-special-heading.av-av_heading-39b68e22f8bfaacd373769a39d9f50a6 .av-special-heading-tag .heading-char{\nfont-size:25px;\n}\n.av-special-heading.av-av_heading-39b68e22f8bfaacd373769a39d9f50a6 .av-subheading{\nfont-size:15px;\n}\n<\/style>\n<div  class='av-special-heading av-av_heading-39b68e22f8bfaacd373769a39d9f50a6 av-special-heading-h3 blockquote modern-quote modern-centered  avia-builder-el-7  el_after_av_hr  el_before_av_codeblock '><h3 class='av-special-heading-tag'  itemprop=\"headline\"  >Halmstad \/ G\u00f6teborg \/ J\u00f6nk\u00f6ping \/<br \/>\nStockholm \u2013 Gy\u0151r \u2013 Budapest<\/h3><div class=\"special-heading-border\"><div class=\"special-heading-inner-border\"><\/div><\/div><\/div>\n\n\n<style type=\"text\/css\" data-created_by=\"avia_inline_auto\" id=\"style-css-av-av_hr-c9ba6ccf0e28539cef079a4b419f7f68\">\n#top .hr.hr-invisible.av-av_hr-c9ba6ccf0e28539cef079a4b419f7f68{\nheight:25px;\n}\n<\/style>\n<div  class='hr av-av_hr-c9ba6ccf0e28539cef079a4b419f7f68 hr-invisible  avia-builder-el-9  el_after_av_codeblock  el_before_av_textblock '><span class='hr-inner '><span class=\"hr-inner-style\"><\/span><\/span><\/div>\n<section  class='av_textblock_section av-av_textblock-0366cc7376be6c9e82a3e9cc8987b64f'  itemscope=\"itemscope\" itemtype=\"https:\/\/schema.org\/CreativeWork\" ><div class='avia_textblock'  itemprop=\"text\" ><p style=\"text-align: center;\"><strong>All prices listed above include 30 minutes of loading time.<\/strong><\/p>\n<p align=\"center\"><strong>For small weight cargo (e.g. foam rubber),<br \/>\nthe fees will be charged based on volumetric weight.<br \/>\n<\/strong>The basis for calculation: W (cm) x L (cm) x H (cm) \/ 6,000 = volumetric weight (kg).<\/p>\n<h2 style=\"margin-top: 0!important;\" align=\"center\">For any other cargo products<br \/>\n<small>(e.g. bicycle, bike, furniture, pallet goods, pets \u2026)<\/small><br \/>\nplease ask for a special Price Quote.<\/h2>\n<p style=\"text-align: center;\" align=\"center\">* The fees listed herein shall be valid from February 2017, until revoked.<\/p>\n<\/div><\/section>\n<div  class='hr av-av_hr-dcd2069817a0e3d34ae04cad8f3443c7 hr-default  avia-builder-el-11  el_after_av_textblock  el_before_av_heading '><span class='hr-inner '><span class=\"hr-inner-style\"><\/span><\/span><\/div>\n\n<style type=\"text\/css\" data-created_by=\"avia_inline_auto\" id=\"style-css-av-av_heading-13d88b1185005dbbd2e515c3c62499e8\">\n#top .av-special-heading.av-av_heading-13d88b1185005dbbd2e515c3c62499e8{\npadding-bottom:10px;\n}\nbody .av-special-heading.av-av_heading-13d88b1185005dbbd2e515c3c62499e8 .av-special-heading-tag .heading-char{\nfont-size:25px;\n}\n.av-special-heading.av-av_heading-13d88b1185005dbbd2e515c3c62499e8 .av-subheading{\nfont-size:15px;\n}\n<\/style>\n<div  class='av-special-heading av-av_heading-13d88b1185005dbbd2e515c3c62499e8 av-special-heading-h3 blockquote modern-quote modern-centered  avia-builder-el-12  el_after_av_hr  el_before_av_codeblock '><h3 class='av-special-heading-tag'  itemprop=\"headline\"  >transportation to Germany<\/h3><div class=\"special-heading-border\"><div class=\"special-heading-inner-border\"><\/div><\/div><\/div>\n\n\n<style type=\"text\/css\" data-created_by=\"avia_inline_auto\" id=\"style-css-av-av_hr-c9ba6ccf0e28539cef079a4b419f7f68\">\n#top .hr.hr-invisible.av-av_hr-c9ba6ccf0e28539cef079a4b419f7f68{\nheight:25px;\n}\n<\/style>\n<div  class='hr av-av_hr-c9ba6ccf0e28539cef079a4b419f7f68 hr-invisible  avia-builder-el-14  el_after_av_codeblock  el_before_av_heading '><span class='hr-inner '><span class=\"hr-inner-style\"><\/span><\/span><\/div>\n\n<style type=\"text\/css\" data-created_by=\"avia_inline_auto\" id=\"style-css-av-av_heading-a447327a5b409963c5872894df33445b\">\n#top .av-special-heading.av-av_heading-a447327a5b409963c5872894df33445b{\npadding-bottom:10px;\n}\nbody .av-special-heading.av-av_heading-a447327a5b409963c5872894df33445b .av-special-heading-tag .heading-char{\nfont-size:25px;\n}\n.av-special-heading.av-av_heading-a447327a5b409963c5872894df33445b .av-subheading{\nfont-size:15px;\n}\n<\/style>\n<div  class='av-special-heading av-av_heading-a447327a5b409963c5872894df33445b av-special-heading-h3 blockquote modern-quote modern-centered  avia-builder-el-15  el_after_av_hr  el_before_av_codeblock '><h3 class='av-special-heading-tag'  itemprop=\"headline\"  >transportation to Netherland<\/h3><div class=\"special-heading-border\"><div class=\"special-heading-inner-border\"><\/div><\/div><\/div>\n\n\n<style type=\"text\/css\" data-created_by=\"avia_inline_auto\" id=\"style-css-av-av_hr-c9ba6ccf0e28539cef079a4b419f7f68\">\n#top .hr.hr-invisible.av-av_hr-c9ba6ccf0e28539cef079a4b419f7f68{\nheight:25px;\n}\n<\/style>\n<div  class='hr av-av_hr-c9ba6ccf0e28539cef079a4b419f7f68 hr-invisible  avia-builder-el-17  el_after_av_codeblock  el_before_av_textblock '><span class='hr-inner '><span class=\"hr-inner-style\"><\/span><\/span><\/div>\n<section  class='av_textblock_section av-av_textblock-0366cc7376be6c9e82a3e9cc8987b64f'  itemscope=\"itemscope\" itemtype=\"https:\/\/schema.org\/CreativeWork\" ><div class='avia_textblock'  itemprop=\"text\" ><p style=\"text-align: center;\"><strong>All prices listed above include 30 minutes of loading time.<\/strong><\/p>\n<p align=\"center\"><strong>For small weight cargo (e.g. foam rubber),<br \/>\nthe fees will be charged based on volumetric weight.<br \/>\n<\/strong>The basis for calculation: W (cm) x L (cm) x H (cm) \/ 6,000 = volumetric weight (kg).<\/p>\n<h2 style=\"margin-top: 0!important;\" align=\"center\">For any other cargo products<br \/>\n<small>(e.g. bicycle, bike, furniture, pallet goods, pets \u2026)<\/small><br \/>\nplease ask for a special Price Quote.<\/h2>\n<p style=\"text-align: center;\" align=\"center\">* The fees listed herein shall be valid from February 2017, until revoked.<\/p>\n<\/div><\/section>\n\n<style type=\"text\/css\" data-created_by=\"avia_inline_auto\" id=\"style-css-av-av_hr-c9ba6ccf0e28539cef079a4b419f7f68\">\n#top .hr.hr-invisible.av-av_hr-c9ba6ccf0e28539cef079a4b419f7f68{\nheight:25px;\n}\n<\/style>\n<div  class='hr av-av_hr-c9ba6ccf0e28539cef079a4b419f7f68 hr-invisible  avia-builder-el-19  el_after_av_textblock  el_before_av_textblock '><span class='hr-inner '><span class=\"hr-inner-style\"><\/span><\/span><\/div>\n<section  class='av_textblock_section av-av_textblock-0366cc7376be6c9e82a3e9cc8987b64f'  itemscope=\"itemscope\" itemtype=\"https:\/\/schema.org\/CreativeWork\" ><div class='avia_textblock'  itemprop=\"text\" ><h2 align=\"center\">Place your order for any international transportation service you require now&#8230;<\/h2>\n<\/div><\/section>\n\n<style type=\"text\/css\" data-created_by=\"avia_inline_auto\" id=\"style-css-av-av_one_half-b18ec1635791c30194c2fc90ea77ba9c\">\n.flex_column.av-av_one_half-b18ec1635791c30194c2fc90ea77ba9c{\n-webkit-border-radius:0px 0px 0px 0px;\n-moz-border-radius:0px 0px 0px 0px;\nborder-radius:0px 0px 0px 0px;\n}\n<\/style>\n<div class='flex_column av-av_one_half-b18ec1635791c30194c2fc90ea77ba9c av_one_half  avia-builder-el-21  el_after_av_textblock  el_before_av_one_half  first flex_column_div av-zero-column-padding column-top-margin'     ><div  class='avia-button-wrap av-av_button-ab7eb28da11b4faf85585bbab0cca55c-wrap avia-button-center  avia-builder-el-22  avia-builder-el-no-sibling ' >\n<style type=\"text\/css\" data-created_by=\"avia_inline_auto\" id=\"style-css-av-av_button-ab7eb28da11b4faf85585bbab0cca55c\">\n#top #wrap_all .avia-button.av-av_button-ab7eb28da11b4faf85585bbab0cca55c{\nbackground-color:#444444;\nborder-color:#444444;\ncolor:#ffffff;\n-webkit-transition:all 0.4s ease-in-out;\n-moz-transition:all 0.4s ease-in-out;\n-ms-transition:all 0.4s ease-in-out;\n-o-transition:all 0.4s ease-in-out;\ntransition:all 0.4s ease-in-out;\n}\n<\/style>\n<a href='https:\/\/nemzetkoziszallitas.eu\/en\/ask-for-price\/'  class='avia-button av-av_button-ab7eb28da11b4faf85585bbab0cca55c avia-icon_select-no avia-size-medium avia-position-center' ><span class='avia_iconbox_title' > Ask for price<\/span><\/a><\/div><\/div>\n\n<style type=\"text\/css\" data-created_by=\"avia_inline_auto\" id=\"style-css-av-av_one_half-0aa7055fe62c3622faec82866afbaeb2\">\n.flex_column.av-av_one_half-0aa7055fe62c3622faec82866afbaeb2{\n-webkit-border-radius:0px 0px 0px 0px;\n-moz-border-radius:0px 0px 0px 0px;\nborder-radius:0px 0px 0px 0px;\n}\n<\/style>\n<div class='flex_column av-av_one_half-0aa7055fe62c3622faec82866afbaeb2 av_one_half  avia-builder-el-23  el_after_av_one_half  avia-builder-el-last  flex_column_div av-zero-column-padding column-top-margin'     ><div  class='avia-button-wrap av-av_button-fed027283918deaef617748ec1f15ba1-wrap avia-button-center  avia-builder-el-24  avia-builder-el-no-sibling ' ><a href='https:\/\/nemzetkoziszallitas.eu\/en\/order-form\/'  class='avia-button av-av_button-fed027283918deaef617748ec1f15ba1 avia-icon_select-no avia-size-medium avia-position-center avia-color-theme-color' ><span class='avia_iconbox_title' >Order<\/span><\/a><\/div><\/div>\n","protected":false},"excerpt":{"rendered":"","protected":false},"author":7,"featured_media":0,"parent":0,"menu_order":0,"comment_status":"open","ping_status":"closed","template":"","meta":{"footnotes":"","_links_to":"","_links_to_target":""},"class_list":["post-2299","page","type-page","status-publish","hentry"],"yoast_head":"<!-- This site is optimized with the Yoast SEO plugin v25.7 - https:\/\/yoast.com\/wordpress\/plugins\/seo\/ -->\n<title>Nemzetk\u00f6zi sz\u00e1ll\u00edt\u00e1s \u00e1rak | Biztons\u00e1gos sz\u00e1ll\u00edt\u00e1s | Sebesty\u00e9n Transport<\/title>\n<meta name=\"description\" content=\"Tekintse meg nemzetk\u00f6zi sz\u00e1ll\u00edt\u00e1s \u00e1rainkat. Sz\u00e1ll\u00edt\u00e1s D\u00e1ni\u00e1ba, Sv\u00e9dorsz\u00e1gba, Hollandi\u00e1ba, N\u00e9metorsz\u00e1gba, valamint belf\u00f6ldi sz\u00e1ll\u00edt\u00e1s \u00e9s rakt\u00e1roz\u00e1s.\" \/>\n<meta name=\"robots\" content=\"index, follow, max-snippet:-1, max-image-preview:large, max-video-preview:-1\" \/>\n<link rel=\"canonical\" href=\"https:\/\/nemzetkoziszallitas.eu\/en\/prices-old\/\" \/>\n<meta property=\"og:locale\" content=\"en_US\" \/>\n<meta property=\"og:type\" content=\"article\" \/>\n<meta property=\"og:title\" content=\"Nemzetk\u00f6zi sz\u00e1ll\u00edt\u00e1s \u00e1rak | Biztons\u00e1gos sz\u00e1ll\u00edt\u00e1s | Sebesty\u00e9n Transport\" \/>\n<meta property=\"og:description\" content=\"Tekintse meg nemzetk\u00f6zi sz\u00e1ll\u00edt\u00e1s \u00e1rainkat. Sz\u00e1ll\u00edt\u00e1s D\u00e1ni\u00e1ba, Sv\u00e9dorsz\u00e1gba, Hollandi\u00e1ba, N\u00e9metorsz\u00e1gba, valamint belf\u00f6ldi sz\u00e1ll\u00edt\u00e1s \u00e9s rakt\u00e1roz\u00e1s.\" \/>\n<meta property=\"og:url\" content=\"https:\/\/nemzetkoziszallitas.eu\/en\/prices-old\/\" \/>\n<meta property=\"og:site_name\" content=\"Sebesty\u00e9n Transport\" \/>\n<meta property=\"article:modified_time\" content=\"2020-08-28T08:14:58+00:00\" \/>\n<meta name=\"twitter:label1\" content=\"Est. reading time\" \/>\n\t<meta name=\"twitter:data1\" content=\"5 minutes\" \/>\n<script type=\"application\/ld+json\" class=\"yoast-schema-graph\">{\"@context\":\"https:\/\/schema.org\",\"@graph\":[{\"@type\":\"WebPage\",\"@id\":\"https:\/\/nemzetkoziszallitas.eu\/en\/prices-old\/\",\"url\":\"https:\/\/nemzetkoziszallitas.eu\/en\/prices-old\/\",\"name\":\"Nemzetk\u00f6zi sz\u00e1ll\u00edt\u00e1s \u00e1rak | Biztons\u00e1gos sz\u00e1ll\u00edt\u00e1s | Sebesty\u00e9n Transport\",\"isPartOf\":{\"@id\":\"https:\/\/nemzetkoziszallitas.eu\/#website\"},\"datePublished\":\"2012-09-24T13:55:50+00:00\",\"dateModified\":\"2020-08-28T08:14:58+00:00\",\"description\":\"Tekintse meg nemzetk\u00f6zi sz\u00e1ll\u00edt\u00e1s \u00e1rainkat. Sz\u00e1ll\u00edt\u00e1s D\u00e1ni\u00e1ba, Sv\u00e9dorsz\u00e1gba, Hollandi\u00e1ba, N\u00e9metorsz\u00e1gba, valamint belf\u00f6ldi sz\u00e1ll\u00edt\u00e1s \u00e9s rakt\u00e1roz\u00e1s.\",\"breadcrumb\":{\"@id\":\"https:\/\/nemzetkoziszallitas.eu\/en\/prices-old\/#breadcrumb\"},\"inLanguage\":\"en-US\",\"potentialAction\":[{\"@type\":\"ReadAction\",\"target\":[\"https:\/\/nemzetkoziszallitas.eu\/en\/prices-old\/\"]}]},{\"@type\":\"BreadcrumbList\",\"@id\":\"https:\/\/nemzetkoziszallitas.eu\/en\/prices-old\/#breadcrumb\",\"itemListElement\":[{\"@type\":\"ListItem\",\"position\":1,\"name\":\"Kezd\u0151lap\",\"item\":\"https:\/\/nemzetkoziszallitas.eu\/en\/home\/\"},{\"@type\":\"ListItem\",\"position\":2,\"name\":\"Prices-old\"}]},{\"@type\":\"WebSite\",\"@id\":\"https:\/\/nemzetkoziszallitas.eu\/#website\",\"url\":\"https:\/\/nemzetkoziszallitas.eu\/\",\"name\":\"Sebesty\u00e9n Transport\",\"description\":\"fuvaroz\u00e1s, k\u00f6lt\u00f6zet\u00e9s\",\"potentialAction\":[{\"@type\":\"SearchAction\",\"target\":{\"@type\":\"EntryPoint\",\"urlTemplate\":\"https:\/\/nemzetkoziszallitas.eu\/?s={search_term_string}\"},\"query-input\":{\"@type\":\"PropertyValueSpecification\",\"valueRequired\":true,\"valueName\":\"search_term_string\"}}],\"inLanguage\":\"en-US\"}]}<\/script>\n<!-- \/ Yoast SEO plugin. -->","yoast_head_json":{"title":"Nemzetk\u00f6zi sz\u00e1ll\u00edt\u00e1s \u00e1rak | Biztons\u00e1gos sz\u00e1ll\u00edt\u00e1s | Sebesty\u00e9n Transport","description":"Tekintse meg nemzetk\u00f6zi sz\u00e1ll\u00edt\u00e1s \u00e1rainkat. Sz\u00e1ll\u00edt\u00e1s D\u00e1ni\u00e1ba, Sv\u00e9dorsz\u00e1gba, Hollandi\u00e1ba, N\u00e9metorsz\u00e1gba, valamint belf\u00f6ldi sz\u00e1ll\u00edt\u00e1s \u00e9s rakt\u00e1roz\u00e1s.","robots":{"index":"index","follow":"follow","max-snippet":"max-snippet:-1","max-image-preview":"max-image-preview:large","max-video-preview":"max-video-preview:-1"},"canonical":"https:\/\/nemzetkoziszallitas.eu\/en\/prices-old\/","og_locale":"en_US","og_type":"article","og_title":"Nemzetk\u00f6zi sz\u00e1ll\u00edt\u00e1s \u00e1rak | Biztons\u00e1gos sz\u00e1ll\u00edt\u00e1s | Sebesty\u00e9n Transport","og_description":"Tekintse meg nemzetk\u00f6zi sz\u00e1ll\u00edt\u00e1s \u00e1rainkat. Sz\u00e1ll\u00edt\u00e1s D\u00e1ni\u00e1ba, Sv\u00e9dorsz\u00e1gba, Hollandi\u00e1ba, N\u00e9metorsz\u00e1gba, valamint belf\u00f6ldi sz\u00e1ll\u00edt\u00e1s \u00e9s rakt\u00e1roz\u00e1s.","og_url":"https:\/\/nemzetkoziszallitas.eu\/en\/prices-old\/","og_site_name":"Sebesty\u00e9n Transport","article_modified_time":"2020-08-28T08:14:58+00:00","twitter_misc":{"Est. reading time":"5 minutes"},"schema":{"@context":"https:\/\/schema.org","@graph":[{"@type":"WebPage","@id":"https:\/\/nemzetkoziszallitas.eu\/en\/prices-old\/","url":"https:\/\/nemzetkoziszallitas.eu\/en\/prices-old\/","name":"Nemzetk\u00f6zi sz\u00e1ll\u00edt\u00e1s \u00e1rak | Biztons\u00e1gos sz\u00e1ll\u00edt\u00e1s | Sebesty\u00e9n Transport","isPartOf":{"@id":"https:\/\/nemzetkoziszallitas.eu\/#website"},"datePublished":"2012-09-24T13:55:50+00:00","dateModified":"2020-08-28T08:14:58+00:00","description":"Tekintse meg nemzetk\u00f6zi sz\u00e1ll\u00edt\u00e1s \u00e1rainkat. Sz\u00e1ll\u00edt\u00e1s D\u00e1ni\u00e1ba, Sv\u00e9dorsz\u00e1gba, Hollandi\u00e1ba, N\u00e9metorsz\u00e1gba, valamint belf\u00f6ldi sz\u00e1ll\u00edt\u00e1s \u00e9s rakt\u00e1roz\u00e1s.","breadcrumb":{"@id":"https:\/\/nemzetkoziszallitas.eu\/en\/prices-old\/#breadcrumb"},"inLanguage":"en-US","potentialAction":[{"@type":"ReadAction","target":["https:\/\/nemzetkoziszallitas.eu\/en\/prices-old\/"]}]},{"@type":"BreadcrumbList","@id":"https:\/\/nemzetkoziszallitas.eu\/en\/prices-old\/#breadcrumb","itemListElement":[{"@type":"ListItem","position":1,"name":"Kezd\u0151lap","item":"https:\/\/nemzetkoziszallitas.eu\/en\/home\/"},{"@type":"ListItem","position":2,"name":"Prices-old"}]},{"@type":"WebSite","@id":"https:\/\/nemzetkoziszallitas.eu\/#website","url":"https:\/\/nemzetkoziszallitas.eu\/","name":"Sebesty\u00e9n Transport","description":"fuvaroz\u00e1s, k\u00f6lt\u00f6zet\u00e9s","potentialAction":[{"@type":"SearchAction","target":{"@type":"EntryPoint","urlTemplate":"https:\/\/nemzetkoziszallitas.eu\/?s={search_term_string}"},"query-input":{"@type":"PropertyValueSpecification","valueRequired":true,"valueName":"search_term_string"}}],"inLanguage":"en-US"}]}},"_links":{"self":[{"href":"https:\/\/nemzetkoziszallitas.eu\/en\/wp-json\/wp\/v2\/pages\/2299","targetHints":{"allow":["GET"]}}],"collection":[{"href":"https:\/\/nemzetkoziszallitas.eu\/en\/wp-json\/wp\/v2\/pages"}],"about":[{"href":"https:\/\/nemzetkoziszallitas.eu\/en\/wp-json\/wp\/v2\/types\/page"}],"author":[{"embeddable":true,"href":"https:\/\/nemzetkoziszallitas.eu\/en\/wp-json\/wp\/v2\/users\/7"}],"replies":[{"embeddable":true,"href":"https:\/\/nemzetkoziszallitas.eu\/en\/wp-json\/wp\/v2\/comments?post=2299"}],"version-history":[{"count":24,"href":"https:\/\/nemzetkoziszallitas.eu\/en\/wp-json\/wp\/v2\/pages\/2299\/revisions"}],"predecessor-version":[{"id":4509,"href":"https:\/\/nemzetkoziszallitas.eu\/en\/wp-json\/wp\/v2\/pages\/2299\/revisions\/4509"}],"wp:attachment":[{"href":"https:\/\/nemzetkoziszallitas.eu\/en\/wp-json\/wp\/v2\/media?parent=2299"}],"curies":[{"name":"wp","href":"https:\/\/api.w.org\/{rel}","templated":true}]}}