{"id":2321,"date":"2012-09-25T17:42:11","date_gmt":"2012-09-25T15:42:11","guid":{"rendered":"http:\/\/www.nemzetkoziszallitas.eu\/nemzetkozi-szallitas\/"},"modified":"2020-08-28T11:47:18","modified_gmt":"2020-08-28T09:47:18","slug":"international-freight-services","status":"publish","type":"page","link":"https:\/\/nemzetkoziszallitas.eu\/en\/international-freight-services\/","title":{"rendered":"International freight services"},"content":{"rendered":"<section  class='av_textblock_section av-av_textblock-0366cc7376be6c9e82a3e9cc8987b64f'  itemscope=\"itemscope\" itemtype=\"https:\/\/schema.org\/CreativeWork\" ><div class='avia_textblock'  itemprop=\"text\" ><h1>International freight services<\/h1>\n<p><strong>International freight services<\/strong> between Denmark, Sweden, and Hungary. Our standard route goes through Germany, the Czech Republic, and Slovakia, therefore, we ship to these countries as well, via our regularly scheduled vehicles.<\/p>\n<p>Shipment is door-to-door on our regular routes. For any cities not listed on the route planner, please contact us.<\/p>\n<p>In addition, we offer commercial and private cargo shipments to all of Europe.<\/p>\n<p>We ship the following type of cargo: furniture, household appliances, various other cargo, commercial pallet goods, sports equipment, bicycles, bikes, entertainment products, small or large size parcels, etc.<\/p>\n<p>And finally, we offer relocation services from Hungary to abroad, and from abroad to Hungary.<\/p>\n<p><strong>Our new service: the WAREHOUSING of furniture and other stuff in Budapest&#8230;<\/strong><\/p>\n<p><strong><span style=\"color: #990000;\">We ship your parcel for you.<\/span><\/strong><\/p>\n<h2 style=\"color: #ff7800!important;\">Shipment planner:<\/h2>\n<ol>\n<li>Contact us (using the Order Form, e-mail, or phone)<\/li>\n<li>Place your order (please fill out the Order Form)<\/li>\n<li>Verification of the data (confirmation of your Purchase Order)<\/li>\n<li>Cargo collection (based on the Bill of Lading, or Order Form)<\/li>\n<li>Cargo delivery (based on the confirmed Purchase Order)<\/li>\n<li>Cargo handed over to the Addressee (based on the Bill of Lading, or the Order Form)<\/li>\n<li>Payment of the fee (for semi-truckload services we will ask for a 50% advance payment, which is due after the cargo data has been verified, but before departure).<\/li>\n<\/ol>\n<p>(For any type of cargo not listed in the above price list &#8211; please ask for our case-by-case Price Quote).<\/p>\n<h3>Cancelations of Orders:<\/h3>\n<p>If a Customer decides to cancel any Purchase Order already placed, within a period of less than 14 days prior to shipment, the Customer shall be obliged to pay 50% of the total applicable shipping fee.<\/p>\n<h3>International pallet shipments:<\/h3>\n<p style=\"color: #434343; font-family: Arial, Helvetica, sans-serif; font-size: 12px; line-height: 21.883333206176758px;\">If you need an international pallet shipment, please contact us via this \u00a0<a title=\"Contact Us\" href=\"https:\/\/nemzetkoziszallitas.eu\/nmztkzszllts17\/en\/contact\/\">link<\/a>, or give us a call, to get our best Price Quote, based on your individual requirements.<\/p>\n<h3>Warehousing:<\/h3>\n<p>The warehousing of furniture and other items in Budapest&#8230;<\/p>\n<\/div><\/section>\n<div  class='hr av-av_hr-dcd2069817a0e3d34ae04cad8f3443c7 hr-default  avia-builder-el-1  el_after_av_textblock  el_before_av_textblock '><span class='hr-inner '><span class=\"hr-inner-style\"><\/span><\/span><\/div>\n<section  class='av_textblock_section av-av_textblock-0366cc7376be6c9e82a3e9cc8987b64f'  itemscope=\"itemscope\" itemtype=\"https:\/\/schema.org\/CreativeWork\" ><div class='avia_textblock'  itemprop=\"text\" ><h2 align=\"center\">Place your order for any international transportation service you require now&#8230;<\/h2>\n<\/div><\/section>\n\n<style type=\"text\/css\" data-created_by=\"avia_inline_auto\" id=\"style-css-av-av_one_half-b18ec1635791c30194c2fc90ea77ba9c\">\n.flex_column.av-av_one_half-b18ec1635791c30194c2fc90ea77ba9c{\n-webkit-border-radius:0px 0px 0px 0px;\n-moz-border-radius:0px 0px 0px 0px;\nborder-radius:0px 0px 0px 0px;\n}\n<\/style>\n<div class='flex_column av-av_one_half-b18ec1635791c30194c2fc90ea77ba9c av_one_half  avia-builder-el-3  el_after_av_textblock  el_before_av_one_half  first flex_column_div av-zero-column-padding column-top-margin'     ><div  class='avia-button-wrap av-av_button-6efec3659ff6d93c79177403af20b8c3-wrap avia-button-center  avia-builder-el-4  avia-builder-el-no-sibling ' >\n<style type=\"text\/css\" data-created_by=\"avia_inline_auto\" id=\"style-css-av-av_button-6efec3659ff6d93c79177403af20b8c3\">\n#top #wrap_all .avia-button.av-av_button-6efec3659ff6d93c79177403af20b8c3{\nbackground-color:#444444;\nborder-color:#444444;\ncolor:#ffffff;\n-webkit-transition:all 0.4s ease-in-out;\n-moz-transition:all 0.4s ease-in-out;\n-ms-transition:all 0.4s ease-in-out;\n-o-transition:all 0.4s ease-in-out;\ntransition:all 0.4s ease-in-out;\n}\n<\/style>\n<a href='https:\/\/nemzetkoziszallitas.eu\/en\/prices\/'  class='avia-button av-av_button-6efec3659ff6d93c79177403af20b8c3 avia-icon_select-no avia-size-large avia-position-center' ><span class='avia_iconbox_title' >OUR PRICES<\/span><\/a><\/div><\/div>\n<style type=\"text\/css\" data-created_by=\"avia_inline_auto\" id=\"style-css-av-av_one_half-0aa7055fe62c3622faec82866afbaeb2\">\n.flex_column.av-av_one_half-0aa7055fe62c3622faec82866afbaeb2{\n-webkit-border-radius:0px 0px 0px 0px;\n-moz-border-radius:0px 0px 0px 0px;\nborder-radius:0px 0px 0px 0px;\n}\n<\/style>\n<div class='flex_column av-av_one_half-0aa7055fe62c3622faec82866afbaeb2 av_one_half  avia-builder-el-5  el_after_av_one_half  avia-builder-el-last  flex_column_div av-zero-column-padding column-top-margin'     ><div  class='avia-button-wrap av-av_button-1034b1c884d5a743de05e5a8be1eee42-wrap avia-button-center  avia-builder-el-6  avia-builder-el-no-sibling ' ><a href='https:\/\/nemzetkoziszallitas.eu\/en\/order-form\/'  class='avia-button av-av_button-1034b1c884d5a743de05e5a8be1eee42 avia-icon_select-no avia-size-large avia-position-center avia-color-theme-color' ><span class='avia_iconbox_title' >ORDER NOW<\/span><\/a><\/div><\/div><\/p>\n","protected":false},"excerpt":{"rendered":"","protected":false},"author":7,"featured_media":0,"parent":0,"menu_order":0,"comment_status":"open","ping_status":"closed","template":"","meta":{"footnotes":"","_links_to":"","_links_to_target":""},"class_list":["post-2321","page","type-page","status-publish","hentry"],"yoast_head":"<!-- This site is optimized with the Yoast SEO plugin v25.7 - https:\/\/yoast.com\/wordpress\/plugins\/seo\/ -->\n<title>Nemzetk\u00f6zi sz\u00e1ll\u00edt\u00e1s, biztons\u00e1gos csomagk\u00fcld\u00e9s | Sebesty\u00e9n Transport<\/title>\n<meta name=\"description\" content=\"Nemzetk\u00f6zi sz\u00e1ll\u00edt\u00e1s Eur\u00f3p\u00e1ban h\u00e1zt\u00f3l-h\u00e1zig. Gyors, megb\u00edzhat\u00f3 \u00e9s biztons\u00e1gos csomag k\u00e9zbes\u00edt\u00e9s. N\u00e9zze meg most hetente indul\u00f3 j\u00e1rataink id\u0151pontjait!\" \/>\n<meta name=\"robots\" content=\"index, follow, max-snippet:-1, max-image-preview:large, max-video-preview:-1\" \/>\n<link rel=\"canonical\" href=\"https:\/\/nemzetkoziszallitas.eu\/en\/international-freight-services\/\" \/>\n<meta property=\"og:locale\" content=\"en_US\" \/>\n<meta property=\"og:type\" content=\"article\" \/>\n<meta property=\"og:title\" content=\"Nemzetk\u00f6zi sz\u00e1ll\u00edt\u00e1s, biztons\u00e1gos csomagk\u00fcld\u00e9s | Sebesty\u00e9n Transport\" \/>\n<meta property=\"og:description\" content=\"Nemzetk\u00f6zi sz\u00e1ll\u00edt\u00e1s Eur\u00f3p\u00e1ban h\u00e1zt\u00f3l-h\u00e1zig. Gyors, megb\u00edzhat\u00f3 \u00e9s biztons\u00e1gos csomag k\u00e9zbes\u00edt\u00e9s. N\u00e9zze meg most hetente indul\u00f3 j\u00e1rataink id\u0151pontjait!\" \/>\n<meta property=\"og:url\" content=\"https:\/\/nemzetkoziszallitas.eu\/en\/international-freight-services\/\" \/>\n<meta property=\"og:site_name\" content=\"Sebesty\u00e9n Transport\" \/>\n<meta property=\"article:modified_time\" content=\"2020-08-28T09:47:18+00:00\" \/>\n<meta name=\"twitter:label1\" content=\"Est. reading time\" \/>\n\t<meta name=\"twitter:data1\" content=\"3 minutes\" \/>\n<script type=\"application\/ld+json\" class=\"yoast-schema-graph\">{\"@context\":\"https:\/\/schema.org\",\"@graph\":[{\"@type\":\"WebPage\",\"@id\":\"https:\/\/nemzetkoziszallitas.eu\/en\/international-freight-services\/\",\"url\":\"https:\/\/nemzetkoziszallitas.eu\/en\/international-freight-services\/\",\"name\":\"Nemzetk\u00f6zi sz\u00e1ll\u00edt\u00e1s, biztons\u00e1gos csomagk\u00fcld\u00e9s | Sebesty\u00e9n Transport\",\"isPartOf\":{\"@id\":\"https:\/\/nemzetkoziszallitas.eu\/#website\"},\"datePublished\":\"2012-09-25T15:42:11+00:00\",\"dateModified\":\"2020-08-28T09:47:18+00:00\",\"description\":\"Nemzetk\u00f6zi sz\u00e1ll\u00edt\u00e1s Eur\u00f3p\u00e1ban h\u00e1zt\u00f3l-h\u00e1zig. Gyors, megb\u00edzhat\u00f3 \u00e9s biztons\u00e1gos csomag k\u00e9zbes\u00edt\u00e9s. N\u00e9zze meg most hetente indul\u00f3 j\u00e1rataink id\u0151pontjait!\",\"breadcrumb\":{\"@id\":\"https:\/\/nemzetkoziszallitas.eu\/en\/international-freight-services\/#breadcrumb\"},\"inLanguage\":\"en-US\",\"potentialAction\":[{\"@type\":\"ReadAction\",\"target\":[\"https:\/\/nemzetkoziszallitas.eu\/en\/international-freight-services\/\"]}]},{\"@type\":\"BreadcrumbList\",\"@id\":\"https:\/\/nemzetkoziszallitas.eu\/en\/international-freight-services\/#breadcrumb\",\"itemListElement\":[{\"@type\":\"ListItem\",\"position\":1,\"name\":\"Kezd\u0151lap\",\"item\":\"https:\/\/nemzetkoziszallitas.eu\/en\/home\/\"},{\"@type\":\"ListItem\",\"position\":2,\"name\":\"International freight services\"}]},{\"@type\":\"WebSite\",\"@id\":\"https:\/\/nemzetkoziszallitas.eu\/#website\",\"url\":\"https:\/\/nemzetkoziszallitas.eu\/\",\"name\":\"Sebesty\u00e9n Transport\",\"description\":\"fuvaroz\u00e1s, k\u00f6lt\u00f6zet\u00e9s\",\"potentialAction\":[{\"@type\":\"SearchAction\",\"target\":{\"@type\":\"EntryPoint\",\"urlTemplate\":\"https:\/\/nemzetkoziszallitas.eu\/?s={search_term_string}\"},\"query-input\":{\"@type\":\"PropertyValueSpecification\",\"valueRequired\":true,\"valueName\":\"search_term_string\"}}],\"inLanguage\":\"en-US\"}]}<\/script>\n<!-- \/ Yoast SEO plugin. -->","yoast_head_json":{"title":"Nemzetk\u00f6zi sz\u00e1ll\u00edt\u00e1s, biztons\u00e1gos csomagk\u00fcld\u00e9s | Sebesty\u00e9n Transport","description":"Nemzetk\u00f6zi sz\u00e1ll\u00edt\u00e1s Eur\u00f3p\u00e1ban h\u00e1zt\u00f3l-h\u00e1zig. Gyors, megb\u00edzhat\u00f3 \u00e9s biztons\u00e1gos csomag k\u00e9zbes\u00edt\u00e9s. N\u00e9zze meg most hetente indul\u00f3 j\u00e1rataink id\u0151pontjait!","robots":{"index":"index","follow":"follow","max-snippet":"max-snippet:-1","max-image-preview":"max-image-preview:large","max-video-preview":"max-video-preview:-1"},"canonical":"https:\/\/nemzetkoziszallitas.eu\/en\/international-freight-services\/","og_locale":"en_US","og_type":"article","og_title":"Nemzetk\u00f6zi sz\u00e1ll\u00edt\u00e1s, biztons\u00e1gos csomagk\u00fcld\u00e9s | Sebesty\u00e9n Transport","og_description":"Nemzetk\u00f6zi sz\u00e1ll\u00edt\u00e1s Eur\u00f3p\u00e1ban h\u00e1zt\u00f3l-h\u00e1zig. Gyors, megb\u00edzhat\u00f3 \u00e9s biztons\u00e1gos csomag k\u00e9zbes\u00edt\u00e9s. N\u00e9zze meg most hetente indul\u00f3 j\u00e1rataink id\u0151pontjait!","og_url":"https:\/\/nemzetkoziszallitas.eu\/en\/international-freight-services\/","og_site_name":"Sebesty\u00e9n Transport","article_modified_time":"2020-08-28T09:47:18+00:00","twitter_misc":{"Est. reading time":"3 minutes"},"schema":{"@context":"https:\/\/schema.org","@graph":[{"@type":"WebPage","@id":"https:\/\/nemzetkoziszallitas.eu\/en\/international-freight-services\/","url":"https:\/\/nemzetkoziszallitas.eu\/en\/international-freight-services\/","name":"Nemzetk\u00f6zi sz\u00e1ll\u00edt\u00e1s, biztons\u00e1gos csomagk\u00fcld\u00e9s | Sebesty\u00e9n Transport","isPartOf":{"@id":"https:\/\/nemzetkoziszallitas.eu\/#website"},"datePublished":"2012-09-25T15:42:11+00:00","dateModified":"2020-08-28T09:47:18+00:00","description":"Nemzetk\u00f6zi sz\u00e1ll\u00edt\u00e1s Eur\u00f3p\u00e1ban h\u00e1zt\u00f3l-h\u00e1zig. Gyors, megb\u00edzhat\u00f3 \u00e9s biztons\u00e1gos csomag k\u00e9zbes\u00edt\u00e9s. N\u00e9zze meg most hetente indul\u00f3 j\u00e1rataink id\u0151pontjait!","breadcrumb":{"@id":"https:\/\/nemzetkoziszallitas.eu\/en\/international-freight-services\/#breadcrumb"},"inLanguage":"en-US","potentialAction":[{"@type":"ReadAction","target":["https:\/\/nemzetkoziszallitas.eu\/en\/international-freight-services\/"]}]},{"@type":"BreadcrumbList","@id":"https:\/\/nemzetkoziszallitas.eu\/en\/international-freight-services\/#breadcrumb","itemListElement":[{"@type":"ListItem","position":1,"name":"Kezd\u0151lap","item":"https:\/\/nemzetkoziszallitas.eu\/en\/home\/"},{"@type":"ListItem","position":2,"name":"International freight services"}]},{"@type":"WebSite","@id":"https:\/\/nemzetkoziszallitas.eu\/#website","url":"https:\/\/nemzetkoziszallitas.eu\/","name":"Sebesty\u00e9n Transport","description":"fuvaroz\u00e1s, k\u00f6lt\u00f6zet\u00e9s","potentialAction":[{"@type":"SearchAction","target":{"@type":"EntryPoint","urlTemplate":"https:\/\/nemzetkoziszallitas.eu\/?s={search_term_string}"},"query-input":{"@type":"PropertyValueSpecification","valueRequired":true,"valueName":"search_term_string"}}],"inLanguage":"en-US"}]}},"_links":{"self":[{"href":"https:\/\/nemzetkoziszallitas.eu\/en\/wp-json\/wp\/v2\/pages\/2321","targetHints":{"allow":["GET"]}}],"collection":[{"href":"https:\/\/nemzetkoziszallitas.eu\/en\/wp-json\/wp\/v2\/pages"}],"about":[{"href":"https:\/\/nemzetkoziszallitas.eu\/en\/wp-json\/wp\/v2\/types\/page"}],"author":[{"embeddable":true,"href":"https:\/\/nemzetkoziszallitas.eu\/en\/wp-json\/wp\/v2\/users\/7"}],"replies":[{"embeddable":true,"href":"https:\/\/nemzetkoziszallitas.eu\/en\/wp-json\/wp\/v2\/comments?post=2321"}],"version-history":[{"count":10,"href":"https:\/\/nemzetkoziszallitas.eu\/en\/wp-json\/wp\/v2\/pages\/2321\/revisions"}],"predecessor-version":[{"id":4524,"href":"https:\/\/nemzetkoziszallitas.eu\/en\/wp-json\/wp\/v2\/pages\/2321\/revisions\/4524"}],"wp:attachment":[{"href":"https:\/\/nemzetkoziszallitas.eu\/en\/wp-json\/wp\/v2\/media?parent=2321"}],"curies":[{"name":"wp","href":"https:\/\/api.w.org\/{rel}","templated":true}]}}