{"id":2365,"date":"2017-02-12T17:41:15","date_gmt":"2017-02-12T16:41:15","guid":{"rendered":"http:\/\/www.nemzetkoziszallitas.eu\/szallitas-hollandiaba-nemetorszagba\/"},"modified":"2018-01-24T15:41:00","modified_gmt":"2018-01-24T14:41:00","slug":"transportation-germany-netherlands","status":"publish","type":"page","link":"https:\/\/nemzetkoziszallitas.eu\/en\/transportation-germany-netherlands\/","title":{"rendered":"Transportation to Germany and Netherlands"},"content":{"rendered":"<section  class='av_textblock_section av-av_textblock-0366cc7376be6c9e82a3e9cc8987b64f'  itemscope=\"itemscope\" itemtype=\"https:\/\/schema.org\/CreativeWork\" ><div class='avia_textblock'  itemprop=\"text\" ><h1>Transportation, shipment, and relocation services to Germany, and to the Netherlands<\/h1>\n<p>Do you wish to send a package to Germany, or to the Netherlands, or back home, from these countries? Or are you relocating to these countries? We will help to get your stuff into these countries fast and intact.<\/p>\n<p>We do regular shipments between Germany, the Netherlands, and Hungary. Your parcel will be safe with us, we are reliable, and your parcel will be delivered promptly and intact.<\/p>\n<p>The list of cities we most frequently go to within Germany: Munich, Frankfurt, K\u00f6ln, D\u00fcsseldorf, Berlin*, and Hamburg*<\/p>\n<p>The list of cities we most frequently go to within the Netherlands: Utrecht, Amsterdam, and Rotterdam.<\/p>\n<p>However, we are able to arrange for a trip to any other place, in the direct vicinity of these cities, should the need arise.<\/p>\n<p>We ship the following type of cargos: furniture, parcels, bicycles, bikes, pets, and even pallet goods to Germany, and to the Netherlands. Many Hungarians now live and work in these countries. For those living abroad, it is of critical importance to be able to keep regular contact with their family members and friends left behind. The way we can facilitate this is by providing safe transportation services at affordable prices.<\/p>\n<p><strong>*To *Berlin and Hamburg:<\/strong> <em>we ship via our Denmark route, please see our <a href=\"https:\/\/nemzetkoziszallitas.eu\/nmztkzszllts17\/en\/transportation-to-denmark\/\">shipments to Denmark<\/a><\/em><\/p>\n<p><strong>Our new services: the WAREHOUSING of furniture and other items in Budapest&#8230;<\/strong><\/p>\n<\/div><\/section>\n\n<style type=\"text\/css\" data-created_by=\"avia_inline_auto\" id=\"style-css-av-av_hr-e57e17a1d9f2a8b6d8b1200cbec34adc\">\n#top .hr.av-av_hr-e57e17a1d9f2a8b6d8b1200cbec34adc{\nmargin-top:0px;\nmargin-bottom:20px;\n}\n.hr.av-av_hr-e57e17a1d9f2a8b6d8b1200cbec34adc .hr-inner{\nwidth:100%;\n}\n<\/style>\n<div  class='hr av-av_hr-e57e17a1d9f2a8b6d8b1200cbec34adc hr-custom  avia-builder-el-1  el_after_av_textblock  el_before_av_heading  hr-center hr-icon-no'><span class='hr-inner inner-border-av-border-thin'><span class=\"hr-inner-style\"><\/span><\/span><\/div>\n\n<style type=\"text\/css\" data-created_by=\"avia_inline_auto\" id=\"style-css-av-av_heading-74831c470f0eb839ffebf554097b904d\">\n#top .av-special-heading.av-av_heading-74831c470f0eb839ffebf554097b904d{\npadding-bottom:40px;\n}\nbody .av-special-heading.av-av_heading-74831c470f0eb839ffebf554097b904d .av-special-heading-tag .heading-char{\nfont-size:25px;\n}\n.av-special-heading.av-av_heading-74831c470f0eb839ffebf554097b904d .av-subheading{\nfont-size:15px;\n}\n<\/style>\n<div  class='av-special-heading av-av_heading-74831c470f0eb839ffebf554097b904d av-special-heading-h2 blockquote modern-quote modern-centered  avia-builder-el-2  el_after_av_hr  el_before_av_one_third '><h2 class='av-special-heading-tag'  itemprop=\"headline\"  ><a id=\"utvonal-nyugat-nemetorszag-en\"><\/a>Our fixed route to Western-Germany,<br \/>\nand to the Netherlands<\/h2><div class=\"special-heading-border\"><div class=\"special-heading-inner-border\"><\/div><\/div><\/div>\n\n<style type=\"text\/css\" data-created_by=\"avia_inline_auto\" id=\"style-css-av-av_one_third-67c1acb0579a8d4ef554daa8040b2e1d\">\n.flex_column.av-av_one_third-67c1acb0579a8d4ef554daa8040b2e1d{\n-webkit-border-radius:0px 0px 0px 0px;\n-moz-border-radius:0px 0px 0px 0px;\nborder-radius:0px 0px 0px 0px;\n}\n<\/style>\n<div class='flex_column av-av_one_third-67c1acb0579a8d4ef554daa8040b2e1d av_one_third  avia-builder-el-3  el_after_av_heading  el_before_av_two_third  first no_margin flex_column_div av-zero-column-padding '     ><section  class='av_textblock_section av-av_textblock-0366cc7376be6c9e82a3e9cc8987b64f'  itemscope=\"itemscope\" itemtype=\"https:\/\/schema.org\/CreativeWork\" ><div class='avia_textblock'  itemprop=\"text\" ><div style=\"text-align: center; width: 100%; margin-bottom: 25px;\">\n<h3>Budapest<\/h3>\n<h3>Gy\u0151r<\/h3>\n<h3>Vienna<\/h3>\n<h3>Munich<\/h3>\n<h3>Regensburg<\/h3>\n<h3>N\u00fcrnberg<\/h3>\n<h3>W\u00fcrzburg<\/h3>\n<h3>Frankfurt<\/h3>\n<h3>Cologne<\/h3>\n<h3>D\u00fcsseldorf<\/h3>\n<h3>Dortmund<\/h3>\n<h3>Eindhoven<\/h3>\n<h3>Moerdijk<\/h3>\n<h3>Rotterdam<\/h3>\n<h3>Amsterdam<\/h3>\n<h3>Utrecht<\/h3>\n<div><\/div>\n<hr style=\"clear: none; margin: 20px 0;\" \/>\n<p><strong>On a case-by-case basis, we are able to ship to other cities, not listed on the map.<\/strong><\/p>\n<\/div>\n<\/div><\/section><\/div>\n\n<style type=\"text\/css\" data-created_by=\"avia_inline_auto\" id=\"style-css-av-av_two_third-0aa7055fe62c3622faec82866afbaeb2\">\n.flex_column.av-av_two_third-0aa7055fe62c3622faec82866afbaeb2{\n-webkit-border-radius:0px 0px 0px 0px;\n-moz-border-radius:0px 0px 0px 0px;\nborder-radius:0px 0px 0px 0px;\n}\n<\/style>\n<div class='flex_column av-av_two_third-0aa7055fe62c3622faec82866afbaeb2 av_two_third  avia-builder-el-5  el_after_av_one_third  el_before_av_hr  no_margin flex_column_div av-zero-column-padding '     ><\/div>\n<div  class='hr av-av_hr-dcd2069817a0e3d34ae04cad8f3443c7 hr-default  avia-builder-el-7  el_after_av_two_third  el_before_av_heading '><span class='hr-inner '><span class=\"hr-inner-style\"><\/span><\/span><\/div>\n\n<style type=\"text\/css\" data-created_by=\"avia_inline_auto\" id=\"style-css-av-av_heading-a226259a9c260034b30591a992996359\">\n#top .av-special-heading.av-av_heading-a226259a9c260034b30591a992996359{\npadding-bottom:40px;\n}\nbody .av-special-heading.av-av_heading-a226259a9c260034b30591a992996359 .av-special-heading-tag .heading-char{\nfont-size:25px;\n}\n.av-special-heading.av-av_heading-a226259a9c260034b30591a992996359 .av-subheading{\nfont-size:15px;\n}\n<\/style>\n<div  class='av-special-heading av-av_heading-a226259a9c260034b30591a992996359 av-special-heading-h2 blockquote modern-quote modern-centered  avia-builder-el-8  el_after_av_hr  el_before_av_one_third '><h2 class='av-special-heading-tag'  itemprop=\"headline\"  ><a id=\"utvonal-eszak-nemetorszag\"><\/a>Our fixed route to Northern-Germany<\/h2><div class=\"special-heading-border\"><div class=\"special-heading-inner-border\"><\/div><\/div><\/div>\n\n<style type=\"text\/css\" data-created_by=\"avia_inline_auto\" id=\"style-css-av-av_one_third-67c1acb0579a8d4ef554daa8040b2e1d\">\n.flex_column.av-av_one_third-67c1acb0579a8d4ef554daa8040b2e1d{\n-webkit-border-radius:0px 0px 0px 0px;\n-moz-border-radius:0px 0px 0px 0px;\nborder-radius:0px 0px 0px 0px;\n}\n<\/style>\n<div class='flex_column av-av_one_third-67c1acb0579a8d4ef554daa8040b2e1d av_one_third  avia-builder-el-9  el_after_av_heading  el_before_av_two_third  first no_margin flex_column_div av-zero-column-padding '     ><section  class='av_textblock_section av-av_textblock-0366cc7376be6c9e82a3e9cc8987b64f'  itemscope=\"itemscope\" itemtype=\"https:\/\/schema.org\/CreativeWork\" ><div class='avia_textblock'  itemprop=\"text\" ><div style=\"text-align: center; width: 100%; margin-bottom: 25px;\">\n<h3>Budapest<\/h3>\n<h3>Gy\u0151r<\/h3>\n<h3>Vienna<\/h3>\n<h3>Bratislava<\/h3>\n<h3>Prague<\/h3>\n<h3>Dresden<\/h3>\n<h3>Berlin<\/h3>\n<h3>Hamburg<\/h3>\n<div><\/div>\n<hr style=\"clear: none; margin: 20px 0;\" \/>\n<p><strong>On a case-by-case basis, we are able to ship to other cities, not listed on the map.<\/strong><\/p>\n<\/div>\n<\/div><\/section><\/div>\n\n<style type=\"text\/css\" data-created_by=\"avia_inline_auto\" id=\"style-css-av-av_two_third-0aa7055fe62c3622faec82866afbaeb2\">\n.flex_column.av-av_two_third-0aa7055fe62c3622faec82866afbaeb2{\n-webkit-border-radius:0px 0px 0px 0px;\n-moz-border-radius:0px 0px 0px 0px;\nborder-radius:0px 0px 0px 0px;\n}\n<\/style>\n<div class='flex_column av-av_two_third-0aa7055fe62c3622faec82866afbaeb2 av_two_third  avia-builder-el-11  el_after_av_one_third  el_before_av_hr  no_margin flex_column_div av-zero-column-padding '     ><\/div>\n\n<style type=\"text\/css\" data-created_by=\"avia_inline_auto\" id=\"style-css-av-av_hr-5ea7596238ed9f191e6b5e662093052f\">\n#top .hr.hr-invisible.av-av_hr-5ea7596238ed9f191e6b5e662093052f{\nheight:30px;\n}\n<\/style>\n<div  class='hr av-av_hr-5ea7596238ed9f191e6b5e662093052f hr-invisible  avia-builder-el-13  el_after_av_two_third  el_before_av_heading '><span class='hr-inner '><span class=\"hr-inner-style\"><\/span><\/span><\/div>\n\n<style type=\"text\/css\" data-created_by=\"avia_inline_auto\" id=\"style-css-av-av_heading-08fe315b29bb35d13c223295aaedfe60\">\n#top .av-special-heading.av-av_heading-08fe315b29bb35d13c223295aaedfe60{\npadding-bottom:30px;\n}\nbody .av-special-heading.av-av_heading-08fe315b29bb35d13c223295aaedfe60 .av-special-heading-tag .heading-char{\nfont-size:25px;\n}\n.av-special-heading.av-av_heading-08fe315b29bb35d13c223295aaedfe60 .av-subheading{\nfont-size:15px;\n}\n<\/style>\n<div  class='av-special-heading av-av_heading-08fe315b29bb35d13c223295aaedfe60 av-special-heading-h2 blockquote modern-quote modern-centered  avia-builder-el-14  el_after_av_hr  el_before_av_codeblock '><h2 class='av-special-heading-tag'  itemprop=\"headline\"  >Average prices for parcels to be sent to Germany, and to the Netherlands<\/h2><div class='av-subheading av-subheading_below'><p style=\"text-align: center;\">For any alternate address (detour), a surcharge applies.<br \/>\nTo see the list of applicable surcharges, please <span class=\"popmake-2505 felar-link\">click here<\/span>.<\/p>\n<\/div><div class=\"special-heading-border\"><div class=\"special-heading-inner-border\"><\/div><\/div><\/div>\n\n<section  class='av_textblock_section av-av_textblock-0366cc7376be6c9e82a3e9cc8987b64f'  itemscope=\"itemscope\" itemtype=\"https:\/\/schema.org\/CreativeWork\" ><div class='avia_textblock'  itemprop=\"text\" >\n<style type=\"text\/css\" data-created_by=\"avia_inline_auto\" id=\"style-css-av-av_hr-2be4711f9fe583b6e4f10c8183dd9b5d\">\n#top .hr.hr-invisible.av-av_hr-2be4711f9fe583b6e4f10c8183dd9b5d{\nmargin-top:0px;\nheight:1px;\n}\n<\/style>\n<div  class='hr av-av_hr-2be4711f9fe583b6e4f10c8183dd9b5d hr-invisible  avia-builder-el-17  avia-builder-el-no-sibling '><span class='hr-inner '><span class=\"hr-inner-style\"><\/span><\/span><\/div>\n<p>We are happy to make a detour in both Germany and the Netherlands, for a potential surcharge, which can be calculated on a case-by-case basis.<\/p>\n<\/div><\/section>\n<div  class='hr av-av_hr-dcd2069817a0e3d34ae04cad8f3443c7 hr-default  avia-builder-el-18  el_after_av_textblock  el_before_av_textblock '><span class='hr-inner '><span class=\"hr-inner-style\"><\/span><\/span><\/div>\n<section  class='av_textblock_section av-av_textblock-0366cc7376be6c9e82a3e9cc8987b64f'  itemscope=\"itemscope\" itemtype=\"https:\/\/schema.org\/CreativeWork\" ><div class='avia_textblock'  itemprop=\"text\" ><p style=\"text-align: center;\"><strong>All prices listed above include 30 minutes loading time.<\/strong><\/p>\n<p align=\"center\"><strong>For small weight cargo (e.g. foam rubber),<br \/>\nthe fees will be charged based on volumetric weight.<br \/>\n<\/strong>The basis for calculation: W (cm) x L (cm) x H (cm) \/ 6,000 = volumetric weight (kg).<\/p>\n<h2 style=\"margin-top: 0!important;\" align=\"center\">For any other cargo products<br \/>\n<small>(e.g. bicycle, bike, furniture, pallet goods, pets \u2026)<\/small><br \/>\nplease ask for a special Price Quote.<\/h2>\n<p style=\"text-align: center;\" align=\"center\">* The fees listed herein shall be valid from February 2017, until revoked.<\/p>\n<\/div><\/section>\n<div  class='hr av-av_hr-dcd2069817a0e3d34ae04cad8f3443c7 hr-default  avia-builder-el-20  el_after_av_textblock  el_before_av_textblock '><span class='hr-inner '><span class=\"hr-inner-style\"><\/span><\/span><\/div>\n<section  class='av_textblock_section av-av_textblock-0366cc7376be6c9e82a3e9cc8987b64f'  itemscope=\"itemscope\" itemtype=\"https:\/\/schema.org\/CreativeWork\" ><div class='avia_textblock'  itemprop=\"text\" ><h3>Shipment planner:<\/h3>\n<ol>\n<li>Place your order (using the <a title=\"online Order Form\" href=\"https:\/\/nemzetkoziszallitas.eu\/nmztkzszllts17\/en\/order-form\/\">online Order Form<\/a>)<\/li>\n<li>Confirm the details (about how the parcel will be handed over to us, etc.)<\/li>\n<li>We collect the parcel (based on the Bill of Lading, or the Order Form)<\/li>\n<li>Please pay our fees (as agreed, or the Addressee can pay the fee upon delivery, if required)<\/li>\n<li>Delivery and handover of the parcel to the Addressee.<\/li>\n<\/ol>\n<\/div><\/section>\n<div  class='hr av-av_hr-dcd2069817a0e3d34ae04cad8f3443c7 hr-default  avia-builder-el-22  el_after_av_textblock  el_before_av_textblock '><span class='hr-inner '><span class=\"hr-inner-style\"><\/span><\/span><\/div>\n<section  class='av_textblock_section av-av_textblock-0366cc7376be6c9e82a3e9cc8987b64f'  itemscope=\"itemscope\" itemtype=\"https:\/\/schema.org\/CreativeWork\" ><div class='avia_textblock'  itemprop=\"text\" ><h2 align=\"center\">Whether you wish to arrange for a shipment to Germany, or to Netherlands &#8211; you can order it NOW&#8230;<\/h2>\n<\/div><\/section>\n\n<style type=\"text\/css\" data-created_by=\"avia_inline_auto\" id=\"style-css-av-av_one_half-6126cab7d8fab8d08143dd2dacdf673c\">\n.flex_column.av-av_one_half-6126cab7d8fab8d08143dd2dacdf673c{\n-webkit-border-radius:0px 0px 0px 0px;\n-moz-border-radius:0px 0px 0px 0px;\nborder-radius:0px 0px 0px 0px;\n}\n<\/style>\n<div class='flex_column av-av_one_half-6126cab7d8fab8d08143dd2dacdf673c av_one_half first flex_column_div av-zero-column-padding '     ><div  class='avia-button-wrap av-av_button-2099dfc63cf7572681c6e434193fb2c0-wrap avia-button-center ' ><a href='https:\/\/nemzetkoziszallitas.eu\/en\/ask-for-price\/'  class='avia-button av-av_button-2099dfc63cf7572681c6e434193fb2c0 avia-icon_select-no avia-size-medium avia-position-center avia-color-theme-color' ><span class='avia_iconbox_title' >Ask for price<\/span><\/a><\/div><\/div>\n\n<style type=\"text\/css\" data-created_by=\"avia_inline_auto\" id=\"style-css-av-av_one_half-0aa7055fe62c3622faec82866afbaeb2\">\n.flex_column.av-av_one_half-0aa7055fe62c3622faec82866afbaeb2{\n-webkit-border-radius:0px 0px 0px 0px;\n-moz-border-radius:0px 0px 0px 0px;\nborder-radius:0px 0px 0px 0px;\n}\n<\/style>\n<div class='flex_column av-av_one_half-0aa7055fe62c3622faec82866afbaeb2 av_one_half flex_column_div av-zero-column-padding '     ><div  class='avia-button-wrap av-av_button-fed027283918deaef617748ec1f15ba1-wrap avia-button-center ' ><a href='https:\/\/nemzetkoziszallitas.eu\/en\/order-form\/'  class='avia-button av-av_button-fed027283918deaef617748ec1f15ba1 avia-icon_select-no avia-size-medium avia-position-center avia-color-theme-color' ><span class='avia_iconbox_title' >Order<\/span><\/a><\/div><\/div>\n","protected":false},"excerpt":{"rendered":"","protected":false},"author":7,"featured_media":0,"parent":0,"menu_order":0,"comment_status":"open","ping_status":"closed","template":"","meta":{"footnotes":"","_links_to":"","_links_to_target":""},"class_list":["post-2365","page","type-page","status-publish","hentry"],"yoast_head":"<!-- This site is optimized with the Yoast SEO plugin v25.7 - https:\/\/yoast.com\/wordpress\/plugins\/seo\/ -->\n<title>Sz\u00e1ll\u00edt\u00e1s Hollandi\u00e1ba \u00e9s N\u00e9metorsz\u00e1gba | Sebesty\u00e9n Transport<\/title>\n<meta name=\"description\" content=\"Sz\u00e1ll\u00edt\u00e1s Hollandi\u00e1ba \u00e9s N\u00e9metorsz\u00e1gba Magyarorsz\u00e1gr\u00f3l oda \u00e9s vissza, h\u00e1zt\u00f3l-h\u00e1zig. N\u00e9zze meg \u00fatvonalainkat \u00e9s hetente indul\u00f3 rendk\u00edv\u00fcli j\u00e1rataink menetrendj\u00e9t.\" \/>\n<meta name=\"robots\" content=\"index, follow, max-snippet:-1, max-image-preview:large, max-video-preview:-1\" \/>\n<link rel=\"canonical\" href=\"https:\/\/nemzetkoziszallitas.eu\/en\/transportation-germany-netherlands\/\" \/>\n<meta property=\"og:locale\" content=\"en_US\" \/>\n<meta property=\"og:type\" content=\"article\" \/>\n<meta property=\"og:title\" content=\"Sz\u00e1ll\u00edt\u00e1s Hollandi\u00e1ba \u00e9s N\u00e9metorsz\u00e1gba | Sebesty\u00e9n Transport\" \/>\n<meta property=\"og:description\" content=\"Sz\u00e1ll\u00edt\u00e1s Hollandi\u00e1ba \u00e9s N\u00e9metorsz\u00e1gba Magyarorsz\u00e1gr\u00f3l oda \u00e9s vissza, h\u00e1zt\u00f3l-h\u00e1zig. N\u00e9zze meg \u00fatvonalainkat \u00e9s hetente indul\u00f3 rendk\u00edv\u00fcli j\u00e1rataink menetrendj\u00e9t.\" \/>\n<meta property=\"og:url\" content=\"https:\/\/nemzetkoziszallitas.eu\/en\/transportation-germany-netherlands\/\" \/>\n<meta property=\"og:site_name\" content=\"Sebesty\u00e9n Transport\" \/>\n<meta property=\"article:modified_time\" content=\"2018-01-24T14:41:00+00:00\" \/>\n<meta name=\"twitter:label1\" content=\"Est. reading time\" \/>\n\t<meta name=\"twitter:data1\" content=\"7 minutes\" \/>\n<script type=\"application\/ld+json\" class=\"yoast-schema-graph\">{\"@context\":\"https:\/\/schema.org\",\"@graph\":[{\"@type\":\"WebPage\",\"@id\":\"https:\/\/nemzetkoziszallitas.eu\/en\/transportation-germany-netherlands\/\",\"url\":\"https:\/\/nemzetkoziszallitas.eu\/en\/transportation-germany-netherlands\/\",\"name\":\"Sz\u00e1ll\u00edt\u00e1s Hollandi\u00e1ba \u00e9s N\u00e9metorsz\u00e1gba | Sebesty\u00e9n Transport\",\"isPartOf\":{\"@id\":\"https:\/\/nemzetkoziszallitas.eu\/#website\"},\"datePublished\":\"2017-02-12T16:41:15+00:00\",\"dateModified\":\"2018-01-24T14:41:00+00:00\",\"description\":\"Sz\u00e1ll\u00edt\u00e1s Hollandi\u00e1ba \u00e9s N\u00e9metorsz\u00e1gba Magyarorsz\u00e1gr\u00f3l oda \u00e9s vissza, h\u00e1zt\u00f3l-h\u00e1zig. N\u00e9zze meg \u00fatvonalainkat \u00e9s hetente indul\u00f3 rendk\u00edv\u00fcli j\u00e1rataink menetrendj\u00e9t.\",\"breadcrumb\":{\"@id\":\"https:\/\/nemzetkoziszallitas.eu\/en\/transportation-germany-netherlands\/#breadcrumb\"},\"inLanguage\":\"en-US\",\"potentialAction\":[{\"@type\":\"ReadAction\",\"target\":[\"https:\/\/nemzetkoziszallitas.eu\/en\/transportation-germany-netherlands\/\"]}]},{\"@type\":\"BreadcrumbList\",\"@id\":\"https:\/\/nemzetkoziszallitas.eu\/en\/transportation-germany-netherlands\/#breadcrumb\",\"itemListElement\":[{\"@type\":\"ListItem\",\"position\":1,\"name\":\"Kezd\u0151lap\",\"item\":\"https:\/\/nemzetkoziszallitas.eu\/en\/home\/\"},{\"@type\":\"ListItem\",\"position\":2,\"name\":\"Transportation to Germany and Netherlands\"}]},{\"@type\":\"WebSite\",\"@id\":\"https:\/\/nemzetkoziszallitas.eu\/#website\",\"url\":\"https:\/\/nemzetkoziszallitas.eu\/\",\"name\":\"Sebesty\u00e9n Transport\",\"description\":\"fuvaroz\u00e1s, k\u00f6lt\u00f6zet\u00e9s\",\"potentialAction\":[{\"@type\":\"SearchAction\",\"target\":{\"@type\":\"EntryPoint\",\"urlTemplate\":\"https:\/\/nemzetkoziszallitas.eu\/?s={search_term_string}\"},\"query-input\":{\"@type\":\"PropertyValueSpecification\",\"valueRequired\":true,\"valueName\":\"search_term_string\"}}],\"inLanguage\":\"en-US\"}]}<\/script>\n<!-- \/ Yoast SEO plugin. -->","yoast_head_json":{"title":"Sz\u00e1ll\u00edt\u00e1s Hollandi\u00e1ba \u00e9s N\u00e9metorsz\u00e1gba | Sebesty\u00e9n Transport","description":"Sz\u00e1ll\u00edt\u00e1s Hollandi\u00e1ba \u00e9s N\u00e9metorsz\u00e1gba Magyarorsz\u00e1gr\u00f3l oda \u00e9s vissza, h\u00e1zt\u00f3l-h\u00e1zig. N\u00e9zze meg \u00fatvonalainkat \u00e9s hetente indul\u00f3 rendk\u00edv\u00fcli j\u00e1rataink menetrendj\u00e9t.","robots":{"index":"index","follow":"follow","max-snippet":"max-snippet:-1","max-image-preview":"max-image-preview:large","max-video-preview":"max-video-preview:-1"},"canonical":"https:\/\/nemzetkoziszallitas.eu\/en\/transportation-germany-netherlands\/","og_locale":"en_US","og_type":"article","og_title":"Sz\u00e1ll\u00edt\u00e1s Hollandi\u00e1ba \u00e9s N\u00e9metorsz\u00e1gba | Sebesty\u00e9n Transport","og_description":"Sz\u00e1ll\u00edt\u00e1s Hollandi\u00e1ba \u00e9s N\u00e9metorsz\u00e1gba Magyarorsz\u00e1gr\u00f3l oda \u00e9s vissza, h\u00e1zt\u00f3l-h\u00e1zig. N\u00e9zze meg \u00fatvonalainkat \u00e9s hetente indul\u00f3 rendk\u00edv\u00fcli j\u00e1rataink menetrendj\u00e9t.","og_url":"https:\/\/nemzetkoziszallitas.eu\/en\/transportation-germany-netherlands\/","og_site_name":"Sebesty\u00e9n Transport","article_modified_time":"2018-01-24T14:41:00+00:00","twitter_misc":{"Est. reading time":"7 minutes"},"schema":{"@context":"https:\/\/schema.org","@graph":[{"@type":"WebPage","@id":"https:\/\/nemzetkoziszallitas.eu\/en\/transportation-germany-netherlands\/","url":"https:\/\/nemzetkoziszallitas.eu\/en\/transportation-germany-netherlands\/","name":"Sz\u00e1ll\u00edt\u00e1s Hollandi\u00e1ba \u00e9s N\u00e9metorsz\u00e1gba | Sebesty\u00e9n Transport","isPartOf":{"@id":"https:\/\/nemzetkoziszallitas.eu\/#website"},"datePublished":"2017-02-12T16:41:15+00:00","dateModified":"2018-01-24T14:41:00+00:00","description":"Sz\u00e1ll\u00edt\u00e1s Hollandi\u00e1ba \u00e9s N\u00e9metorsz\u00e1gba Magyarorsz\u00e1gr\u00f3l oda \u00e9s vissza, h\u00e1zt\u00f3l-h\u00e1zig. N\u00e9zze meg \u00fatvonalainkat \u00e9s hetente indul\u00f3 rendk\u00edv\u00fcli j\u00e1rataink menetrendj\u00e9t.","breadcrumb":{"@id":"https:\/\/nemzetkoziszallitas.eu\/en\/transportation-germany-netherlands\/#breadcrumb"},"inLanguage":"en-US","potentialAction":[{"@type":"ReadAction","target":["https:\/\/nemzetkoziszallitas.eu\/en\/transportation-germany-netherlands\/"]}]},{"@type":"BreadcrumbList","@id":"https:\/\/nemzetkoziszallitas.eu\/en\/transportation-germany-netherlands\/#breadcrumb","itemListElement":[{"@type":"ListItem","position":1,"name":"Kezd\u0151lap","item":"https:\/\/nemzetkoziszallitas.eu\/en\/home\/"},{"@type":"ListItem","position":2,"name":"Transportation to Germany and Netherlands"}]},{"@type":"WebSite","@id":"https:\/\/nemzetkoziszallitas.eu\/#website","url":"https:\/\/nemzetkoziszallitas.eu\/","name":"Sebesty\u00e9n Transport","description":"fuvaroz\u00e1s, k\u00f6lt\u00f6zet\u00e9s","potentialAction":[{"@type":"SearchAction","target":{"@type":"EntryPoint","urlTemplate":"https:\/\/nemzetkoziszallitas.eu\/?s={search_term_string}"},"query-input":{"@type":"PropertyValueSpecification","valueRequired":true,"valueName":"search_term_string"}}],"inLanguage":"en-US"}]}},"_links":{"self":[{"href":"https:\/\/nemzetkoziszallitas.eu\/en\/wp-json\/wp\/v2\/pages\/2365","targetHints":{"allow":["GET"]}}],"collection":[{"href":"https:\/\/nemzetkoziszallitas.eu\/en\/wp-json\/wp\/v2\/pages"}],"about":[{"href":"https:\/\/nemzetkoziszallitas.eu\/en\/wp-json\/wp\/v2\/types\/page"}],"author":[{"embeddable":true,"href":"https:\/\/nemzetkoziszallitas.eu\/en\/wp-json\/wp\/v2\/users\/7"}],"replies":[{"embeddable":true,"href":"https:\/\/nemzetkoziszallitas.eu\/en\/wp-json\/wp\/v2\/comments?post=2365"}],"version-history":[{"count":16,"href":"https:\/\/nemzetkoziszallitas.eu\/en\/wp-json\/wp\/v2\/pages\/2365\/revisions"}],"predecessor-version":[{"id":2830,"href":"https:\/\/nemzetkoziszallitas.eu\/en\/wp-json\/wp\/v2\/pages\/2365\/revisions\/2830"}],"wp:attachment":[{"href":"https:\/\/nemzetkoziszallitas.eu\/en\/wp-json\/wp\/v2\/media?parent=2365"}],"curies":[{"name":"wp","href":"https:\/\/api.w.org\/{rel}","templated":true}]}}