{"id":2393,"date":"2012-09-24T15:49:36","date_gmt":"2012-09-24T13:49:36","guid":{"rendered":"http:\/\/www.nemzetkoziszallitas.eu\/kapcsolat\/"},"modified":"2024-06-25T15:07:40","modified_gmt":"2024-06-25T13:07:40","slug":"contact","status":"publish","type":"page","link":"https:\/\/nemzetkoziszallitas.eu\/en\/contact\/","title":{"rendered":"Contact"},"content":{"rendered":"<div id='av_section_1'  class='avia-section av-17yzd21-e8959585dfd6b7c19133075e45c794a6 main_color avia-section-default avia-no-border-styling  avia-builder-el-0  el_before_av_section  avia-builder-el-first  avia-bg-style-scroll container_wrap sidebar_right'  ><div class='container av-section-cont-open' ><main  role=\"main\" itemprop=\"mainContentOfPage\"  class='template-page content  av-content-small alpha units'><div class='post-entry post-entry-type-page post-entry-2393'><div class='entry-content-wrapper clearfix'>\n<section  class='av_textblock_section av-16w7efd-8e4d27df8c2fdfde465095c95142c1e2'  itemscope=\"itemscope\" itemtype=\"https:\/\/schema.org\/CreativeWork\" ><div class='avia_textblock'  itemprop=\"text\" ><h1 style=\"text-align: center;\">Contact us, or request a Price Quote<\/h1>\n<\/div><\/section>\n\n<style type=\"text\/css\" data-created_by=\"avia_inline_auto\" id=\"style-css-av-14kfpm1-4770b90bfac13bcfd571af3e8b6ec8e0\">\n.flex_column.av-14kfpm1-4770b90bfac13bcfd571af3e8b6ec8e0{\n-webkit-border-radius:0px 0px 0px 0px;\n-moz-border-radius:0px 0px 0px 0px;\nborder-radius:0px 0px 0px 0px;\n}\n<\/style>\n<div class='flex_column av-14kfpm1-4770b90bfac13bcfd571af3e8b6ec8e0 av_one_half  avia-builder-el-2  el_after_av_textblock  el_before_av_one_half  first flex_column_div av-zero-column-padding column-top-margin'     ><section  class='avia-team-member av-134azvt-d238248bd5077245dc62a2a72bab5a0f  avia-builder-el-3  avia-builder-el-no-sibling  munkatars'  itemscope=\"itemscope\" itemtype=\"https:\/\/schema.org\/Person\" ><div class=\"team-img-container\"><img decoding=\"async\" class='wp-image-4046 avia-img-lazy-loading-not-4046 avia_image avia_image_team' src=\"https:\/\/nemzetkoziszallitas.eu\/nmztkzszllts17\/wp-content\/uploads\/sebestyen-sandor-ugyvezeto.png\" alt='S\u00e1ndor Sebesty\u00e9n'  itemprop=\"image\"   height=\"300\" width=\"267\" \/><\/div><h3 class='team-member-name '  itemprop=\"name\" >S\u00e1ndor Sebesty\u00e9n<\/h3><div class='team-member-job-title '  itemprop=\"jobTitle\" >Managing Director<\/div><span class='hidden team-member-affiliation'  itemprop=\"affiliation\" >Sebesty\u00e9n Transport<\/span><\/section><\/div>\n<style type=\"text\/css\" data-created_by=\"avia_inline_auto\" id=\"style-css-av-11h983t-0e3f48fd41a49ff22daeb164adcea715\">\n.flex_column.av-11h983t-0e3f48fd41a49ff22daeb164adcea715{\n-webkit-border-radius:0px 0px 0px 0px;\n-moz-border-radius:0px 0px 0px 0px;\nborder-radius:0px 0px 0px 0px;\n}\n<\/style>\n<div class='flex_column av-11h983t-0e3f48fd41a49ff22daeb164adcea715 av_one_half  avia-builder-el-4  el_after_av_one_half  el_before_av_one_half  flex_column_div av-zero-column-padding column-top-margin'     ><section  class='avia-team-member av-107dcih-ad2fda0bd8d6a20da9b203d5a140a1c8  avia-builder-el-5  avia-builder-el-no-sibling  munkatars'  itemscope=\"itemscope\" itemtype=\"https:\/\/schema.org\/Person\" ><div class=\"team-img-container\"><img decoding=\"async\" class='wp-image-4051 avia-img-lazy-loading-not-4051 avia_image avia_image_team' src=\"https:\/\/nemzetkoziszallitas.eu\/nmztkzszllts17\/wp-content\/uploads\/sebestyen-balazs.png\" alt='Bal\u00e1zs Sebesty\u00e9n'  itemprop=\"image\"   height=\"300\" width=\"267\" \/><\/div><h3 class='team-member-name '  itemprop=\"name\" >Bal\u00e1zs Sebesty\u00e9n<\/h3><div class='team-member-job-title '  itemprop=\"jobTitle\" >Deputy Managing Director, Sales, Denmark-Sweden - Eastern Germany. Other EU countries<\/div><div class='team-member-description '  itemprop=\"description\" ><p>+36 70 602-5262<br \/>\n(Mon - Fri \u2013 8:00 - 18:00)<\/p>\n<\/div><span class='hidden team-member-affiliation'  itemprop=\"affiliation\" >Sebesty\u00e9n Transport<\/span><\/section><\/div>\n<style type=\"text\/css\" data-created_by=\"avia_inline_auto\" id=\"style-css-av-x9446h-bc1ec886d2c3789dfee857f929708009\">\n.flex_column.av-x9446h-bc1ec886d2c3789dfee857f929708009{\n-webkit-border-radius:0px 0px 0px 0px;\n-moz-border-radius:0px 0px 0px 0px;\nborder-radius:0px 0px 0px 0px;\n}\n<\/style>\n<div class='flex_column av-x9446h-bc1ec886d2c3789dfee857f929708009 av_one_half  avia-builder-el-6  el_after_av_one_half  el_before_av_one_half  first flex_column_div av-zero-column-padding column-top-margin'     ><section  class='avia-team-member av-36sfa1-048008f989b4615863488b3000d95722  avia-builder-el-7  avia-builder-el-no-sibling  munkatars'  itemscope=\"itemscope\" itemtype=\"https:\/\/schema.org\/Person\" ><div class=\"team-img-container\"><img decoding=\"async\" class='wp-image-4053 avia-img-lazy-loading-not-4053 avia_image avia_image_team' src=\"https:\/\/nemzetkoziszallitas.eu\/nmztkzszllts17\/wp-content\/uploads\/bango-judit.png\" alt='Judit Bang\u00f3'  itemprop=\"image\"   height=\"300\" width=\"267\" \/><\/div><h3 class='team-member-name '  itemprop=\"name\" >Judit Bang\u00f3<\/h3><div class='team-member-job-title '  itemprop=\"jobTitle\" >Financial assistant<\/div><span class='hidden team-member-affiliation'  itemprop=\"affiliation\" >Sebesty\u00e9n Transport<\/span><\/section><\/div>\n<style type=\"text\/css\" data-created_by=\"avia_inline_auto\" id=\"style-css-av-uuz4dl-a7d6c64c6454a4bd6c581e380d3bdb26\">\n.flex_column.av-uuz4dl-a7d6c64c6454a4bd6c581e380d3bdb26{\n-webkit-border-radius:0px 0px 0px 0px;\n-moz-border-radius:0px 0px 0px 0px;\nborder-radius:0px 0px 0px 0px;\n}\n<\/style>\n<div class='flex_column av-uuz4dl-a7d6c64c6454a4bd6c581e380d3bdb26 av_one_half  avia-builder-el-8  el_after_av_one_half  el_before_av_one_full  flex_column_div av-zero-column-padding column-top-margin'     ><section  class='avia-team-member av-szi2e1-f2820160eb6416387661ec6d3c6ad87b  avia-builder-el-9  avia-builder-el-no-sibling  munkatars'  itemscope=\"itemscope\" itemtype=\"https:\/\/schema.org\/Person\" ><div class=\"team-img-container\"><img decoding=\"async\" class='wp-image-4055 avia-img-lazy-loading-not-4055 avia_image avia_image_team' src=\"https:\/\/nemzetkoziszallitas.eu\/nmztkzszllts17\/wp-content\/uploads\/sebestyen-akos.png\" alt='\u00c1kos Sebesty\u00e9n'  itemprop=\"image\"   height=\"300\" width=\"267\" \/><\/div><h3 class='team-member-name '  itemprop=\"name\" >\u00c1kos Sebesty\u00e9n<\/h3><div class='team-member-job-title '  itemprop=\"jobTitle\" >Deputy Managing Director, Sales, Netherlands- Belgium- West Germany. Other EU countries.<\/div><div class='team-member-description '  itemprop=\"description\" ><p>+36 30 970-3327<br \/>\n(Mon - Fri \u2013 8:00 - 18:00)<\/p>\n<\/div><span class='hidden team-member-affiliation'  itemprop=\"affiliation\" >Sebesty\u00e9n Transport<\/span><\/section><\/div>\n<style type=\"text\/css\" data-created_by=\"avia_inline_auto\" id=\"style-css-av-2cu3u1-e08e5beb36ffd65fd3731226d0257918\">\n.flex_column.av-2cu3u1-e08e5beb36ffd65fd3731226d0257918{\n-webkit-border-radius:0px 0px 0px 0px;\n-moz-border-radius:0px 0px 0px 0px;\nborder-radius:0px 0px 0px 0px;\n}\n<\/style>\n<div class='flex_column av-2cu3u1-e08e5beb36ffd65fd3731226d0257918 av_one_full  avia-builder-el-10  el_after_av_one_half  avia-builder-el-last  first flex_column_div av-zero-column-padding column-top-margin'     ><section  class='av_textblock_section av-mal0g9-8072cb21b8718960a1f6f025e7808f90'  itemscope=\"itemscope\" itemtype=\"https:\/\/schema.org\/CreativeWork\" ><div class='avia_textblock'  itemprop=\"text\" ><p style=\"text-align: center;\"><em><strong>(Please leave a message by e-mail outside working hours.)<\/strong><\/em><\/p>\n<\/div><\/section><\/div><\/div><\/div><\/main><!-- close content main element --><\/div><\/div><div id='av_section_2'  class='avia-section av-kg7lxl-032cc606466fc882b86939d28356ef92 main_color avia-section-default avia-no-shadow  avia-builder-el-12  el_after_av_section  el_before_av_section  avia-bg-style-scroll container_wrap sidebar_right'  ><div class='container av-section-cont-open' ><div class='template-page content  av-content-small alpha units'><div class='post-entry post-entry-type-page post-entry-2393'><div class='entry-content-wrapper clearfix'>\n\n<style type=\"text\/css\" data-created_by=\"avia_inline_auto\" id=\"style-css-av-iti9op-e3942da432e8a9aadb7678c81301ac34\">\n.flex_column.av-iti9op-e3942da432e8a9aadb7678c81301ac34{\n-webkit-border-radius:0px 0px 0px 0px;\n-moz-border-radius:0px 0px 0px 0px;\nborder-radius:0px 0px 0px 0px;\n}\n<\/style>\n<div class='flex_column av-iti9op-e3942da432e8a9aadb7678c81301ac34 av_one_half  avia-builder-el-13  el_before_av_one_half  avia-builder-el-first  first flex_column_div av-zero-column-padding '     ><section  class='av_textblock_section av-hekmvt-1fe684a5eebd68f4b30993d6571723b3'  itemscope=\"itemscope\" itemtype=\"https:\/\/schema.org\/CreativeWork\" ><div class='avia_textblock'  itemprop=\"text\" ><h3 style=\"color: #c2171d!important; margin-top: 8px;\">Sebesty\u00e9n Intertransport Kft.<\/h3>\n<p><strong>Tax ID No:<\/strong>\u00a026506355-2-42<br \/>\n<strong>EU tax ID No:\u00a0<\/strong>HU-26506355<br \/>\n<strong>Company registry number:<\/strong>\u00a001-09-329215 (The Budapest Metropolitan Court, as Court of Registration)<\/p>\n<p><strong>E-mail:<\/strong> <a href=\"mailto:sebitrans@sebitrans.hu\">sebitrans@sebitrans.hu<\/a>; <a href=\"mailto:arajanlat@sebitrans.hu\">arajanlat@sebitrans.hu<br \/>\n<\/a><strong>GPS:<\/strong> 47.535328, 19.143310<br \/>\n<strong>Our mailing office address is:<\/strong> Sebesty\u00e9n Intertransport Kft. 1158 Budapest, H\u0171t\u0151 utca 1.<\/p>\n<p><strong>BANKING DATA:<\/strong><\/p>\n<p><strong>HUF account number:<\/strong><br \/>\nK&amp;H 1040 1804 5052 6854 8781 1004<\/p>\n<p>From abroad:<br \/>\nHU63 1040 1804 5052 6854 8781 1004<br \/>\nSWIFT\/BIC: OKHB HUHB<\/p>\n<p><strong>EUR account number:<\/strong><br \/>\n1040 1804 5052 6854 8781 1011<\/p>\n<p>From abroad:<br \/>\nHU68 1040 1804 5052 6854 8781 1011<br \/>\nSWIFT\/BIC OKHB HUHB<\/p>\n<h3 style=\"margin-top: 12px; color: #c2171d!important;\"><\/h3>\n<\/div><\/section><\/div>\n<style type=\"text\/css\" data-created_by=\"avia_inline_auto\" id=\"style-css-av-fh04uh-2c54e3e6f6d0bbeedd4de260fe3ae9ec\">\n.flex_column.av-fh04uh-2c54e3e6f6d0bbeedd4de260fe3ae9ec{\n-webkit-border-radius:0px 0px 0px 0px;\n-moz-border-radius:0px 0px 0px 0px;\nborder-radius:0px 0px 0px 0px;\n}\n<\/style>\n<div class='flex_column av-fh04uh-2c54e3e6f6d0bbeedd4de260fe3ae9ec av_one_half  avia-builder-el-15  el_after_av_one_half  avia-builder-el-last  flex_column_div av-zero-column-padding '     ><p>\n<style type=\"text\/css\" data-created_by=\"avia_inline_auto\" id=\"style-css-av-1fr1qx-54f438e29a5e5466f508bf12f05ee643\">\n#top .av-special-heading.av-1fr1qx-54f438e29a5e5466f508bf12f05ee643{\npadding-bottom:10px;\n}\nbody .av-special-heading.av-1fr1qx-54f438e29a5e5466f508bf12f05ee643 .av-special-heading-tag .heading-char{\nfont-size:25px;\n}\n.av-special-heading.av-1fr1qx-54f438e29a5e5466f508bf12f05ee643 .av-subheading{\nfont-size:15px;\n}\n<\/style>\n<div  class='av-special-heading av-1fr1qx-54f438e29a5e5466f508bf12f05ee643 av-special-heading-h2 blockquote modern-quote  avia-builder-el-16  el_before_av_textblock  avia-builder-el-first '><h2 class='av-special-heading-tag'  itemprop=\"headline\"  >How can you find us?<\/h2><div class=\"special-heading-border\"><div class=\"special-heading-inner-border\"><\/div><\/div><\/div><br \/>\n<section  class='av_textblock_section av-cm0kmh-fdfffa08ffa599b210e4b28ce248c7b7'  itemscope=\"itemscope\" itemtype=\"https:\/\/schema.org\/CreativeWork\" ><div class='avia_textblock'  itemprop=\"text\" ><p><iframe loading=\"lazy\" style=\"border: 0;\" src=\"https:\/\/www.google.com\/maps\/embed?pb=!1m18!1m12!1m3!1d1904.7464601923434!2d19.139434912837974!3d47.53434756334372!2m3!1f0!2f0!3f0!3m2!1i1024!2i768!4f13.1!3m3!1m2!1s0x4741db232cdef1a5%3A0x9c631be6f62941a7!2sSebesty%C3%A9n+Bt.!5e0!3m2!1shu!2shu!4v1502113394952\" width=\"100%\" height=\"505\" frameborder=\"0\" allowfullscreen=\"allowfullscreen\"><\/iframe><\/p>\n<p><strong>GPS:<\/strong> 47.535328, 19.143310<\/p>\n<\/div><\/section><\/p><\/div>\n<\/p>\n<\/div><\/div><\/div><!-- close content main div --><\/div><\/div><div id='av_section_3'  class='avia-section av-avxhnt-19f20b27865db74316fbba448785bab6 main_color avia-section-default avia-no-shadow  avia-builder-el-18  el_after_av_section  avia-builder-el-last  avia-bg-style-scroll container_wrap sidebar_right'  ><div class='container av-section-cont-open' ><div class='template-page content  av-content-small alpha units'><div class='post-entry post-entry-type-page post-entry-2393'><div class='entry-content-wrapper clearfix'>\n\n<style type=\"text\/css\" data-created_by=\"avia_inline_auto\" id=\"style-css-av-9syvu1-79db16844dac6f3a21ff2dfa48636a07\">\n#top .av-special-heading.av-9syvu1-79db16844dac6f3a21ff2dfa48636a07{\npadding-bottom:10px;\n}\nbody .av-special-heading.av-9syvu1-79db16844dac6f3a21ff2dfa48636a07 .av-special-heading-tag .heading-char{\nfont-size:25px;\n}\n.av-special-heading.av-9syvu1-79db16844dac6f3a21ff2dfa48636a07 .av-subheading{\nfont-size:15px;\n}\n<\/style>\n<div  class='av-special-heading av-9syvu1-79db16844dac6f3a21ff2dfa48636a07 av-special-heading-h2 blockquote modern-quote  avia-builder-el-19  el_before_av_one_half  avia-builder-el-first '><h2 class='av-special-heading-tag'  itemprop=\"headline\"  >Write Us!<\/h2><div class=\"special-heading-border\"><div class=\"special-heading-inner-border\"><\/div><\/div><\/div>\n\n<style type=\"text\/css\" data-created_by=\"avia_inline_auto\" id=\"style-css-av-7yowrt-800523fedeb42c0ab5e3856b45432b03\">\n.flex_column.av-7yowrt-800523fedeb42c0ab5e3856b45432b03{\n-webkit-border-radius:0px 0px 0px 0px;\n-moz-border-radius:0px 0px 0px 0px;\nborder-radius:0px 0px 0px 0px;\n}\n<\/style>\n<div class='flex_column av-7yowrt-800523fedeb42c0ab5e3856b45432b03 av_one_half  avia-builder-el-20  el_after_av_heading  el_before_av_one_half  first flex_column_div av-zero-column-padding '     ><section  class='av_textblock_section av-mtlgp-8104a7783e07b986b374480cb4665d49'  itemscope=\"itemscope\" itemtype=\"https:\/\/schema.org\/CreativeWork\" ><div class='avia_textblock'  itemprop=\"text\" >\n<div class=\"wpcf7 no-js\" id=\"wpcf7-f2527-o1\" lang=\"en-US\" dir=\"ltr\" data-wpcf7-id=\"2527\">\n<div class=\"screen-reader-response\"><p role=\"status\" aria-live=\"polite\" aria-atomic=\"true\"><\/p> <ul><\/ul><\/div>\n<form action=\"\/en\/wp-json\/wp\/v2\/pages\/2393#wpcf7-f2527-o1\" method=\"post\" class=\"wpcf7-form init\" aria-label=\"Contact form\" novalidate=\"novalidate\" data-status=\"init\">\n<fieldset class=\"hidden-fields-container\"><input type=\"hidden\" name=\"_wpcf7\" value=\"2527\" \/><input type=\"hidden\" name=\"_wpcf7_version\" value=\"6.1.1\" \/><input type=\"hidden\" name=\"_wpcf7_locale\" value=\"en_US\" \/><input type=\"hidden\" name=\"_wpcf7_unit_tag\" value=\"wpcf7-f2527-o1\" \/><input type=\"hidden\" name=\"_wpcf7_container_post\" value=\"0\" \/><input type=\"hidden\" name=\"_wpcf7_posted_data_hash\" value=\"\" \/><input type=\"hidden\" name=\"_wpcf7cf_hidden_group_fields\" value=\"[]\" \/><input type=\"hidden\" name=\"_wpcf7cf_hidden_groups\" value=\"[]\" \/><input type=\"hidden\" name=\"_wpcf7cf_visible_groups\" value=\"[]\" \/><input type=\"hidden\" name=\"_wpcf7cf_repeaters\" value=\"[]\" \/><input type=\"hidden\" name=\"_wpcf7cf_steps\" value=\"{}\" \/><input type=\"hidden\" name=\"_wpcf7cf_options\" value=\"{&quot;form_id&quot;:2527,&quot;conditions&quot;:[],&quot;settings&quot;:{&quot;animation&quot;:&quot;yes&quot;,&quot;animation_intime&quot;:200,&quot;animation_outtime&quot;:200,&quot;conditions_ui&quot;:&quot;normal&quot;,&quot;notice_dismissed&quot;:false,&quot;notice_dismissed_update-cf7-5.8.6&quot;:true,&quot;notice_dismissed_rollback-cf7-5.9.5&quot;:true}}\" \/><input type=\"hidden\" name=\"_wpcf7_recaptcha_response\" value=\"\" \/>\n<\/fieldset>\n<p><span class=\"wpcf7-form-control-wrap\" data-name=\"your-name\"><input size=\"40\" maxlength=\"400\" class=\"wpcf7-form-control wpcf7-text wpcf7-validates-as-required\" aria-required=\"true\" aria-invalid=\"false\" placeholder=\"Name\" value=\"\" type=\"text\" name=\"your-name\" \/><\/span>\n<\/p>\n<p><span class=\"wpcf7-form-control-wrap\" data-name=\"your-email\"><input size=\"40\" maxlength=\"400\" class=\"wpcf7-form-control wpcf7-email wpcf7-validates-as-required wpcf7-text wpcf7-validates-as-email\" aria-required=\"true\" aria-invalid=\"false\" placeholder=\"E-mail\" value=\"\" type=\"email\" name=\"your-email\" \/><\/span>\n<\/p>\n<p><span class=\"wpcf7-form-control-wrap\" data-name=\"your-subject\"><input size=\"40\" maxlength=\"400\" class=\"wpcf7-form-control wpcf7-text\" aria-invalid=\"false\" placeholder=\"Subject\" value=\"\" type=\"text\" name=\"your-subject\" \/><\/span>\n<\/p>\n<p><span class=\"wpcf7-form-control-wrap\" data-name=\"your-message\"><textarea cols=\"40\" rows=\"10\" maxlength=\"2000\" class=\"wpcf7-form-control wpcf7-textarea szovegdoboz\" aria-invalid=\"false\" placeholder=\"Message\" name=\"your-message\"><\/textarea><\/span>\n<\/p>\n\n<p>I have read and agree to the<br \/>\n<a href=\"https:\/\/www.nemzetkoziszallitas.eu\/nmztkzszllts17\/wp-content\/uploads\/adatvedelmi-tajekoztato.pdf\" target=\"_blank\" rel=\"noopener\">Privacy Policy<\/a>. <span class=\"wpcf7-form-control-wrap\" data-name=\"adatkezeles-elfogadas\"><span class=\"wpcf7-form-control wpcf7-acceptance\"><span class=\"wpcf7-list-item\"><input type=\"checkbox\" name=\"adatkezeles-elfogadas\" value=\"1\" aria-invalid=\"false\" \/><\/span><\/span><\/span>\n<\/p>\n<p><input class=\"wpcf7-form-control wpcf7-submit has-spinner\" type=\"submit\" value=\"Send\" \/>\n<\/p><input type='hidden' class='wpcf7-pum' value='{\"closepopup\":false,\"closedelay\":0,\"openpopup\":false,\"openpopup_id\":0}' \/><div class=\"wpcf7-response-output\" aria-hidden=\"true\"><\/div>\n<\/form>\n<\/div>\n\n<\/div><\/section><\/div>\n<style type=\"text\/css\" data-created_by=\"avia_inline_auto\" id=\"style-css-av-474q1l-ac6d2ae699543ae43317532ebced9c81\">\n.flex_column.av-474q1l-ac6d2ae699543ae43317532ebced9c81{\n-webkit-border-radius:0px 0px 0px 0px;\n-moz-border-radius:0px 0px 0px 0px;\nborder-radius:0px 0px 0px 0px;\n}\n<\/style>\n<div class='flex_column av-474q1l-ac6d2ae699543ae43317532ebced9c81 av_one_half  avia-builder-el-22  el_after_av_one_half  avia-builder-el-last  flex_column_div av-zero-column-padding '     ><section  class='av_textblock_section av-776jt-cf1b85c3e7a802c43599e30634c58ade'  itemscope=\"itemscope\" itemtype=\"https:\/\/schema.org\/CreativeWork\" ><div class='avia_textblock'  itemprop=\"text\" ><ul>\n<li>Should you have any queries, or if you wish to send us a message, please complete the data form on the left hand side.<\/li>\n<li>If you wish to place a Purchase Order for our services, please fill out our <a title=\"Order Form\" href=\"https:\/\/nemzetkoziszallitas.eu\/en\/order-form\/\">Order Form<\/a>.<\/li>\n<li>Please enter your name and e-mail address, to send your message.<\/li>\n<li>Type your message, or questions here.<\/li>\n<li>When you finished typing, please click on \u201cSend\u201d.<\/li>\n<li>We\u2019ll be in contact with you shortly.<\/li>\n<\/ul>\n<\/div><\/section><\/div>\n<\/div><\/div><\/div><!-- close content main div --><\/div><\/div><div id='after_section_3'  class='main_color av_default_container_wrap container_wrap sidebar_right'  ><div class='container av-section-cont-open' ><div class='template-page content  av-content-small alpha units'><div class='post-entry post-entry-type-page post-entry-2393'><div class='entry-content-wrapper clearfix'>\n","protected":false},"excerpt":{"rendered":"","protected":false},"author":7,"featured_media":0,"parent":0,"menu_order":0,"comment_status":"closed","ping_status":"closed","template":"","meta":{"footnotes":"","_links_to":"","_links_to_target":""},"class_list":["post-2393","page","type-page","status-publish","hentry"],"yoast_head":"<!-- This site is optimized with the Yoast SEO plugin v25.7 - https:\/\/yoast.com\/wordpress\/plugins\/seo\/ -->\n<title>Kapcsolat | Nemzetk\u00f6zi sz\u00e1ll\u00edt\u00e1s \u00e1raj\u00e1nlatkr\u00e9r\u00e9s | Sebesty\u00e9n Transport<\/title>\n<meta name=\"description\" content=\"Itt r\u00f6gt\u00f6n k\u00e9rhet \u00e1raj\u00e1nlatot vagy megadott el\u00e9rhet\u0151s\u00e9geken keressen minket bizalommal nemzetk\u00f6zi sz\u00e1ll\u00edt\u00e1s, k\u00f6lt\u00f6ztet\u00e9s, fuvaroz\u00e1s szolg\u00e1ltat\u00e1saink kapcs\u00e1n!\" \/>\n<meta name=\"robots\" content=\"index, follow, max-snippet:-1, max-image-preview:large, max-video-preview:-1\" \/>\n<link rel=\"canonical\" href=\"https:\/\/nemzetkoziszallitas.eu\/en\/contact\/\" \/>\n<meta property=\"og:locale\" content=\"en_US\" \/>\n<meta property=\"og:type\" content=\"article\" \/>\n<meta property=\"og:title\" content=\"Kapcsolat | Nemzetk\u00f6zi sz\u00e1ll\u00edt\u00e1s \u00e1raj\u00e1nlatkr\u00e9r\u00e9s | Sebesty\u00e9n Transport\" \/>\n<meta property=\"og:description\" content=\"Itt r\u00f6gt\u00f6n k\u00e9rhet \u00e1raj\u00e1nlatot vagy megadott el\u00e9rhet\u0151s\u00e9geken keressen minket bizalommal nemzetk\u00f6zi sz\u00e1ll\u00edt\u00e1s, k\u00f6lt\u00f6ztet\u00e9s, fuvaroz\u00e1s szolg\u00e1ltat\u00e1saink kapcs\u00e1n!\" \/>\n<meta property=\"og:url\" content=\"https:\/\/nemzetkoziszallitas.eu\/en\/contact\/\" \/>\n<meta property=\"og:site_name\" content=\"Sebesty\u00e9n Transport\" \/>\n<meta property=\"article:modified_time\" content=\"2024-06-25T13:07:40+00:00\" \/>\n<meta name=\"twitter:label1\" content=\"Est. reading time\" \/>\n\t<meta name=\"twitter:data1\" content=\"4 minutes\" \/>\n<script type=\"application\/ld+json\" class=\"yoast-schema-graph\">{\"@context\":\"https:\/\/schema.org\",\"@graph\":[{\"@type\":\"WebPage\",\"@id\":\"https:\/\/nemzetkoziszallitas.eu\/en\/contact\/\",\"url\":\"https:\/\/nemzetkoziszallitas.eu\/en\/contact\/\",\"name\":\"Kapcsolat | Nemzetk\u00f6zi sz\u00e1ll\u00edt\u00e1s \u00e1raj\u00e1nlatkr\u00e9r\u00e9s | Sebesty\u00e9n Transport\",\"isPartOf\":{\"@id\":\"https:\/\/nemzetkoziszallitas.eu\/#website\"},\"datePublished\":\"2012-09-24T13:49:36+00:00\",\"dateModified\":\"2024-06-25T13:07:40+00:00\",\"description\":\"Itt r\u00f6gt\u00f6n k\u00e9rhet \u00e1raj\u00e1nlatot vagy megadott el\u00e9rhet\u0151s\u00e9geken keressen minket bizalommal nemzetk\u00f6zi sz\u00e1ll\u00edt\u00e1s, k\u00f6lt\u00f6ztet\u00e9s, fuvaroz\u00e1s szolg\u00e1ltat\u00e1saink kapcs\u00e1n!\",\"breadcrumb\":{\"@id\":\"https:\/\/nemzetkoziszallitas.eu\/en\/contact\/#breadcrumb\"},\"inLanguage\":\"en-US\",\"potentialAction\":[{\"@type\":\"ReadAction\",\"target\":[\"https:\/\/nemzetkoziszallitas.eu\/en\/contact\/\"]}]},{\"@type\":\"BreadcrumbList\",\"@id\":\"https:\/\/nemzetkoziszallitas.eu\/en\/contact\/#breadcrumb\",\"itemListElement\":[{\"@type\":\"ListItem\",\"position\":1,\"name\":\"Kezd\u0151lap\",\"item\":\"https:\/\/nemzetkoziszallitas.eu\/en\/home\/\"},{\"@type\":\"ListItem\",\"position\":2,\"name\":\"Contact\"}]},{\"@type\":\"WebSite\",\"@id\":\"https:\/\/nemzetkoziszallitas.eu\/#website\",\"url\":\"https:\/\/nemzetkoziszallitas.eu\/\",\"name\":\"Sebesty\u00e9n Transport\",\"description\":\"fuvaroz\u00e1s, k\u00f6lt\u00f6zet\u00e9s\",\"potentialAction\":[{\"@type\":\"SearchAction\",\"target\":{\"@type\":\"EntryPoint\",\"urlTemplate\":\"https:\/\/nemzetkoziszallitas.eu\/?s={search_term_string}\"},\"query-input\":{\"@type\":\"PropertyValueSpecification\",\"valueRequired\":true,\"valueName\":\"search_term_string\"}}],\"inLanguage\":\"en-US\"}]}<\/script>\n<!-- \/ Yoast SEO plugin. -->","yoast_head_json":{"title":"Kapcsolat | Nemzetk\u00f6zi sz\u00e1ll\u00edt\u00e1s \u00e1raj\u00e1nlatkr\u00e9r\u00e9s | Sebesty\u00e9n Transport","description":"Itt r\u00f6gt\u00f6n k\u00e9rhet \u00e1raj\u00e1nlatot vagy megadott el\u00e9rhet\u0151s\u00e9geken keressen minket bizalommal nemzetk\u00f6zi sz\u00e1ll\u00edt\u00e1s, k\u00f6lt\u00f6ztet\u00e9s, fuvaroz\u00e1s szolg\u00e1ltat\u00e1saink kapcs\u00e1n!","robots":{"index":"index","follow":"follow","max-snippet":"max-snippet:-1","max-image-preview":"max-image-preview:large","max-video-preview":"max-video-preview:-1"},"canonical":"https:\/\/nemzetkoziszallitas.eu\/en\/contact\/","og_locale":"en_US","og_type":"article","og_title":"Kapcsolat | Nemzetk\u00f6zi sz\u00e1ll\u00edt\u00e1s \u00e1raj\u00e1nlatkr\u00e9r\u00e9s | Sebesty\u00e9n Transport","og_description":"Itt r\u00f6gt\u00f6n k\u00e9rhet \u00e1raj\u00e1nlatot vagy megadott el\u00e9rhet\u0151s\u00e9geken keressen minket bizalommal nemzetk\u00f6zi sz\u00e1ll\u00edt\u00e1s, k\u00f6lt\u00f6ztet\u00e9s, fuvaroz\u00e1s szolg\u00e1ltat\u00e1saink kapcs\u00e1n!","og_url":"https:\/\/nemzetkoziszallitas.eu\/en\/contact\/","og_site_name":"Sebesty\u00e9n Transport","article_modified_time":"2024-06-25T13:07:40+00:00","twitter_misc":{"Est. reading time":"4 minutes"},"schema":{"@context":"https:\/\/schema.org","@graph":[{"@type":"WebPage","@id":"https:\/\/nemzetkoziszallitas.eu\/en\/contact\/","url":"https:\/\/nemzetkoziszallitas.eu\/en\/contact\/","name":"Kapcsolat | Nemzetk\u00f6zi sz\u00e1ll\u00edt\u00e1s \u00e1raj\u00e1nlatkr\u00e9r\u00e9s | Sebesty\u00e9n Transport","isPartOf":{"@id":"https:\/\/nemzetkoziszallitas.eu\/#website"},"datePublished":"2012-09-24T13:49:36+00:00","dateModified":"2024-06-25T13:07:40+00:00","description":"Itt r\u00f6gt\u00f6n k\u00e9rhet \u00e1raj\u00e1nlatot vagy megadott el\u00e9rhet\u0151s\u00e9geken keressen minket bizalommal nemzetk\u00f6zi sz\u00e1ll\u00edt\u00e1s, k\u00f6lt\u00f6ztet\u00e9s, fuvaroz\u00e1s szolg\u00e1ltat\u00e1saink kapcs\u00e1n!","breadcrumb":{"@id":"https:\/\/nemzetkoziszallitas.eu\/en\/contact\/#breadcrumb"},"inLanguage":"en-US","potentialAction":[{"@type":"ReadAction","target":["https:\/\/nemzetkoziszallitas.eu\/en\/contact\/"]}]},{"@type":"BreadcrumbList","@id":"https:\/\/nemzetkoziszallitas.eu\/en\/contact\/#breadcrumb","itemListElement":[{"@type":"ListItem","position":1,"name":"Kezd\u0151lap","item":"https:\/\/nemzetkoziszallitas.eu\/en\/home\/"},{"@type":"ListItem","position":2,"name":"Contact"}]},{"@type":"WebSite","@id":"https:\/\/nemzetkoziszallitas.eu\/#website","url":"https:\/\/nemzetkoziszallitas.eu\/","name":"Sebesty\u00e9n Transport","description":"fuvaroz\u00e1s, k\u00f6lt\u00f6zet\u00e9s","potentialAction":[{"@type":"SearchAction","target":{"@type":"EntryPoint","urlTemplate":"https:\/\/nemzetkoziszallitas.eu\/?s={search_term_string}"},"query-input":{"@type":"PropertyValueSpecification","valueRequired":true,"valueName":"search_term_string"}}],"inLanguage":"en-US"}]}},"_links":{"self":[{"href":"https:\/\/nemzetkoziszallitas.eu\/en\/wp-json\/wp\/v2\/pages\/2393","targetHints":{"allow":["GET"]}}],"collection":[{"href":"https:\/\/nemzetkoziszallitas.eu\/en\/wp-json\/wp\/v2\/pages"}],"about":[{"href":"https:\/\/nemzetkoziszallitas.eu\/en\/wp-json\/wp\/v2\/types\/page"}],"author":[{"embeddable":true,"href":"https:\/\/nemzetkoziszallitas.eu\/en\/wp-json\/wp\/v2\/users\/7"}],"replies":[{"embeddable":true,"href":"https:\/\/nemzetkoziszallitas.eu\/en\/wp-json\/wp\/v2\/comments?post=2393"}],"version-history":[{"count":39,"href":"https:\/\/nemzetkoziszallitas.eu\/en\/wp-json\/wp\/v2\/pages\/2393\/revisions"}],"predecessor-version":[{"id":2394,"href":"https:\/\/nemzetkoziszallitas.eu\/en\/wp-json\/wp\/v2\/pages\/2393\/revisions\/2394"}],"wp:attachment":[{"href":"https:\/\/nemzetkoziszallitas.eu\/en\/wp-json\/wp\/v2\/media?parent=2393"}],"curies":[{"name":"wp","href":"https:\/\/api.w.org\/{rel}","templated":true}]}}