{"id":2398,"date":"2012-09-26T07:59:18","date_gmt":"2012-09-26T05:59:18","guid":{"rendered":"http:\/\/www.nemzetkoziszallitas.eu\/szallitasi-feltetelek\/"},"modified":"2017-10-11T17:48:40","modified_gmt":"2017-10-11T15:48:40","slug":"general-terms-conditions-shipping","status":"publish","type":"page","link":"https:\/\/nemzetkoziszallitas.eu\/en\/general-terms-conditions-shipping\/","title":{"rendered":"General Terms and Conditions of Shipping"},"content":{"rendered":"<section  class='av_textblock_section av-av_textblock-0366cc7376be6c9e82a3e9cc8987b64f'  itemscope=\"itemscope\" itemtype=\"https:\/\/schema.org\/CreativeWork\" ><div class='avia_textblock'  itemprop=\"text\" ><h1><strong>General Terms and Conditions of Shipping<\/strong><\/h1>\n<p>Sebesty\u00e9n Bt. (hereinafter referred to as the \u201cProvider\u201d) ships various types of cargo door-to-door, via various pre-determined routes, and according to pre-set schedules. The final route will always depend on the specific loading and unloading locations used. The Provider\u2019s services can be used by a customer (hereinafter referred to as the \u201cCustomer\u201d) by placing a Purchase Order.<br \/>\nThe Parties\u2019 related contractual rights and obligations are meant to be defined in these General Terms and Conditions of Shipping (hereinafter referred to as the \u201cGTC\u201d).<\/p>\n<p><strong>The cargo<\/strong><\/p>\n<p>1.1. <span style=\"text-decoration: underline;\"><br \/>\n<\/span>Customers can order the Provider\u2019s services via the following website: www.nemzetkoziszallitas.eu. The Provider shall confirm all Purchase Orders in writing. By sending the Purchase Order, a contractual relationship is created between the Customer and the Provider. Purchase Orders already placed, and relating to cargo of up to 20 kg, can only be cancelled by Customers by not later than 3 days prior to their departure time. For any larger orders (21 kg to 200 kg), the shipment cannot be cancelled 7 days prior to departure time, or any shorter, unless the full shipment fee is paid by the Customer. When partial or full truckload relocation services have been ordered, the order cannot be cancelled 14 days prior to the proposed relocation day, or shorter, or the deposit paid by the Customer will be retained.<\/p>\n<p>1.2 <span style=\"text-decoration: underline;\">The cargo being collected by the Provider<\/span><br \/>\nThe cargo will be collected at the address specified by the Customer, at a pre-agreed time. The Provider retains the right to reschedule any shipment.<br \/>\n1.3. <span style=\"text-decoration: underline;\">The cargo\u2019s contents:<\/span><br \/>\nAny type of document, goods, or objects that do not fall under the scope of the following banned objects.<\/p>\n<p>1.4 <span style=\"text-decoration: underline;\">List of banned objects, which will not be shipped by the Provider<\/span><\/p>\n<ul>\n<li>Drugs<\/li>\n<li>Cash, or cash equivalents<\/li>\n<li>Cheques, or any type of convertible bond<\/li>\n<li>Pornographic, or any other type of forbidden materials, photos, or graphics<\/li>\n<li>Explosives<\/li>\n<li>Hazardous materials and goods<\/li>\n<li>Any other material qualifying to be high risk, hazardous, or forbidden material, or materials that can only be accepted with certain restrictions applied, and being rated as such by a public administration body, or any other official authority with a power of authority to act over transportation regulation matters.<\/li>\n<li>Any other material refused to be accepted by the Provider, at its sole discretion, for security reasons, or based on the governing laws (e.g. any illegal, or excise products, flammable or disgusting products, or any food products with a fixed expiry date).<\/li>\n<\/ul>\n<p>The Sender hereby undertakes not to place any of the above listed products into the cargo sent via the Provider.<\/p>\n<p>1.5. <span style=\"text-decoration: underline;\">Applicable cargo sizes:<\/span><br \/>\nAll cargo shall comply with the following size parameters: max. height: 2 m, max. length: 4 m, max. width: 1.7 m.<\/p>\n<p>1.6.<span style=\"text-decoration: underline;\">Maximum cargo weight:<\/span><br \/>\nIf the cargo is a standalone object, its max. weight can be 40 kg. On a case-by-case basis, the cargo\u2019s weight can exceed this level, subject to the Parties\u2019 prior agreement.<\/p>\n<p>1.7.<span style=\"text-decoration: underline;\">Volumetric weight<\/span><br \/>\nFor any small weight cargo, which has a large volume, such as flakes, foam rubber, etc., the Provider will charge its fees based on volumetric weight. The calculation of the volumetric weight: length x width x height, divided by 5,000. When this calculation method applies, the Provider shall notify the Customer about this fact when the Purchase Order is placed.<\/p>\n<p>1.8. <span style=\"text-decoration: underline;\">Applicable packaging:<\/span><br \/>\nThe cargo\u2019s packaging has to be adequate to protect its contents from pressure, or any other handling processes, in order to prevent any damage from occurring. The Provider\u2019s suggestions: cardboard box, large bins, or on bicycles the parts sticking out must be flattened (pedals, wheel). The packaging must be suitable to ensure that the contents cannot be accessed without causing visible damage to the external surfaces.<\/p>\n<p>1.9. <span style=\"text-decoration: underline;\">The delivery address being clearly indicated:<\/span><br \/>\nThe delivery address must be visibly marked on the packaging, in a way that is both durable and legible.<br \/>\nThe Provider will not deliver any cargo to a mail box address.<\/p>\n<p>1.10. <span style=\"text-decoration: underline;\">Fees charged for high value cargo:<\/span><br \/>\nFor any cargo, the value of which exceeds EUR 1,000, the Provider will charge a case-by-case shipment fee, and will arrange for an appropriate insurance policy.<\/p>\n<p>1.11. <span style=\"text-decoration: underline;\">Verification:<\/span><br \/>\nThe representative of Sebesty\u00e9n Bt. is authorised to check the contents of all cargo, for security reasons, while the Sender is being present.<\/p>\n<p><strong>2. The Sender\u2019s obligations:<\/strong><\/p>\n<ul>\n<li>to ensure that all information supplied to the Provider is true, accurate, and complete;<\/li>\n<li>to ensure that the contents of the cargo are identical to those stipulated on the Bill of Lading, or on the shipment documents;<\/li>\n<li>to ensure that the labelling, the indication of the address, and the packaging is suitable to ensure that the cargo gets delivered safely, while the Provider is acting with due care and diligence during the handling;<\/li>\n<li>to ensure that the parcel\u2019s contents do not violate any prevailing customs rules, EU import or export rules, or any of the governing laws;<\/li>\n<li>to clearly stipulate the total value of the cargo on the Bill of Lading, or on the shipment documents, and any insurance policy, when taken, in the appropriate field;<\/li>\n<li>The Bill of Lading or shipment document shall be signed by the Sender, which also automatically means that the provisions of these General Terms and Conditions of Shipping have been accepted to be binding for the Sender.<\/li>\n<\/ul>\n<p><strong>3. Contractual performance<\/strong><\/p>\n<p>3.1 The Provider shall acknowledge the fact that the cargo has been properly collected by the Provider, by signing the Bill of Lading, or the accompanying shipment documents.<\/p>\n<p>3.2 The Provider shall be obliged to deliver the cargo to the exact address provided by the Sender, intact and complete, or to attempt delivery of the same.<\/p>\n<p>3.3. The Provider shall be entitled to refuse acceptance of any cargo, if its packaging is not suitable to protect its relevant contents during shipping, or when the cargo would endanger the integrity of other cargo items placed in the same truck, and\/or when the cargo fails to meet the preconditions described herein, or when the cargo was identified as high risk, hazardous, or prohibited material, or as any other material that can only be accepted subject to certain restrictions, based on the decision of any public administration body, or any other official authority, having proper power of authority to act upon transportation related matters.<\/p>\n<p>3.4. <span style=\"text-decoration: underline;\">The cargo\u2019s delivery:<\/span><br \/>\nAll cargo shall be delivered to the address indicated by the Sender, or by the Customer.<\/p>\n<p>3.5. <span style=\"text-decoration: underline;\">Cargo remaining undelivered: <\/span><br \/>\nIn any case, when the cargo is deemed to be undeliverable (including, in particular, the following cases: the Addressee has denied acceptance, the Addressee is unknown, or cannot be found), the Provider shall take all reasonable steps required to return the cargo to the Sender, at the Sender\u2019s sole costs.<br \/>\nIf returning the cargo was unsuccessful, the Provider shall be entitled to dispose of the cargo freely, or to sell the same. In such case, the Provider shall not be held liable by the Sender, or any third party. The proceeds from the sale shall be used to cover the Provider\u2019s costs first, then any remaining amount can be refunded to the Sender.<\/p>\n<p><strong>4. Liability<\/strong><\/p>\n<p>4.1. The Provider shall bear a financial liability for the cargo to remain undamaged and complete during shipment and for delivering the cargo to the Addressee. The delivery of the cargo shall be verified by the Addressee by signing the Bill of Lading, or the accompanying shipping documents.<\/p>\n<p>4.2. In case of losing the cargo, or any missing items being identified from its contents, or any value loss occurring, the Provider shall have a liability up to the value limit specified on the Purchase Order.<\/p>\n<p>4.3. The Provider shall do its best to deliver the cargo by no later than the indicated delivery time. Unless otherwise stipulated by the law, the Provider shall not be liable for any damage or loss occurring due to any late delivery.<\/p>\n<p>4. 4. The Provider shall be relieved from its indemnification obligation, if the damage:<\/p>\n<ul>\n<li>occurred due to reasons falling outside the scope of activities pursued by Sebesty\u00e9n Bt.<\/li>\n<li>occurred due to the cargo\u2019s own specific nature<\/li>\n<li>occurred due to any shortcomings occurring in the packaging, which could not be detected from the outside<\/li>\n<li>when the Sender, or the Addressee failed to proceed in a way normally expected in similar situations<\/li>\n<li>when the Sender failed to inform the Provider about the cargo\u2019s extremely high value, which fact could not otherwise be identified from the outside.<\/li>\n<\/ul>\n<p>4.5. The Provider shall not be liable for any damages occurring to the cargo due to reasons falling outside the Provider\u2019s scope of activities, due to unavoidable outside circumstances.<\/p>\n<p>To list a few examples for such outside circumstances (but not limited to):<\/p>\n<ul>\n<li>Force Majeure events (e.g. earthquake, cyclone, storm, flood, fog)<\/li>\n<li>any other unavoidable outside circumstances (e.g. war, natural disaster, accident, embargo, riot, demonstrations, strike, rebellion, etc.)<\/li>\n<li>any specific default, or shortcoming, arising out of the cargo\u2019s own nature, even if such information was known to the Provider when collecting the cargo<\/li>\n<li>any third party action or omission, e.g. committed by the Sender, the Addressee, any third party, the customs authority, or any administrative bodies<\/li>\n<li>any loss, damage, etc. occurring to any information, picture, or data recorded on any data carrier, or photographically, while being in the cargo, due to any electronic or magnetic effect.<\/li>\n<\/ul>\n<p>4.6. Unless otherwise stipulated by the law, the Provider hereby refuses to take any liability for any other damages, costs, or losses (including, in particular, any lost profit, lost revenues, lost interest income, or any damage from any potentially lost future business transaction), regardless of the fact that such loss or damage is individual, or indirect, even in case the potential hazard arising was clearly communicated to the Provider prior to collecting the cargo, or afterwards, given the fact that in any special cases, the Sender always has the opportunity to sign an underlying insurance policy.<\/p>\n<p><strong>5. Compensation payment limits, and their enforcement:<\/strong><\/p>\n<p>5.1. The Provider\u2019s total liability for compensation payments shall be limited to the cargo\u2019s actual cash value, or to the maximum value limit set for the specific cargo. Only one compensation claim may be submitted per cargo.<\/p>\n<p>5.2. In case of any damage, shortcoming, or loss occurring to the cargo, or the cargo being destroyed, in case the cargo was sent under the Provider\u2019s basic services, without a special insurance premium being paid, the maximum limit for any potential compensation claim to be submitted against the Provider shall be the cargo\u2019s total value, as stipulated on the Purchase Order, or maximum EUR 50.00. In case the cargo was sent with an insurance policy taken, and a special insurance premium having been paid, the maximum compensation amount shall equal the value indicated by the Sender upon the cargo\u2019s collection. If any damage occurs to, or if there is any missing item in the case of cargo sent with an underlying insurance policy taken, the compensation amount shall be equal to the degree of such shortcoming or damage, but shall never exceed the maximum value limit stipulated in the underlying insurance contract.<\/p>\n<p>5.3. The Sender shall contact the Dispatcher with any compensation claims, at one of the following contact details:<br \/>\nPhone: +36-70 321 8675 or +3630 9703 327 E-mail: sebestyentrans.eu@gmail.com<\/p>\n<p>5. 4. <span style=\"text-decoration: underline;\">Deadline for the submission of compensation claims: <\/span><br \/>\nUnless otherwise stipulated by the law, all compensation claims shall be submitted in writing, within 15 days upon the cargo having been collected by the Provider.<\/p>\n<p><strong>6. Fees charged for returned cargo, or cargo sent back:<\/strong><\/p>\n<p>In case of any cargo, with regards to which the Sender requested, while being shipped, that the cargo should be returned to the Sender (before it got delivered), or any cargo being returned to the Sender due to the Sender\u2019s fault, the Provider shall be entitled to request a full compensation from the Sender for all of its related costs arising.<\/p>\n<p><strong>7. The Provider\u2019s fees and payment methods:<\/strong><br \/>\n7.1. The base fee set for the services, as well as the list of applicable surcharges are included in Annex 1 hereto.<\/p>\n<p>7.2. Upon collecting the cargo, the Provider shall verify if the cargo\u2019s actual data matches the data indicated on the Purchase Order. If any discrepancy is identified, the Provider shall be entitled to recalculate its fees.<\/p>\n<p>7.3. The Sender shall be obliged to refund any claims, damages, fines, or costs arising at the Provider\u2019s side, out of the fact that the cargo was not suitable for being collected or shipped by the Provider, pursuant to any governing law, or the provisions herein. (e.g. when no special veterinary passport is provided for a pet to be transported).<\/p>\n<p>7.4. The fee shall be payable upon the cargo being collected by the Provider, or upon the cargo being delivered, in cash, per the Provider\u2019s underlying invoice issued.<\/p>\n<p><strong>8. Routes<\/strong><\/p>\n<p>Sebesty\u00e9n Bt. shall be entitled to set the routes entirely at its own discretion, or to alter from such routes, as suited, including any of the interim stops. All delivery times provided are for informative purposes only. The Provider will always call the related parties to let them know about the exact arrival time.<\/p>\n<p><strong>9. Governing law<\/strong><\/p>\n<p>For any potential legal disputes arising in relation to these General Terms and Conditions of Shipping, the civil law applicable in the EU, and in the specific country, shall be applied, as governing law.<\/p>\n<p><strong>10. Partial invalidity, or being partially unenforceable<\/strong><\/p>\n<p>If any of the provisions herein becomes invalid, or unenforceable, the validity or enforceability of the remaining provisions herein shall remain unaffected.<\/p>\n<\/div><\/section>\n<div  class='hr av-av_hr-dcd2069817a0e3d34ae04cad8f3443c7 hr-default  avia-builder-el-1  el_after_av_textblock  el_before_av_textblock '><span class='hr-inner '><span class=\"hr-inner-style\"><\/span><\/span><\/div>\n\n<style type=\"text\/css\" data-created_by=\"avia_inline_auto\" id=\"style-css-av-av_one_half-6126cab7d8fab8d08143dd2dacdf673c\">\n.flex_column.av-av_one_half-6126cab7d8fab8d08143dd2dacdf673c{\n-webkit-border-radius:0px 0px 0px 0px;\n-moz-border-radius:0px 0px 0px 0px;\nborder-radius:0px 0px 0px 0px;\n}\n<\/style>\n<div class='flex_column av-av_one_half-6126cab7d8fab8d08143dd2dacdf673c av_one_half first flex_column_div av-zero-column-padding '     ><div  class='avia-button-wrap av-av_button-355cc286bfc08bcd0d11ffd630997e51-wrap avia-button-center ' ><a href='https:\/\/nemzetkoziszallitas.eu\/en\/ask-for-price\/'  class='avia-button av-av_button-355cc286bfc08bcd0d11ffd630997e51 avia-icon_select-no avia-size-medium avia-position-center avia-color-theme-color' ><span class='avia_iconbox_title' >Ask for Price<\/span><\/a><\/div><\/div>\n<style type=\"text\/css\" data-created_by=\"avia_inline_auto\" id=\"style-css-av-av_one_half-0aa7055fe62c3622faec82866afbaeb2\">\n.flex_column.av-av_one_half-0aa7055fe62c3622faec82866afbaeb2{\n-webkit-border-radius:0px 0px 0px 0px;\n-moz-border-radius:0px 0px 0px 0px;\nborder-radius:0px 0px 0px 0px;\n}\n<\/style>\n<div class='flex_column av-av_one_half-0aa7055fe62c3622faec82866afbaeb2 av_one_half flex_column_div av-zero-column-padding '     ><div  class='avia-button-wrap av-av_button-fed027283918deaef617748ec1f15ba1-wrap avia-button-center ' ><a href='https:\/\/nemzetkoziszallitas.eu\/en\/order-form\/'  class='avia-button av-av_button-fed027283918deaef617748ec1f15ba1 avia-icon_select-no avia-size-medium avia-position-center avia-color-theme-color' ><span class='avia_iconbox_title' >Order<\/span><\/a><\/div><\/div><\/p>\n","protected":false},"excerpt":{"rendered":"","protected":false},"author":7,"featured_media":0,"parent":0,"menu_order":0,"comment_status":"closed","ping_status":"closed","template":"","meta":{"footnotes":"","_links_to":"","_links_to_target":""},"class_list":["post-2398","page","type-page","status-publish","hentry"],"yoast_head":"<!-- This site is optimized with the Yoast SEO plugin v25.7 - https:\/\/yoast.com\/wordpress\/plugins\/seo\/ -->\n<title>General Terms and Conditions of Shipping - Sebesty\u00e9n Transport<\/title>\n<meta name=\"robots\" content=\"index, follow, max-snippet:-1, max-image-preview:large, max-video-preview:-1\" \/>\n<link rel=\"canonical\" href=\"https:\/\/nemzetkoziszallitas.eu\/en\/general-terms-conditions-shipping\/\" \/>\n<meta property=\"og:locale\" content=\"en_US\" \/>\n<meta property=\"og:type\" content=\"article\" \/>\n<meta property=\"og:title\" content=\"General Terms and Conditions of Shipping - Sebesty\u00e9n Transport\" \/>\n<meta property=\"og:url\" content=\"https:\/\/nemzetkoziszallitas.eu\/en\/general-terms-conditions-shipping\/\" \/>\n<meta property=\"og:site_name\" content=\"Sebesty\u00e9n Transport\" \/>\n<meta property=\"article:modified_time\" content=\"2017-10-11T15:48:40+00:00\" \/>\n<meta name=\"twitter:label1\" content=\"Est. reading time\" \/>\n\t<meta name=\"twitter:data1\" content=\"12 minutes\" \/>\n<script type=\"application\/ld+json\" class=\"yoast-schema-graph\">{\"@context\":\"https:\/\/schema.org\",\"@graph\":[{\"@type\":\"WebPage\",\"@id\":\"https:\/\/nemzetkoziszallitas.eu\/en\/general-terms-conditions-shipping\/\",\"url\":\"https:\/\/nemzetkoziszallitas.eu\/en\/general-terms-conditions-shipping\/\",\"name\":\"General Terms and Conditions of Shipping - Sebesty\u00e9n Transport\",\"isPartOf\":{\"@id\":\"https:\/\/nemzetkoziszallitas.eu\/#website\"},\"datePublished\":\"2012-09-26T05:59:18+00:00\",\"dateModified\":\"2017-10-11T15:48:40+00:00\",\"breadcrumb\":{\"@id\":\"https:\/\/nemzetkoziszallitas.eu\/en\/general-terms-conditions-shipping\/#breadcrumb\"},\"inLanguage\":\"en-US\",\"potentialAction\":[{\"@type\":\"ReadAction\",\"target\":[\"https:\/\/nemzetkoziszallitas.eu\/en\/general-terms-conditions-shipping\/\"]}]},{\"@type\":\"BreadcrumbList\",\"@id\":\"https:\/\/nemzetkoziszallitas.eu\/en\/general-terms-conditions-shipping\/#breadcrumb\",\"itemListElement\":[{\"@type\":\"ListItem\",\"position\":1,\"name\":\"Kezd\u0151lap\",\"item\":\"https:\/\/nemzetkoziszallitas.eu\/en\/home\/\"},{\"@type\":\"ListItem\",\"position\":2,\"name\":\"General Terms and Conditions of Shipping\"}]},{\"@type\":\"WebSite\",\"@id\":\"https:\/\/nemzetkoziszallitas.eu\/#website\",\"url\":\"https:\/\/nemzetkoziszallitas.eu\/\",\"name\":\"Sebesty\u00e9n Transport\",\"description\":\"fuvaroz\u00e1s, k\u00f6lt\u00f6zet\u00e9s\",\"potentialAction\":[{\"@type\":\"SearchAction\",\"target\":{\"@type\":\"EntryPoint\",\"urlTemplate\":\"https:\/\/nemzetkoziszallitas.eu\/?s={search_term_string}\"},\"query-input\":{\"@type\":\"PropertyValueSpecification\",\"valueRequired\":true,\"valueName\":\"search_term_string\"}}],\"inLanguage\":\"en-US\"}]}<\/script>\n<!-- \/ Yoast SEO plugin. -->","yoast_head_json":{"title":"General Terms and Conditions of Shipping - Sebesty\u00e9n Transport","robots":{"index":"index","follow":"follow","max-snippet":"max-snippet:-1","max-image-preview":"max-image-preview:large","max-video-preview":"max-video-preview:-1"},"canonical":"https:\/\/nemzetkoziszallitas.eu\/en\/general-terms-conditions-shipping\/","og_locale":"en_US","og_type":"article","og_title":"General Terms and Conditions of Shipping - Sebesty\u00e9n Transport","og_url":"https:\/\/nemzetkoziszallitas.eu\/en\/general-terms-conditions-shipping\/","og_site_name":"Sebesty\u00e9n Transport","article_modified_time":"2017-10-11T15:48:40+00:00","twitter_misc":{"Est. reading time":"12 minutes"},"schema":{"@context":"https:\/\/schema.org","@graph":[{"@type":"WebPage","@id":"https:\/\/nemzetkoziszallitas.eu\/en\/general-terms-conditions-shipping\/","url":"https:\/\/nemzetkoziszallitas.eu\/en\/general-terms-conditions-shipping\/","name":"General Terms and Conditions of Shipping - Sebesty\u00e9n Transport","isPartOf":{"@id":"https:\/\/nemzetkoziszallitas.eu\/#website"},"datePublished":"2012-09-26T05:59:18+00:00","dateModified":"2017-10-11T15:48:40+00:00","breadcrumb":{"@id":"https:\/\/nemzetkoziszallitas.eu\/en\/general-terms-conditions-shipping\/#breadcrumb"},"inLanguage":"en-US","potentialAction":[{"@type":"ReadAction","target":["https:\/\/nemzetkoziszallitas.eu\/en\/general-terms-conditions-shipping\/"]}]},{"@type":"BreadcrumbList","@id":"https:\/\/nemzetkoziszallitas.eu\/en\/general-terms-conditions-shipping\/#breadcrumb","itemListElement":[{"@type":"ListItem","position":1,"name":"Kezd\u0151lap","item":"https:\/\/nemzetkoziszallitas.eu\/en\/home\/"},{"@type":"ListItem","position":2,"name":"General Terms and Conditions of Shipping"}]},{"@type":"WebSite","@id":"https:\/\/nemzetkoziszallitas.eu\/#website","url":"https:\/\/nemzetkoziszallitas.eu\/","name":"Sebesty\u00e9n Transport","description":"fuvaroz\u00e1s, k\u00f6lt\u00f6zet\u00e9s","potentialAction":[{"@type":"SearchAction","target":{"@type":"EntryPoint","urlTemplate":"https:\/\/nemzetkoziszallitas.eu\/?s={search_term_string}"},"query-input":{"@type":"PropertyValueSpecification","valueRequired":true,"valueName":"search_term_string"}}],"inLanguage":"en-US"}]}},"_links":{"self":[{"href":"https:\/\/nemzetkoziszallitas.eu\/en\/wp-json\/wp\/v2\/pages\/2398","targetHints":{"allow":["GET"]}}],"collection":[{"href":"https:\/\/nemzetkoziszallitas.eu\/en\/wp-json\/wp\/v2\/pages"}],"about":[{"href":"https:\/\/nemzetkoziszallitas.eu\/en\/wp-json\/wp\/v2\/types\/page"}],"author":[{"embeddable":true,"href":"https:\/\/nemzetkoziszallitas.eu\/en\/wp-json\/wp\/v2\/users\/7"}],"replies":[{"embeddable":true,"href":"https:\/\/nemzetkoziszallitas.eu\/en\/wp-json\/wp\/v2\/comments?post=2398"}],"version-history":[{"count":7,"href":"https:\/\/nemzetkoziszallitas.eu\/en\/wp-json\/wp\/v2\/pages\/2398\/revisions"}],"predecessor-version":[{"id":2400,"href":"https:\/\/nemzetkoziszallitas.eu\/en\/wp-json\/wp\/v2\/pages\/2398\/revisions\/2400"}],"wp:attachment":[{"href":"https:\/\/nemzetkoziszallitas.eu\/en\/wp-json\/wp\/v2\/media?parent=2398"}],"curies":[{"name":"wp","href":"https:\/\/api.w.org\/{rel}","templated":true}]}}