{"id":2404,"date":"2017-08-09T18:09:11","date_gmt":"2017-08-09T16:09:11","guid":{"rendered":"http:\/\/www.nemzetkoziszallitas.eu\/csomagolasi-tanacsok\/"},"modified":"2017-10-05T18:43:39","modified_gmt":"2017-10-05T16:43:39","slug":"our-packing-tips","status":"publish","type":"page","link":"https:\/\/nemzetkoziszallitas.eu\/en\/our-packing-tips\/","title":{"rendered":"Our packing tips"},"content":{"rendered":"<section  class='av_textblock_section av-av_textblock-0366cc7376be6c9e82a3e9cc8987b64f'  itemscope=\"itemscope\" itemtype=\"https:\/\/schema.org\/CreativeWork\" ><div class='avia_textblock'  itemprop=\"text\" ><h1>Our packing tips<\/h1>\n<ul id=\"csomagolasi-tanacsok\">\n<li>When requesting a Price Offer, or when sending your Purchase Order, please always clearly stipulate what type of cargo you wish to send (e.g. personal belongings, liquid, picture, etc.).<\/li>\n<li>Use an appropriate size and solid cardboard box for the packaging, and seal the box with a strong adhesive tape at the end.<\/li>\n<li>Make sure you clearly indicate the Addressee\u2019s name and address on the box, e.g. use a marker pen to write it on the box, or use a strong adhesive sticker as a label. When you are sending luggage or a bag, please make sure that the label is properly attached, as stickers have a tendency to easily come off bags. It is always better to secure the label onto the handle with a cord, or use a larger sticker, which wraps around the handle, like the way they do it at airports.<\/li>\n<li>Use a box appropriate for the cargo\u2019s size. The right size is when the cargo completely fills the space available in the box. If you have any empty space left in the box, use some filler.<\/li>\n<li>If possible, please do not prepare any parcel, which exceeds 30 kg, as it will be difficult to move it around. The total fee payable is unchanged, regardless of the number of items.<\/li>\n<li>Start with the heavier items, when filling up the box.<\/li>\n<li>If you have any fragile items to send, wrap them multiple times (e.g. in a bubble foil, or other similar protective material,) and place them in a strong cardboard box).<\/li>\n<li>Always mark the box fragile, if the contents in it are fragile.<\/li>\n<li>Do not put any sharp objects sticking out of the box, or having sharp edges or corners, into the box, unless you\u2019ve wrapped them up properly into a shrink wrap, or in another suitable protective material.<\/li>\n<li>Liquids are only transported in securely sealed cans or bottles, made of a strong material.<\/li>\n<li>If you wish to send a picture, please wrap it up with strong cardboard box paper, then shrink wrap it. The best would be if you can put it into a wooden rack. The same applies to mirrors, and glass sheet items.<\/li>\n<li>If you are sending a bicycle, please remove the pedals, and screw them back on in a reverse position, or fix them under the seat. Turn the wheel off 90 degrees, or it\u2019s even better, if you wrap it up as well (e.g. you can use some cardboard sheets on both sides, and then a shrink wrap).<\/li>\n<li>If you wish to send high value, fragile, or vulnerable cargo, the most secure way for transportation is to use an appropriate wooden box.<\/li>\n<li>The Provider will only take liability for cargo being securely packaged.<\/li>\n<\/ul>\n<\/div><\/section>\n<div  class='hr av-av_hr-dcd2069817a0e3d34ae04cad8f3443c7 hr-default  avia-builder-el-1  el_after_av_textblock  el_before_av_textblock '><span class='hr-inner '><span class=\"hr-inner-style\"><\/span><\/span><\/div>\n<section  class='av_textblock_section av-av_textblock-0366cc7376be6c9e82a3e9cc8987b64f'  itemscope=\"itemscope\" itemtype=\"https:\/\/schema.org\/CreativeWork\" ><div class='avia_textblock'  itemprop=\"text\" ><h2 align=\"center\">Place your order for any international transportation service you require now\u2026<\/h2>\n<\/div><\/section>\n\n<style type=\"text\/css\" data-created_by=\"avia_inline_auto\" id=\"style-css-av-av_one_half-b18ec1635791c30194c2fc90ea77ba9c\">\n.flex_column.av-av_one_half-b18ec1635791c30194c2fc90ea77ba9c{\n-webkit-border-radius:0px 0px 0px 0px;\n-moz-border-radius:0px 0px 0px 0px;\nborder-radius:0px 0px 0px 0px;\n}\n<\/style>\n<div class='flex_column av-av_one_half-b18ec1635791c30194c2fc90ea77ba9c av_one_half  avia-builder-el-3  el_after_av_textblock  el_before_av_one_half  first flex_column_div av-zero-column-padding column-top-margin'     ><div  class='avia-button-wrap av-av_button-ab7eb28da11b4faf85585bbab0cca55c-wrap avia-button-center  avia-builder-el-4  avia-builder-el-no-sibling ' >\n<style type=\"text\/css\" data-created_by=\"avia_inline_auto\" id=\"style-css-av-av_button-ab7eb28da11b4faf85585bbab0cca55c\">\n#top #wrap_all .avia-button.av-av_button-ab7eb28da11b4faf85585bbab0cca55c{\nbackground-color:#444444;\nborder-color:#444444;\ncolor:#ffffff;\n-webkit-transition:all 0.4s ease-in-out;\n-moz-transition:all 0.4s ease-in-out;\n-ms-transition:all 0.4s ease-in-out;\n-o-transition:all 0.4s ease-in-out;\ntransition:all 0.4s ease-in-out;\n}\n<\/style>\n<a href='https:\/\/nemzetkoziszallitas.eu\/en\/ask-for-price\/'  class='avia-button av-av_button-ab7eb28da11b4faf85585bbab0cca55c avia-icon_select-no avia-size-medium avia-position-center' ><span class='avia_iconbox_title' > Ask for price<\/span><\/a><\/div><\/div>\n<style type=\"text\/css\" data-created_by=\"avia_inline_auto\" id=\"style-css-av-av_one_half-0aa7055fe62c3622faec82866afbaeb2\">\n.flex_column.av-av_one_half-0aa7055fe62c3622faec82866afbaeb2{\n-webkit-border-radius:0px 0px 0px 0px;\n-moz-border-radius:0px 0px 0px 0px;\nborder-radius:0px 0px 0px 0px;\n}\n<\/style>\n<div class='flex_column av-av_one_half-0aa7055fe62c3622faec82866afbaeb2 av_one_half  avia-builder-el-5  el_after_av_one_half  avia-builder-el-last  flex_column_div av-zero-column-padding column-top-margin'     ><div  class='avia-button-wrap av-av_button-fed027283918deaef617748ec1f15ba1-wrap avia-button-center  avia-builder-el-6  avia-builder-el-no-sibling ' ><a href='https:\/\/nemzetkoziszallitas.eu\/en\/order-form\/'  class='avia-button av-av_button-fed027283918deaef617748ec1f15ba1 avia-icon_select-no avia-size-medium avia-position-center avia-color-theme-color' ><span class='avia_iconbox_title' >Order<\/span><\/a><\/div><\/div><\/p>\n","protected":false},"excerpt":{"rendered":"","protected":false},"author":7,"featured_media":0,"parent":0,"menu_order":0,"comment_status":"closed","ping_status":"closed","template":"","meta":{"footnotes":"","_links_to":"","_links_to_target":""},"class_list":["post-2404","page","type-page","status-publish","hentry"],"yoast_head":"<!-- This site is optimized with the Yoast SEO plugin v25.7 - https:\/\/yoast.com\/wordpress\/plugins\/seo\/ -->\n<title>Nemzetk\u00f6zi sz\u00e1ll\u00edt\u00e1s, biztons\u00e1gos csomagk\u00fcld\u00e9s | Sebesty\u00e9n Transport<\/title>\n<meta name=\"description\" content=\"Nemzetk\u00f6zi sz\u00e1ll\u00edt\u00e1s Eur\u00f3p\u00e1ban h\u00e1zt\u00f3l-h\u00e1zig. Gyors, megb\u00edzhat\u00f3 \u00e9s biztons\u00e1gos csomag k\u00e9zbes\u00edt\u00e9s. N\u00e9zze meg most hetente indul\u00f3 j\u00e1rataink id\u0151pontjait!\" \/>\n<meta name=\"robots\" content=\"index, follow, max-snippet:-1, max-image-preview:large, max-video-preview:-1\" \/>\n<link rel=\"canonical\" href=\"https:\/\/nemzetkoziszallitas.eu\/en\/our-packing-tips\/\" \/>\n<meta property=\"og:locale\" content=\"en_US\" \/>\n<meta property=\"og:type\" content=\"article\" \/>\n<meta property=\"og:title\" content=\"Nemzetk\u00f6zi sz\u00e1ll\u00edt\u00e1s, biztons\u00e1gos csomagk\u00fcld\u00e9s | Sebesty\u00e9n Transport\" \/>\n<meta property=\"og:description\" content=\"Nemzetk\u00f6zi sz\u00e1ll\u00edt\u00e1s Eur\u00f3p\u00e1ban h\u00e1zt\u00f3l-h\u00e1zig. Gyors, megb\u00edzhat\u00f3 \u00e9s biztons\u00e1gos csomag k\u00e9zbes\u00edt\u00e9s. N\u00e9zze meg most hetente indul\u00f3 j\u00e1rataink id\u0151pontjait!\" \/>\n<meta property=\"og:url\" content=\"https:\/\/nemzetkoziszallitas.eu\/en\/our-packing-tips\/\" \/>\n<meta property=\"og:site_name\" content=\"Sebesty\u00e9n Transport\" \/>\n<meta property=\"article:modified_time\" content=\"2017-10-05T16:43:39+00:00\" \/>\n<meta name=\"twitter:label1\" content=\"Est. reading time\" \/>\n\t<meta name=\"twitter:data1\" content=\"4 minutes\" \/>\n<script type=\"application\/ld+json\" class=\"yoast-schema-graph\">{\"@context\":\"https:\/\/schema.org\",\"@graph\":[{\"@type\":\"WebPage\",\"@id\":\"https:\/\/nemzetkoziszallitas.eu\/en\/our-packing-tips\/\",\"url\":\"https:\/\/nemzetkoziszallitas.eu\/en\/our-packing-tips\/\",\"name\":\"Nemzetk\u00f6zi sz\u00e1ll\u00edt\u00e1s, biztons\u00e1gos csomagk\u00fcld\u00e9s | Sebesty\u00e9n Transport\",\"isPartOf\":{\"@id\":\"https:\/\/nemzetkoziszallitas.eu\/#website\"},\"datePublished\":\"2017-08-09T16:09:11+00:00\",\"dateModified\":\"2017-10-05T16:43:39+00:00\",\"description\":\"Nemzetk\u00f6zi sz\u00e1ll\u00edt\u00e1s Eur\u00f3p\u00e1ban h\u00e1zt\u00f3l-h\u00e1zig. Gyors, megb\u00edzhat\u00f3 \u00e9s biztons\u00e1gos csomag k\u00e9zbes\u00edt\u00e9s. N\u00e9zze meg most hetente indul\u00f3 j\u00e1rataink id\u0151pontjait!\",\"breadcrumb\":{\"@id\":\"https:\/\/nemzetkoziszallitas.eu\/en\/our-packing-tips\/#breadcrumb\"},\"inLanguage\":\"en-US\",\"potentialAction\":[{\"@type\":\"ReadAction\",\"target\":[\"https:\/\/nemzetkoziszallitas.eu\/en\/our-packing-tips\/\"]}]},{\"@type\":\"BreadcrumbList\",\"@id\":\"https:\/\/nemzetkoziszallitas.eu\/en\/our-packing-tips\/#breadcrumb\",\"itemListElement\":[{\"@type\":\"ListItem\",\"position\":1,\"name\":\"Kezd\u0151lap\",\"item\":\"https:\/\/nemzetkoziszallitas.eu\/en\/home\/\"},{\"@type\":\"ListItem\",\"position\":2,\"name\":\"Our packing tips\"}]},{\"@type\":\"WebSite\",\"@id\":\"https:\/\/nemzetkoziszallitas.eu\/#website\",\"url\":\"https:\/\/nemzetkoziszallitas.eu\/\",\"name\":\"Sebesty\u00e9n Transport\",\"description\":\"fuvaroz\u00e1s, k\u00f6lt\u00f6zet\u00e9s\",\"potentialAction\":[{\"@type\":\"SearchAction\",\"target\":{\"@type\":\"EntryPoint\",\"urlTemplate\":\"https:\/\/nemzetkoziszallitas.eu\/?s={search_term_string}\"},\"query-input\":{\"@type\":\"PropertyValueSpecification\",\"valueRequired\":true,\"valueName\":\"search_term_string\"}}],\"inLanguage\":\"en-US\"}]}<\/script>\n<!-- \/ Yoast SEO plugin. -->","yoast_head_json":{"title":"Nemzetk\u00f6zi sz\u00e1ll\u00edt\u00e1s, biztons\u00e1gos csomagk\u00fcld\u00e9s | Sebesty\u00e9n Transport","description":"Nemzetk\u00f6zi sz\u00e1ll\u00edt\u00e1s Eur\u00f3p\u00e1ban h\u00e1zt\u00f3l-h\u00e1zig. Gyors, megb\u00edzhat\u00f3 \u00e9s biztons\u00e1gos csomag k\u00e9zbes\u00edt\u00e9s. N\u00e9zze meg most hetente indul\u00f3 j\u00e1rataink id\u0151pontjait!","robots":{"index":"index","follow":"follow","max-snippet":"max-snippet:-1","max-image-preview":"max-image-preview:large","max-video-preview":"max-video-preview:-1"},"canonical":"https:\/\/nemzetkoziszallitas.eu\/en\/our-packing-tips\/","og_locale":"en_US","og_type":"article","og_title":"Nemzetk\u00f6zi sz\u00e1ll\u00edt\u00e1s, biztons\u00e1gos csomagk\u00fcld\u00e9s | Sebesty\u00e9n Transport","og_description":"Nemzetk\u00f6zi sz\u00e1ll\u00edt\u00e1s Eur\u00f3p\u00e1ban h\u00e1zt\u00f3l-h\u00e1zig. Gyors, megb\u00edzhat\u00f3 \u00e9s biztons\u00e1gos csomag k\u00e9zbes\u00edt\u00e9s. N\u00e9zze meg most hetente indul\u00f3 j\u00e1rataink id\u0151pontjait!","og_url":"https:\/\/nemzetkoziszallitas.eu\/en\/our-packing-tips\/","og_site_name":"Sebesty\u00e9n Transport","article_modified_time":"2017-10-05T16:43:39+00:00","twitter_misc":{"Est. reading time":"4 minutes"},"schema":{"@context":"https:\/\/schema.org","@graph":[{"@type":"WebPage","@id":"https:\/\/nemzetkoziszallitas.eu\/en\/our-packing-tips\/","url":"https:\/\/nemzetkoziszallitas.eu\/en\/our-packing-tips\/","name":"Nemzetk\u00f6zi sz\u00e1ll\u00edt\u00e1s, biztons\u00e1gos csomagk\u00fcld\u00e9s | Sebesty\u00e9n Transport","isPartOf":{"@id":"https:\/\/nemzetkoziszallitas.eu\/#website"},"datePublished":"2017-08-09T16:09:11+00:00","dateModified":"2017-10-05T16:43:39+00:00","description":"Nemzetk\u00f6zi sz\u00e1ll\u00edt\u00e1s Eur\u00f3p\u00e1ban h\u00e1zt\u00f3l-h\u00e1zig. Gyors, megb\u00edzhat\u00f3 \u00e9s biztons\u00e1gos csomag k\u00e9zbes\u00edt\u00e9s. N\u00e9zze meg most hetente indul\u00f3 j\u00e1rataink id\u0151pontjait!","breadcrumb":{"@id":"https:\/\/nemzetkoziszallitas.eu\/en\/our-packing-tips\/#breadcrumb"},"inLanguage":"en-US","potentialAction":[{"@type":"ReadAction","target":["https:\/\/nemzetkoziszallitas.eu\/en\/our-packing-tips\/"]}]},{"@type":"BreadcrumbList","@id":"https:\/\/nemzetkoziszallitas.eu\/en\/our-packing-tips\/#breadcrumb","itemListElement":[{"@type":"ListItem","position":1,"name":"Kezd\u0151lap","item":"https:\/\/nemzetkoziszallitas.eu\/en\/home\/"},{"@type":"ListItem","position":2,"name":"Our packing tips"}]},{"@type":"WebSite","@id":"https:\/\/nemzetkoziszallitas.eu\/#website","url":"https:\/\/nemzetkoziszallitas.eu\/","name":"Sebesty\u00e9n Transport","description":"fuvaroz\u00e1s, k\u00f6lt\u00f6zet\u00e9s","potentialAction":[{"@type":"SearchAction","target":{"@type":"EntryPoint","urlTemplate":"https:\/\/nemzetkoziszallitas.eu\/?s={search_term_string}"},"query-input":{"@type":"PropertyValueSpecification","valueRequired":true,"valueName":"search_term_string"}}],"inLanguage":"en-US"}]}},"_links":{"self":[{"href":"https:\/\/nemzetkoziszallitas.eu\/en\/wp-json\/wp\/v2\/pages\/2404","targetHints":{"allow":["GET"]}}],"collection":[{"href":"https:\/\/nemzetkoziszallitas.eu\/en\/wp-json\/wp\/v2\/pages"}],"about":[{"href":"https:\/\/nemzetkoziszallitas.eu\/en\/wp-json\/wp\/v2\/types\/page"}],"author":[{"embeddable":true,"href":"https:\/\/nemzetkoziszallitas.eu\/en\/wp-json\/wp\/v2\/users\/7"}],"replies":[{"embeddable":true,"href":"https:\/\/nemzetkoziszallitas.eu\/en\/wp-json\/wp\/v2\/comments?post=2404"}],"version-history":[{"count":4,"href":"https:\/\/nemzetkoziszallitas.eu\/en\/wp-json\/wp\/v2\/pages\/2404\/revisions"}],"predecessor-version":[{"id":2540,"href":"https:\/\/nemzetkoziszallitas.eu\/en\/wp-json\/wp\/v2\/pages\/2404\/revisions\/2540"}],"wp:attachment":[{"href":"https:\/\/nemzetkoziszallitas.eu\/en\/wp-json\/wp\/v2\/media?parent=2404"}],"curies":[{"name":"wp","href":"https:\/\/api.w.org\/{rel}","templated":true}]}}