{"id":2411,"date":"2013-10-21T12:15:11","date_gmt":"2013-10-21T10:15:11","guid":{"rendered":"http:\/\/www.nemzetkoziszallitas.eu\/arajanlatkeres\/"},"modified":"2024-09-18T18:31:14","modified_gmt":"2024-09-18T16:31:14","slug":"ask-for-price","status":"publish","type":"page","link":"https:\/\/nemzetkoziszallitas.eu\/en\/ask-for-price\/","title":{"rendered":"Ask for price"},"content":{"rendered":"<section  class='av_textblock_section av-m182xe95-ae821f6802148913f7c403b3993e6282'  itemscope=\"itemscope\" itemtype=\"https:\/\/schema.org\/CreativeWork\" ><div class='avia_textblock'  itemprop=\"text\" ><h1>Request a Price Quote<\/h1>\n<div id=\"arajanlatkeresWrapper\"><strong>To get a Price Quote, please complete the following data form:<\/strong><\/div>\n<\/div><\/section>\n\n<style type=\"text\/css\" data-created_by=\"avia_inline_auto\" id=\"style-css-av-av_hr-ee2847e2e025ce3d30801259a03f9fd4\">\n#top .hr.hr-invisible.av-av_hr-ee2847e2e025ce3d30801259a03f9fd4{\nheight:10px;\n}\n<\/style>\n<div  class='hr av-av_hr-ee2847e2e025ce3d30801259a03f9fd4 hr-invisible  avia-builder-el-1  el_after_av_textblock  el_before_av_textblock '><span class='hr-inner '><span class=\"hr-inner-style\"><\/span><\/span><\/div>\n<section  class='av_textblock_section av-av_textblock-0366cc7376be6c9e82a3e9cc8987b64f'  itemscope=\"itemscope\" itemtype=\"https:\/\/schema.org\/CreativeWork\" ><div class='avia_textblock'  itemprop=\"text\" >\n<div class=\"wpcf7 no-js\" id=\"wpcf7-f2409-o1\" lang=\"en-US\" dir=\"ltr\" data-wpcf7-id=\"2409\">\n<div class=\"screen-reader-response\"><p role=\"status\" aria-live=\"polite\" aria-atomic=\"true\"><\/p> <ul><\/ul><\/div>\n<form action=\"\/en\/wp-json\/wp\/v2\/pages\/2411#wpcf7-f2409-o1\" method=\"post\" class=\"wpcf7-form init\" aria-label=\"Contact form\" novalidate=\"novalidate\" data-status=\"init\">\n<fieldset class=\"hidden-fields-container\"><input type=\"hidden\" name=\"_wpcf7\" value=\"2409\" \/><input type=\"hidden\" name=\"_wpcf7_version\" value=\"6.1.1\" \/><input type=\"hidden\" name=\"_wpcf7_locale\" value=\"en_US\" \/><input type=\"hidden\" name=\"_wpcf7_unit_tag\" value=\"wpcf7-f2409-o1\" \/><input type=\"hidden\" name=\"_wpcf7_container_post\" value=\"0\" \/><input type=\"hidden\" name=\"_wpcf7_posted_data_hash\" value=\"\" \/><input type=\"hidden\" name=\"_wpcf7cf_hidden_group_fields\" value=\"[]\" \/><input type=\"hidden\" name=\"_wpcf7cf_hidden_groups\" value=\"[]\" \/><input type=\"hidden\" name=\"_wpcf7cf_visible_groups\" value=\"[]\" \/><input type=\"hidden\" name=\"_wpcf7cf_repeaters\" value=\"[]\" \/><input type=\"hidden\" name=\"_wpcf7cf_steps\" value=\"{}\" \/><input type=\"hidden\" name=\"_wpcf7cf_options\" value=\"{&quot;form_id&quot;:2409,&quot;conditions&quot;:[],&quot;settings&quot;:{&quot;animation&quot;:&quot;yes&quot;,&quot;animation_intime&quot;:200,&quot;animation_outtime&quot;:200,&quot;conditions_ui&quot;:&quot;normal&quot;,&quot;notice_dismissed&quot;:false,&quot;notice_dismissed_update-cf7-5.8.6&quot;:true,&quot;notice_dismissed_rollback-cf7-5.9.5&quot;:true}}\" \/><input type=\"hidden\" name=\"_wpcf7_recaptcha_response\" value=\"\" \/>\n<\/fieldset>\n<h6>YOUR DATA\n<\/h6>\n<p><span class=\"wpcf7-form-control-wrap\" data-name=\"name\"><input size=\"40\" maxlength=\"400\" class=\"wpcf7-form-control wpcf7-text wpcf7-validates-as-required\" aria-required=\"true\" aria-invalid=\"false\" placeholder=\"*Name\" value=\"\" type=\"text\" name=\"name\" \/><\/span>\n<\/p>\n<p><span class=\"wpcf7-form-control-wrap\" data-name=\"emailaddress\"><input size=\"40\" maxlength=\"400\" class=\"wpcf7-form-control wpcf7-email wpcf7-validates-as-required wpcf7-text wpcf7-validates-as-email\" aria-required=\"true\" aria-invalid=\"false\" placeholder=\"*E-mail\" value=\"\" type=\"email\" name=\"emailaddress\" \/><\/span>\n<\/p>\n<p><span class=\"wpcf7-form-control-wrap\" data-name=\"phonenumber\"><input size=\"40\" maxlength=\"400\" class=\"wpcf7-form-control wpcf7-text wpcf7-validates-as-required wpcf7-tel\" aria-required=\"true\" aria-invalid=\"false\" placeholder=\"*Phone number\" value=\"\" type=\"text\" name=\"phonenumber\" \/><\/span>\n<\/p>\n<h6>Specify what you wish to send\n<\/h6>\n<p><span class=\"kicsi-szoveg\">(We do not ship any hazardous, illegal, or excise products.)<\/span>\n<\/p>\n<p><span class=\"wpcf7-form-control-wrap\" data-name=\"product\"><input size=\"40\" maxlength=\"400\" class=\"wpcf7-form-control wpcf7-text\" aria-invalid=\"false\" placeholder=\"*Content (product name):\" value=\"\" type=\"text\" name=\"product\" \/><\/span>\n<\/p>\n<p><span class=\"wpcf7-form-control-wrap\" data-name=\"weight\"><input size=\"40\" maxlength=\"400\" class=\"wpcf7-form-control wpcf7-text wpcf7-validates-as-required\" aria-required=\"true\" aria-invalid=\"false\" placeholder=\"*Weight (approx.)\/db\" value=\"\" type=\"text\" name=\"weight\" \/><\/span>\n<\/p>\n<p><span class=\"wpcf7-form-control-wrap\" data-name=\"size\"><input size=\"40\" maxlength=\"400\" class=\"wpcf7-form-control wpcf7-text wpcf7-validates-as-required\" aria-required=\"true\" aria-invalid=\"false\" placeholder=\"*Size (approx.)\" value=\"\" type=\"text\" name=\"size\" \/><\/span>\n<\/p>\n<h6>Shipment details\n<\/h6>\n<div id=\"honnan-hova\">\n\t<div class=\"flex_column av_one_half  flex_column_div av-zero-column-padding first  avia-builder-el-1  el_after_av_textblock  el_before_av_one_half  column-top-margin\" style=\"border-radius:0px; \">\n\t\t<section class=\"av_textblock_section\" itemscope=\"itemscope\" itemtype=\"https:\/\/schema.org\/CreativeWork\">\n\t\t\t<div class=\"avia_textblock \" itemprop=\"text\">\n\t\t\t\t<p><strong>FROM WHERE<\/strong>\n\t\t\t\t<\/p>\n\t\t\t\t<p><span class=\"wpcf7-form-control-wrap\" data-name=\"sendercountry\"><input size=\"40\" maxlength=\"400\" class=\"wpcf7-form-control wpcf7-text\" aria-invalid=\"false\" placeholder=\"Country\" value=\"\" type=\"text\" name=\"sendercountry\" \/><\/span>\n\t\t\t\t<\/p>\n\t\t\t\t<p><span class=\"wpcf7-form-control-wrap\" data-name=\"sendercity\"><input size=\"40\" maxlength=\"400\" class=\"wpcf7-form-control wpcf7-text\" aria-invalid=\"false\" placeholder=\"City\" value=\"\" type=\"text\" name=\"sendercity\" \/><\/span>\n\t\t\t\t<\/p>\n\t\t\t<\/div>\n\t\t<\/section>\n\t<\/div>\n\t<div class=\"flex_column av_one_half  flex_column_div av-zero-column-padding   avia-builder-el-3  el_after_av_one_half  avia-builder-el-last  column-top-margin\" style=\"border-radius:0px; \">\n\t\t<section class=\"av_textblock_section\" itemscope=\"itemscope\" itemtype=\"https:\/\/schema.org\/CreativeWork\">\n\t\t\t<div class=\"avia_textblock \" itemprop=\"text\">\n\t\t\t\t<p><strong>TO WHERE<\/strong>\n\t\t\t\t<\/p>\n\t\t\t\t<p><span class=\"wpcf7-form-control-wrap\" data-name=\"addresseecountry\"><input size=\"40\" maxlength=\"400\" class=\"wpcf7-form-control wpcf7-text\" aria-invalid=\"false\" placeholder=\"Country\" value=\"\" type=\"text\" name=\"addresseecountry\" \/><\/span>\n\t\t\t\t<\/p>\n\t\t\t\t<p><span class=\"wpcf7-form-control-wrap\" data-name=\"addresseecity\"><input size=\"40\" maxlength=\"400\" class=\"wpcf7-form-control wpcf7-text\" aria-invalid=\"false\" placeholder=\"City\" value=\"\" type=\"text\" name=\"addresseecity\" \/><\/span>\n\t\t\t\t<\/p>\n\t\t\t<\/div>\n\t\t<\/section>\n\t<\/div>\n\t<p>I have read and agree to the <a href=\"https:\/\/www.nemzetkoziszallitas.eu\/nmztkzszllts17\/wp-content\/uploads\/adatvedelmi-tajekoztato-megrendeles-arajanlatkeres.pdf\" target=\"_blank\" rel=\"noopener\">Privacy Policy<\/a>. <span class=\"wpcf7-form-control-wrap\" data-name=\"adatkezeles-elfogadas\"><span class=\"wpcf7-form-control wpcf7-acceptance\"><span class=\"wpcf7-list-item\"><input type=\"checkbox\" name=\"adatkezeles-elfogadas\" value=\"1\" aria-invalid=\"false\" \/><\/span><\/span><\/span><input class=\"wpcf7-form-control wpcf7-submit has-spinner\" type=\"submit\" value=\"Send quote request\" \/>\n\t<\/p>\n<\/div><input type='hidden' class='wpcf7-pum' value='{\"closepopup\":false,\"closedelay\":0,\"openpopup\":false,\"openpopup_id\":0}' \/><div class=\"wpcf7-response-output\" aria-hidden=\"true\"><\/div>\n<\/form>\n<\/div>\n\n<\/div><\/section>\n","protected":false},"excerpt":{"rendered":"","protected":false},"author":7,"featured_media":0,"parent":0,"menu_order":0,"comment_status":"closed","ping_status":"closed","template":"","meta":{"footnotes":"","_links_to":"","_links_to_target":""},"class_list":["post-2411","page","type-page","status-publish","hentry"],"yoast_head":"<!-- This site is optimized with the Yoast SEO plugin v25.7 - https:\/\/yoast.com\/wordpress\/plugins\/seo\/ -->\n<title>Ask for price - Sebesty\u00e9n Transport<\/title>\n<meta name=\"robots\" content=\"index, follow, max-snippet:-1, max-image-preview:large, max-video-preview:-1\" \/>\n<link rel=\"canonical\" href=\"https:\/\/nemzetkoziszallitas.eu\/en\/ask-for-price\/\" \/>\n<meta property=\"og:locale\" content=\"en_US\" \/>\n<meta property=\"og:type\" content=\"article\" \/>\n<meta property=\"og:title\" content=\"Ask for price - Sebesty\u00e9n Transport\" \/>\n<meta property=\"og:url\" content=\"https:\/\/nemzetkoziszallitas.eu\/en\/ask-for-price\/\" \/>\n<meta property=\"og:site_name\" content=\"Sebesty\u00e9n Transport\" \/>\n<meta property=\"article:modified_time\" content=\"2024-09-18T16:31:14+00:00\" \/>\n<meta name=\"twitter:label1\" content=\"Est. reading time\" \/>\n\t<meta name=\"twitter:data1\" content=\"1 minute\" \/>\n<script type=\"application\/ld+json\" class=\"yoast-schema-graph\">{\"@context\":\"https:\/\/schema.org\",\"@graph\":[{\"@type\":\"WebPage\",\"@id\":\"https:\/\/nemzetkoziszallitas.eu\/en\/ask-for-price\/\",\"url\":\"https:\/\/nemzetkoziszallitas.eu\/en\/ask-for-price\/\",\"name\":\"Ask for price - Sebesty\u00e9n Transport\",\"isPartOf\":{\"@id\":\"https:\/\/nemzetkoziszallitas.eu\/#website\"},\"datePublished\":\"2013-10-21T10:15:11+00:00\",\"dateModified\":\"2024-09-18T16:31:14+00:00\",\"breadcrumb\":{\"@id\":\"https:\/\/nemzetkoziszallitas.eu\/en\/ask-for-price\/#breadcrumb\"},\"inLanguage\":\"en-US\",\"potentialAction\":[{\"@type\":\"ReadAction\",\"target\":[\"https:\/\/nemzetkoziszallitas.eu\/en\/ask-for-price\/\"]}]},{\"@type\":\"BreadcrumbList\",\"@id\":\"https:\/\/nemzetkoziszallitas.eu\/en\/ask-for-price\/#breadcrumb\",\"itemListElement\":[{\"@type\":\"ListItem\",\"position\":1,\"name\":\"Kezd\u0151lap\",\"item\":\"https:\/\/nemzetkoziszallitas.eu\/en\/home\/\"},{\"@type\":\"ListItem\",\"position\":2,\"name\":\"Ask for price\"}]},{\"@type\":\"WebSite\",\"@id\":\"https:\/\/nemzetkoziszallitas.eu\/#website\",\"url\":\"https:\/\/nemzetkoziszallitas.eu\/\",\"name\":\"Sebesty\u00e9n Transport\",\"description\":\"fuvaroz\u00e1s, k\u00f6lt\u00f6zet\u00e9s\",\"potentialAction\":[{\"@type\":\"SearchAction\",\"target\":{\"@type\":\"EntryPoint\",\"urlTemplate\":\"https:\/\/nemzetkoziszallitas.eu\/?s={search_term_string}\"},\"query-input\":{\"@type\":\"PropertyValueSpecification\",\"valueRequired\":true,\"valueName\":\"search_term_string\"}}],\"inLanguage\":\"en-US\"}]}<\/script>\n<!-- \/ Yoast SEO plugin. -->","yoast_head_json":{"title":"Ask for price - Sebesty\u00e9n Transport","robots":{"index":"index","follow":"follow","max-snippet":"max-snippet:-1","max-image-preview":"max-image-preview:large","max-video-preview":"max-video-preview:-1"},"canonical":"https:\/\/nemzetkoziszallitas.eu\/en\/ask-for-price\/","og_locale":"en_US","og_type":"article","og_title":"Ask for price - Sebesty\u00e9n Transport","og_url":"https:\/\/nemzetkoziszallitas.eu\/en\/ask-for-price\/","og_site_name":"Sebesty\u00e9n Transport","article_modified_time":"2024-09-18T16:31:14+00:00","twitter_misc":{"Est. reading time":"1 minute"},"schema":{"@context":"https:\/\/schema.org","@graph":[{"@type":"WebPage","@id":"https:\/\/nemzetkoziszallitas.eu\/en\/ask-for-price\/","url":"https:\/\/nemzetkoziszallitas.eu\/en\/ask-for-price\/","name":"Ask for price - Sebesty\u00e9n Transport","isPartOf":{"@id":"https:\/\/nemzetkoziszallitas.eu\/#website"},"datePublished":"2013-10-21T10:15:11+00:00","dateModified":"2024-09-18T16:31:14+00:00","breadcrumb":{"@id":"https:\/\/nemzetkoziszallitas.eu\/en\/ask-for-price\/#breadcrumb"},"inLanguage":"en-US","potentialAction":[{"@type":"ReadAction","target":["https:\/\/nemzetkoziszallitas.eu\/en\/ask-for-price\/"]}]},{"@type":"BreadcrumbList","@id":"https:\/\/nemzetkoziszallitas.eu\/en\/ask-for-price\/#breadcrumb","itemListElement":[{"@type":"ListItem","position":1,"name":"Kezd\u0151lap","item":"https:\/\/nemzetkoziszallitas.eu\/en\/home\/"},{"@type":"ListItem","position":2,"name":"Ask for price"}]},{"@type":"WebSite","@id":"https:\/\/nemzetkoziszallitas.eu\/#website","url":"https:\/\/nemzetkoziszallitas.eu\/","name":"Sebesty\u00e9n Transport","description":"fuvaroz\u00e1s, k\u00f6lt\u00f6zet\u00e9s","potentialAction":[{"@type":"SearchAction","target":{"@type":"EntryPoint","urlTemplate":"https:\/\/nemzetkoziszallitas.eu\/?s={search_term_string}"},"query-input":{"@type":"PropertyValueSpecification","valueRequired":true,"valueName":"search_term_string"}}],"inLanguage":"en-US"}]}},"_links":{"self":[{"href":"https:\/\/nemzetkoziszallitas.eu\/en\/wp-json\/wp\/v2\/pages\/2411","targetHints":{"allow":["GET"]}}],"collection":[{"href":"https:\/\/nemzetkoziszallitas.eu\/en\/wp-json\/wp\/v2\/pages"}],"about":[{"href":"https:\/\/nemzetkoziszallitas.eu\/en\/wp-json\/wp\/v2\/types\/page"}],"author":[{"embeddable":true,"href":"https:\/\/nemzetkoziszallitas.eu\/en\/wp-json\/wp\/v2\/users\/7"}],"replies":[{"embeddable":true,"href":"https:\/\/nemzetkoziszallitas.eu\/en\/wp-json\/wp\/v2\/comments?post=2411"}],"version-history":[{"count":4,"href":"https:\/\/nemzetkoziszallitas.eu\/en\/wp-json\/wp\/v2\/pages\/2411\/revisions"}],"predecessor-version":[{"id":7694,"href":"https:\/\/nemzetkoziszallitas.eu\/en\/wp-json\/wp\/v2\/pages\/2411\/revisions\/7694"}],"wp:attachment":[{"href":"https:\/\/nemzetkoziszallitas.eu\/en\/wp-json\/wp\/v2\/media?parent=2411"}],"curies":[{"name":"wp","href":"https:\/\/api.w.org\/{rel}","templated":true}]}}