{"id":2416,"date":"2012-09-24T17:14:50","date_gmt":"2012-09-24T15:14:50","guid":{"rendered":"http:\/\/www.nemzetkoziszallitas.eu\/megrendelolap\/"},"modified":"2022-02-25T17:19:27","modified_gmt":"2022-02-25T16:19:27","slug":"order-form","status":"publish","type":"page","link":"https:\/\/nemzetkoziszallitas.eu\/en\/order-form\/","title":{"rendered":"Order Form"},"content":{"rendered":"<section  class='av_textblock_section av-av_textblock-35972167d9f102c5ddaec0c531c98b9e'  itemscope=\"itemscope\" itemtype=\"https:\/\/schema.org\/CreativeWork\" ><div class='avia_textblock'  itemprop=\"text\" ><h1>Order Form<\/h1>\n<p><strong>Please note:<\/strong> if you wish to get a Price Quote before you complete the Order Form, please click here to: <em><a style=\"color: #ff7800;\" href=\"https:\/\/nemzetkoziszallitas.eu\/en\/ask-for-price\/\">get a Price Quote<\/a><\/em>.<\/p>\n<p><strong>Important!<\/strong> Before completing the Order Form, you must read our <a style=\"color: #ff7800;\" title=\"General Terms and Conditions of Shipping\" href=\"https:\/\/nemzetkoziszallitas.eu\/en\/general-terms-conditions-shipping\/\" target=\"_blank\"><em>General Terms and Conditions of Shipping<\/em><\/a>.<br \/>\nYou will only be able to send the completed Order Form to us, once the checkbox is ticked, confirming that you have accepted our General Terms and Conditions of Shipping.<br \/>\nTo read our General Terms and Conditions of Shipping, please <em><a style=\"color: #ff7800;\" href=\"https:\/\/nemzetkoziszallitas.eu\/en\/general-terms-conditions-shipping\/\" target=\"_blank\">click here<\/a><\/em>.<\/p>\n<\/div><\/section>\n\n<style type=\"text\/css\" data-created_by=\"avia_inline_auto\" id=\"style-css-av-av_hr-ee2847e2e025ce3d30801259a03f9fd4\">\n#top .hr.hr-invisible.av-av_hr-ee2847e2e025ce3d30801259a03f9fd4{\nheight:10px;\n}\n<\/style>\n<div  class='hr av-av_hr-ee2847e2e025ce3d30801259a03f9fd4 hr-invisible  avia-builder-el-1  el_after_av_textblock  el_before_av_codeblock '><span class='hr-inner '><span class=\"hr-inner-style\"><\/span><\/span><\/div>\n\n","protected":false},"excerpt":{"rendered":"","protected":false},"author":7,"featured_media":0,"parent":0,"menu_order":0,"comment_status":"closed","ping_status":"closed","template":"","meta":{"footnotes":"","_links_to":"","_links_to_target":""},"class_list":["post-2416","page","type-page","status-publish","hentry"],"yoast_head":"<!-- This site is optimized with the Yoast SEO plugin v25.7 - https:\/\/yoast.com\/wordpress\/plugins\/seo\/ -->\n<title>Order Form - Sebesty\u00e9n Transport<\/title>\n<meta name=\"robots\" content=\"index, follow, max-snippet:-1, max-image-preview:large, max-video-preview:-1\" \/>\n<link rel=\"canonical\" href=\"https:\/\/nemzetkoziszallitas.eu\/en\/order-form\/\" \/>\n<meta property=\"og:locale\" content=\"en_US\" \/>\n<meta property=\"og:type\" content=\"article\" \/>\n<meta property=\"og:title\" content=\"Order Form - Sebesty\u00e9n Transport\" \/>\n<meta property=\"og:url\" content=\"https:\/\/nemzetkoziszallitas.eu\/en\/order-form\/\" \/>\n<meta property=\"og:site_name\" content=\"Sebesty\u00e9n Transport\" \/>\n<meta property=\"article:modified_time\" content=\"2022-02-25T16:19:27+00:00\" \/>\n<meta name=\"twitter:label1\" content=\"Est. reading time\" \/>\n\t<meta name=\"twitter:data1\" content=\"1 minute\" \/>\n<script type=\"application\/ld+json\" class=\"yoast-schema-graph\">{\"@context\":\"https:\/\/schema.org\",\"@graph\":[{\"@type\":\"WebPage\",\"@id\":\"https:\/\/nemzetkoziszallitas.eu\/en\/order-form\/\",\"url\":\"https:\/\/nemzetkoziszallitas.eu\/en\/order-form\/\",\"name\":\"Order Form - Sebesty\u00e9n Transport\",\"isPartOf\":{\"@id\":\"https:\/\/nemzetkoziszallitas.eu\/#website\"},\"datePublished\":\"2012-09-24T15:14:50+00:00\",\"dateModified\":\"2022-02-25T16:19:27+00:00\",\"breadcrumb\":{\"@id\":\"https:\/\/nemzetkoziszallitas.eu\/en\/order-form\/#breadcrumb\"},\"inLanguage\":\"en-US\",\"potentialAction\":[{\"@type\":\"ReadAction\",\"target\":[\"https:\/\/nemzetkoziszallitas.eu\/en\/order-form\/\"]}]},{\"@type\":\"BreadcrumbList\",\"@id\":\"https:\/\/nemzetkoziszallitas.eu\/en\/order-form\/#breadcrumb\",\"itemListElement\":[{\"@type\":\"ListItem\",\"position\":1,\"name\":\"Kezd\u0151lap\",\"item\":\"https:\/\/nemzetkoziszallitas.eu\/en\/home\/\"},{\"@type\":\"ListItem\",\"position\":2,\"name\":\"Order Form\"}]},{\"@type\":\"WebSite\",\"@id\":\"https:\/\/nemzetkoziszallitas.eu\/#website\",\"url\":\"https:\/\/nemzetkoziszallitas.eu\/\",\"name\":\"Sebesty\u00e9n Transport\",\"description\":\"fuvaroz\u00e1s, k\u00f6lt\u00f6zet\u00e9s\",\"potentialAction\":[{\"@type\":\"SearchAction\",\"target\":{\"@type\":\"EntryPoint\",\"urlTemplate\":\"https:\/\/nemzetkoziszallitas.eu\/?s={search_term_string}\"},\"query-input\":{\"@type\":\"PropertyValueSpecification\",\"valueRequired\":true,\"valueName\":\"search_term_string\"}}],\"inLanguage\":\"en-US\"}]}<\/script>\n<!-- \/ Yoast SEO plugin. -->","yoast_head_json":{"title":"Order Form - Sebesty\u00e9n Transport","robots":{"index":"index","follow":"follow","max-snippet":"max-snippet:-1","max-image-preview":"max-image-preview:large","max-video-preview":"max-video-preview:-1"},"canonical":"https:\/\/nemzetkoziszallitas.eu\/en\/order-form\/","og_locale":"en_US","og_type":"article","og_title":"Order Form - Sebesty\u00e9n Transport","og_url":"https:\/\/nemzetkoziszallitas.eu\/en\/order-form\/","og_site_name":"Sebesty\u00e9n Transport","article_modified_time":"2022-02-25T16:19:27+00:00","twitter_misc":{"Est. reading time":"1 minute"},"schema":{"@context":"https:\/\/schema.org","@graph":[{"@type":"WebPage","@id":"https:\/\/nemzetkoziszallitas.eu\/en\/order-form\/","url":"https:\/\/nemzetkoziszallitas.eu\/en\/order-form\/","name":"Order Form - Sebesty\u00e9n Transport","isPartOf":{"@id":"https:\/\/nemzetkoziszallitas.eu\/#website"},"datePublished":"2012-09-24T15:14:50+00:00","dateModified":"2022-02-25T16:19:27+00:00","breadcrumb":{"@id":"https:\/\/nemzetkoziszallitas.eu\/en\/order-form\/#breadcrumb"},"inLanguage":"en-US","potentialAction":[{"@type":"ReadAction","target":["https:\/\/nemzetkoziszallitas.eu\/en\/order-form\/"]}]},{"@type":"BreadcrumbList","@id":"https:\/\/nemzetkoziszallitas.eu\/en\/order-form\/#breadcrumb","itemListElement":[{"@type":"ListItem","position":1,"name":"Kezd\u0151lap","item":"https:\/\/nemzetkoziszallitas.eu\/en\/home\/"},{"@type":"ListItem","position":2,"name":"Order Form"}]},{"@type":"WebSite","@id":"https:\/\/nemzetkoziszallitas.eu\/#website","url":"https:\/\/nemzetkoziszallitas.eu\/","name":"Sebesty\u00e9n Transport","description":"fuvaroz\u00e1s, k\u00f6lt\u00f6zet\u00e9s","potentialAction":[{"@type":"SearchAction","target":{"@type":"EntryPoint","urlTemplate":"https:\/\/nemzetkoziszallitas.eu\/?s={search_term_string}"},"query-input":{"@type":"PropertyValueSpecification","valueRequired":true,"valueName":"search_term_string"}}],"inLanguage":"en-US"}]}},"_links":{"self":[{"href":"https:\/\/nemzetkoziszallitas.eu\/en\/wp-json\/wp\/v2\/pages\/2416","targetHints":{"allow":["GET"]}}],"collection":[{"href":"https:\/\/nemzetkoziszallitas.eu\/en\/wp-json\/wp\/v2\/pages"}],"about":[{"href":"https:\/\/nemzetkoziszallitas.eu\/en\/wp-json\/wp\/v2\/types\/page"}],"author":[{"embeddable":true,"href":"https:\/\/nemzetkoziszallitas.eu\/en\/wp-json\/wp\/v2\/users\/7"}],"replies":[{"embeddable":true,"href":"https:\/\/nemzetkoziszallitas.eu\/en\/wp-json\/wp\/v2\/comments?post=2416"}],"version-history":[{"count":10,"href":"https:\/\/nemzetkoziszallitas.eu\/en\/wp-json\/wp\/v2\/pages\/2416\/revisions"}],"predecessor-version":[{"id":2417,"href":"https:\/\/nemzetkoziszallitas.eu\/en\/wp-json\/wp\/v2\/pages\/2416\/revisions\/2417"}],"wp:attachment":[{"href":"https:\/\/nemzetkoziszallitas.eu\/en\/wp-json\/wp\/v2\/media?parent=2416"}],"curies":[{"name":"wp","href":"https:\/\/api.w.org\/{rel}","templated":true}]}}