{"id":2447,"date":"2016-03-08T19:35:11","date_gmt":"2016-03-08T18:35:11","guid":{"rendered":"http:\/\/www.nemzetkoziszallitas.eu\/sutikezelesi-szabalyzat\/"},"modified":"2017-10-19T19:04:47","modified_gmt":"2017-10-19T17:04:47","slug":"cookie-policy","status":"publish","type":"page","link":"https:\/\/nemzetkoziszallitas.eu\/en\/cookie-policy\/","title":{"rendered":"Cookie Policy"},"content":{"rendered":"<div id=\"cookie-kezeles\">\n<h1>Cookie Policy<\/h1>\n<p>Like most websites, we use cookies and similar tools across our website to improve your experience and our website\u2019s performance. This page explains how we do that.<\/p>\n<h2>What are cookies?<\/h2>\n<p>Cookies are small text files which a website may put on your computer or mobile device when you first visit a site or page. The cookie will help the website to recognise your device the next time you visit.<\/p>\n<p>Cookies do many things. For example, they can help us to analyse how well our website is performing, or even allow us to recommend content we believe will be most relevant to you.<\/p>\n<p>Certain cookies contain personal information. For example, if you click to \u201cremember me\u201d when logging in, a cookie will store your username. Most cookies won\u2019t collect information that identifies you. Instead, cookies will collect more general information such as how users arrive at and use our website, or a user\u2019s general location.<\/p>\n<h2>What cookies do we use?<\/h2>\n<p><strong><em>1. Persistent cookies<\/em><\/strong><\/p>\n<p>We use persistent cookies which will be saved on your computer for a fixed period. They won\u2019t be deleted when the browser is closed. We use persistent cookies to recognise the language and currency you set for more than one browsing session.<\/p>\n<p><strong><em>2. Third party cookies<\/em><\/strong><\/p>\n<p>We may use third party suppliers who may also set cookies on our website in order to deliver the services that they are providing. These cookies are known as third party cookies.<\/p>\n<p><strong><em>3. Google Analytics<\/em><\/strong><\/p>\n<p>We use Google Analytics cookies in order to evaluate your use of the website and compile reports for us on activity on the website.<\/p>\n<p>You can learn about Google Analytics cookies by visiting this site:<\/p>\n<p><a href=\"http:\/\/www.google.com\/intl\/en\/privacypolicy.html\">www.google.com\/intl\/en\/privacypolicy.html<\/a><\/p>\n<h2>Can you block our cookies?<\/h2>\n<p>Cookies help you to get the most from our website, so please remember that if you do choose to disable cookies, you may find that certain sections of our website do not work properly.<\/p>\n<h2>How do I disable cookies?<\/h2>\n<p>All recent versions of popular browsers give you a level of control over cookies. You can find out how to control cookies in your browser by visiting this site:<a href=\"http:\/\/www.aboutcookies.org\/Default.aspx?page=1\">www.aboutcookies.org\/Default.aspx?page=1<\/a><\/p>\n<h2>More information<\/h2>\n<p>If you\u2019d like to know more about how businesses use cookies visit:\u00a0<a href=\"http:\/\/www.allaboutcookies.org\">www.allaboutcookies.org<\/a><\/p>\n<\/div>\n","protected":false},"excerpt":{"rendered":"<p>Cookie Policy Like most websites, we use cookies and similar tools across our website to improve your experience and our website\u2019s performance. This page explains how we do that. What are cookies? Cookies are small text files which a website may put on your computer or mobile device when you first visit a site or [&hellip;]<\/p>\n","protected":false},"author":7,"featured_media":0,"parent":0,"menu_order":0,"comment_status":"open","ping_status":"closed","template":"","meta":{"footnotes":"","_links_to":"","_links_to_target":""},"class_list":["post-2447","page","type-page","status-publish","hentry"],"yoast_head":"<!-- This site is optimized with the Yoast SEO plugin v25.7 - https:\/\/yoast.com\/wordpress\/plugins\/seo\/ -->\n<title>Cookie Policy - Sebesty\u00e9n Transport<\/title>\n<meta name=\"robots\" content=\"index, follow, max-snippet:-1, max-image-preview:large, max-video-preview:-1\" \/>\n<link rel=\"canonical\" href=\"https:\/\/nemzetkoziszallitas.eu\/en\/cookie-policy\/\" \/>\n<meta property=\"og:locale\" content=\"en_US\" \/>\n<meta property=\"og:type\" content=\"article\" \/>\n<meta property=\"og:title\" content=\"Cookie Policy - Sebesty\u00e9n Transport\" \/>\n<meta property=\"og:description\" content=\"Cookie Policy Like most websites, we use cookies and similar tools across our website to improve your experience and our website\u2019s performance. This page explains how we do that. What are cookies? Cookies are small text files which a website may put on your computer or mobile device when you first visit a site or [&hellip;]\" \/>\n<meta property=\"og:url\" content=\"https:\/\/nemzetkoziszallitas.eu\/en\/cookie-policy\/\" \/>\n<meta property=\"og:site_name\" content=\"Sebesty\u00e9n Transport\" \/>\n<meta property=\"article:modified_time\" content=\"2017-10-19T17:04:47+00:00\" \/>\n<meta name=\"twitter:label1\" content=\"Est. reading time\" \/>\n\t<meta name=\"twitter:data1\" content=\"2 minutes\" \/>\n<script type=\"application\/ld+json\" class=\"yoast-schema-graph\">{\"@context\":\"https:\/\/schema.org\",\"@graph\":[{\"@type\":\"WebPage\",\"@id\":\"https:\/\/nemzetkoziszallitas.eu\/en\/cookie-policy\/\",\"url\":\"https:\/\/nemzetkoziszallitas.eu\/en\/cookie-policy\/\",\"name\":\"Cookie Policy - Sebesty\u00e9n Transport\",\"isPartOf\":{\"@id\":\"https:\/\/nemzetkoziszallitas.eu\/#website\"},\"datePublished\":\"2016-03-08T18:35:11+00:00\",\"dateModified\":\"2017-10-19T17:04:47+00:00\",\"breadcrumb\":{\"@id\":\"https:\/\/nemzetkoziszallitas.eu\/en\/cookie-policy\/#breadcrumb\"},\"inLanguage\":\"en-US\",\"potentialAction\":[{\"@type\":\"ReadAction\",\"target\":[\"https:\/\/nemzetkoziszallitas.eu\/en\/cookie-policy\/\"]}]},{\"@type\":\"BreadcrumbList\",\"@id\":\"https:\/\/nemzetkoziszallitas.eu\/en\/cookie-policy\/#breadcrumb\",\"itemListElement\":[{\"@type\":\"ListItem\",\"position\":1,\"name\":\"Kezd\u0151lap\",\"item\":\"https:\/\/nemzetkoziszallitas.eu\/en\/home\/\"},{\"@type\":\"ListItem\",\"position\":2,\"name\":\"Cookie Policy\"}]},{\"@type\":\"WebSite\",\"@id\":\"https:\/\/nemzetkoziszallitas.eu\/#website\",\"url\":\"https:\/\/nemzetkoziszallitas.eu\/\",\"name\":\"Sebesty\u00e9n Transport\",\"description\":\"fuvaroz\u00e1s, k\u00f6lt\u00f6zet\u00e9s\",\"potentialAction\":[{\"@type\":\"SearchAction\",\"target\":{\"@type\":\"EntryPoint\",\"urlTemplate\":\"https:\/\/nemzetkoziszallitas.eu\/?s={search_term_string}\"},\"query-input\":{\"@type\":\"PropertyValueSpecification\",\"valueRequired\":true,\"valueName\":\"search_term_string\"}}],\"inLanguage\":\"en-US\"}]}<\/script>\n<!-- \/ Yoast SEO plugin. -->","yoast_head_json":{"title":"Cookie Policy - Sebesty\u00e9n Transport","robots":{"index":"index","follow":"follow","max-snippet":"max-snippet:-1","max-image-preview":"max-image-preview:large","max-video-preview":"max-video-preview:-1"},"canonical":"https:\/\/nemzetkoziszallitas.eu\/en\/cookie-policy\/","og_locale":"en_US","og_type":"article","og_title":"Cookie Policy - Sebesty\u00e9n Transport","og_description":"Cookie Policy Like most websites, we use cookies and similar tools across our website to improve your experience and our website\u2019s performance. This page explains how we do that. What are cookies? Cookies are small text files which a website may put on your computer or mobile device when you first visit a site or [&hellip;]","og_url":"https:\/\/nemzetkoziszallitas.eu\/en\/cookie-policy\/","og_site_name":"Sebesty\u00e9n Transport","article_modified_time":"2017-10-19T17:04:47+00:00","twitter_misc":{"Est. reading time":"2 minutes"},"schema":{"@context":"https:\/\/schema.org","@graph":[{"@type":"WebPage","@id":"https:\/\/nemzetkoziszallitas.eu\/en\/cookie-policy\/","url":"https:\/\/nemzetkoziszallitas.eu\/en\/cookie-policy\/","name":"Cookie Policy - Sebesty\u00e9n Transport","isPartOf":{"@id":"https:\/\/nemzetkoziszallitas.eu\/#website"},"datePublished":"2016-03-08T18:35:11+00:00","dateModified":"2017-10-19T17:04:47+00:00","breadcrumb":{"@id":"https:\/\/nemzetkoziszallitas.eu\/en\/cookie-policy\/#breadcrumb"},"inLanguage":"en-US","potentialAction":[{"@type":"ReadAction","target":["https:\/\/nemzetkoziszallitas.eu\/en\/cookie-policy\/"]}]},{"@type":"BreadcrumbList","@id":"https:\/\/nemzetkoziszallitas.eu\/en\/cookie-policy\/#breadcrumb","itemListElement":[{"@type":"ListItem","position":1,"name":"Kezd\u0151lap","item":"https:\/\/nemzetkoziszallitas.eu\/en\/home\/"},{"@type":"ListItem","position":2,"name":"Cookie Policy"}]},{"@type":"WebSite","@id":"https:\/\/nemzetkoziszallitas.eu\/#website","url":"https:\/\/nemzetkoziszallitas.eu\/","name":"Sebesty\u00e9n Transport","description":"fuvaroz\u00e1s, k\u00f6lt\u00f6zet\u00e9s","potentialAction":[{"@type":"SearchAction","target":{"@type":"EntryPoint","urlTemplate":"https:\/\/nemzetkoziszallitas.eu\/?s={search_term_string}"},"query-input":{"@type":"PropertyValueSpecification","valueRequired":true,"valueName":"search_term_string"}}],"inLanguage":"en-US"}]}},"_links":{"self":[{"href":"https:\/\/nemzetkoziszallitas.eu\/en\/wp-json\/wp\/v2\/pages\/2447","targetHints":{"allow":["GET"]}}],"collection":[{"href":"https:\/\/nemzetkoziszallitas.eu\/en\/wp-json\/wp\/v2\/pages"}],"about":[{"href":"https:\/\/nemzetkoziszallitas.eu\/en\/wp-json\/wp\/v2\/types\/page"}],"author":[{"embeddable":true,"href":"https:\/\/nemzetkoziszallitas.eu\/en\/wp-json\/wp\/v2\/users\/7"}],"replies":[{"embeddable":true,"href":"https:\/\/nemzetkoziszallitas.eu\/en\/wp-json\/wp\/v2\/comments?post=2447"}],"version-history":[{"count":5,"href":"https:\/\/nemzetkoziszallitas.eu\/en\/wp-json\/wp\/v2\/pages\/2447\/revisions"}],"predecessor-version":[{"id":2547,"href":"https:\/\/nemzetkoziszallitas.eu\/en\/wp-json\/wp\/v2\/pages\/2447\/revisions\/2547"}],"wp:attachment":[{"href":"https:\/\/nemzetkoziszallitas.eu\/en\/wp-json\/wp\/v2\/media?parent=2447"}],"curies":[{"name":"wp","href":"https:\/\/api.w.org\/{rel}","templated":true}]}}