{"id":2533,"date":"2013-09-26T19:10:33","date_gmt":"2013-09-26T17:10:33","guid":{"rendered":"http:\/\/www.nemzetkoziszallitas.eu\/koszonjuk-megrendeleset\/"},"modified":"2023-04-27T09:14:08","modified_gmt":"2023-04-27T07:14:08","slug":"thank-you-for-your-order","status":"publish","type":"page","link":"https:\/\/nemzetkoziszallitas.eu\/en\/thank-you-for-your-order\/","title":{"rendered":"Thank you for your order"},"content":{"rendered":"<section  class='av_textblock_section av-av_textblock-0366cc7376be6c9e82a3e9cc8987b64f'  itemscope=\"itemscope\" itemtype=\"https:\/\/schema.org\/CreativeWork\" ><div class='avia_textblock'  itemprop=\"text\" ><h1 style=\"text-align: center;\">Your order was successfully sent.<\/h1>\n<h2 style=\"text-align: center;\"><span class=\"orange\">Thank you.<\/span><\/h2>\n<\/div><\/section>\n\n\n<style type=\"text\/css\" data-created_by=\"avia_inline_auto\" id=\"style-css-av-av_hr-a6de236e6c183bbbd700292deacd2b52\">\n#top .hr.hr-invisible.av-av_hr-a6de236e6c183bbbd700292deacd2b52{\nheight:20px;\n}\n<\/style>\n<div  class='hr av-av_hr-a6de236e6c183bbbd700292deacd2b52 hr-invisible  avia-builder-el-2  el_after_av_codeblock  el_before_av_one_full '><span class='hr-inner '><span class=\"hr-inner-style\"><\/span><\/span><\/div>\n\n<style type=\"text\/css\" data-created_by=\"avia_inline_auto\" id=\"style-css-av-av_one_full-233352bc0a742230982237d55be2cc1d\">\n.flex_column.av-av_one_full-233352bc0a742230982237d55be2cc1d{\nborder-width:1px;\nborder-color:#cccccc;\nborder-style:solid;\n-webkit-border-radius:0px 0px 0px 0px;\n-moz-border-radius:0px 0px 0px 0px;\nborder-radius:0px 0px 0px 0px;\npadding:15px 15px 15px 15px;\nbackground-color:#eeeeee;\n}\n<\/style>\n<div class='flex_column av-av_one_full-233352bc0a742230982237d55be2cc1d av_one_full  avia-builder-el-3  el_after_av_hr  avia-builder-el-last  first flex_column_div '     ><section  class='av_textblock_section av-lgysh6mp-7c036e41fe51c3d6a1f8674ba56ee35a'  itemscope=\"itemscope\" itemtype=\"https:\/\/schema.org\/CreativeWork\" ><div class='avia_textblock'  itemprop=\"text\" ><h2>Important information<\/h2>\n<p>Collection of packages: 1-3 days prior to departure. Delivery and collection of packages abroad: 1-2 days prior to the scheduled return trip, or on the day.<\/p>\n<p>We will notify you about the exact date and timing of the collection and delivery via text message. Please find the departure schedules on our Website. We retain the right to make changes to the schedule.<\/p>\n<p>Please print the Bill of Lading received from us and place it onto your parcel.<\/p>\n<p>There are four important things to mention regarding our services:<\/p>\n<p>Please make sure that you are available on your mobile phone so we can reach you at the time of collection\/delivery, so that our colleague is able to send you the relevant text message.<\/p>\n<p><strong>2. PAYMENT OPTIONS<\/strong><\/p>\n<ul>\n<li>Cash on dispatch<\/li>\n<li>Cash on receipt<\/li>\n<li>By bank transfer in advance<\/li>\n<li>Payment by credit card<\/li>\n<\/ul>\n<p><strong>Note:<\/strong> in the case of prepayment, the freight charges must be credited to our bank account before we can deliver the shipment to the recipient.<\/p>\n<p><strong>Note:<\/strong> Unfortunately, we cannot accept DKK in cash.<\/p>\n<p><strong>3. HOW TO PACK YOUR PARCEL<\/strong><\/p>\n<p>Please read the Packing Tips available on our Website, and follow our guidance when preparing your parcel in order to assist our staff members in their work.<\/p>\n<p><strong>4. If, for any reason, you did not receive any other message from us (other than this one), and it is 1-2 days prior to the planned departure, please give us a call.<\/strong><\/p>\n<p><strong>Our contact numbers are:<\/strong><\/p>\n<p>&#8211; <em>Sweden\/Denmark\/Eastern Germany &#8211; Hungary: + 36 (70) 602-5262<\/em><br \/>\n&#8211; <em>The Netherlands\/Western Germany &#8211; Hungary: + 36 (30) 970-3327<\/em><\/p>\n<p>We appreciate your cooperation.<\/p>\n<p>The Sebitrans team.<\/p>\n<p style=\"text-align: right;\"><strong>S\u00e1ndor Sebesty\u00e9n<\/strong><br \/>\nmanager<\/p>\n<\/div><\/section><\/div>\n","protected":false},"excerpt":{"rendered":"","protected":false},"author":7,"featured_media":0,"parent":0,"menu_order":0,"comment_status":"closed","ping_status":"closed","template":"","meta":{"footnotes":"","_links_to":"","_links_to_target":""},"class_list":["post-2533","page","type-page","status-publish","hentry"],"yoast_head":"<!-- This site is optimized with the Yoast SEO plugin v25.7 - https:\/\/yoast.com\/wordpress\/plugins\/seo\/ -->\n<title>Thank you for your order - Sebesty\u00e9n Transport<\/title>\n<meta name=\"robots\" content=\"index, follow, max-snippet:-1, max-image-preview:large, max-video-preview:-1\" \/>\n<link rel=\"canonical\" href=\"https:\/\/nemzetkoziszallitas.eu\/en\/thank-you-for-your-order\/\" \/>\n<meta property=\"og:locale\" content=\"en_US\" \/>\n<meta property=\"og:type\" content=\"article\" \/>\n<meta property=\"og:title\" content=\"Thank you for your order - Sebesty\u00e9n Transport\" \/>\n<meta property=\"og:url\" content=\"https:\/\/nemzetkoziszallitas.eu\/en\/thank-you-for-your-order\/\" \/>\n<meta property=\"og:site_name\" content=\"Sebesty\u00e9n Transport\" \/>\n<meta property=\"article:modified_time\" content=\"2023-04-27T07:14:08+00:00\" \/>\n<meta property=\"og:image\" content=\"https:\/\/www.facebook.com\/tr?ev=6010220604778&cd%5Bvalue%5D=0.00&cd%5Bcurrency%5D=HUF&noscript=1\" \/>\n<meta name=\"twitter:label1\" content=\"Est. reading time\" \/>\n\t<meta name=\"twitter:data1\" content=\"2 minutes\" \/>\n<script type=\"application\/ld+json\" class=\"yoast-schema-graph\">{\"@context\":\"https:\/\/schema.org\",\"@graph\":[{\"@type\":\"WebPage\",\"@id\":\"https:\/\/nemzetkoziszallitas.eu\/en\/thank-you-for-your-order\/\",\"url\":\"https:\/\/nemzetkoziszallitas.eu\/en\/thank-you-for-your-order\/\",\"name\":\"Thank you for your order - Sebesty\u00e9n Transport\",\"isPartOf\":{\"@id\":\"https:\/\/nemzetkoziszallitas.eu\/#website\"},\"primaryImageOfPage\":{\"@id\":\"https:\/\/nemzetkoziszallitas.eu\/en\/thank-you-for-your-order\/#primaryimage\"},\"image\":{\"@id\":\"https:\/\/nemzetkoziszallitas.eu\/en\/thank-you-for-your-order\/#primaryimage\"},\"thumbnailUrl\":\"https:\/\/www.facebook.com\/tr?ev=6010220604778&cd[value]=0.00&cd[currency]=HUF&noscript=1\",\"datePublished\":\"2013-09-26T17:10:33+00:00\",\"dateModified\":\"2023-04-27T07:14:08+00:00\",\"breadcrumb\":{\"@id\":\"https:\/\/nemzetkoziszallitas.eu\/en\/thank-you-for-your-order\/#breadcrumb\"},\"inLanguage\":\"en-US\",\"potentialAction\":[{\"@type\":\"ReadAction\",\"target\":[\"https:\/\/nemzetkoziszallitas.eu\/en\/thank-you-for-your-order\/\"]}]},{\"@type\":\"ImageObject\",\"inLanguage\":\"en-US\",\"@id\":\"https:\/\/nemzetkoziszallitas.eu\/en\/thank-you-for-your-order\/#primaryimage\",\"url\":\"https:\/\/www.facebook.com\/tr?ev=6010220604778&cd[value]=0.00&cd[currency]=HUF&noscript=1\",\"contentUrl\":\"https:\/\/www.facebook.com\/tr?ev=6010220604778&cd[value]=0.00&cd[currency]=HUF&noscript=1\"},{\"@type\":\"BreadcrumbList\",\"@id\":\"https:\/\/nemzetkoziszallitas.eu\/en\/thank-you-for-your-order\/#breadcrumb\",\"itemListElement\":[{\"@type\":\"ListItem\",\"position\":1,\"name\":\"Kezd\u0151lap\",\"item\":\"https:\/\/nemzetkoziszallitas.eu\/en\/home\/\"},{\"@type\":\"ListItem\",\"position\":2,\"name\":\"Thank you for your order\"}]},{\"@type\":\"WebSite\",\"@id\":\"https:\/\/nemzetkoziszallitas.eu\/#website\",\"url\":\"https:\/\/nemzetkoziszallitas.eu\/\",\"name\":\"Sebesty\u00e9n Transport\",\"description\":\"fuvaroz\u00e1s, k\u00f6lt\u00f6zet\u00e9s\",\"potentialAction\":[{\"@type\":\"SearchAction\",\"target\":{\"@type\":\"EntryPoint\",\"urlTemplate\":\"https:\/\/nemzetkoziszallitas.eu\/?s={search_term_string}\"},\"query-input\":{\"@type\":\"PropertyValueSpecification\",\"valueRequired\":true,\"valueName\":\"search_term_string\"}}],\"inLanguage\":\"en-US\"}]}<\/script>\n<!-- \/ Yoast SEO plugin. -->","yoast_head_json":{"title":"Thank you for your order - Sebesty\u00e9n Transport","robots":{"index":"index","follow":"follow","max-snippet":"max-snippet:-1","max-image-preview":"max-image-preview:large","max-video-preview":"max-video-preview:-1"},"canonical":"https:\/\/nemzetkoziszallitas.eu\/en\/thank-you-for-your-order\/","og_locale":"en_US","og_type":"article","og_title":"Thank you for your order - Sebesty\u00e9n Transport","og_url":"https:\/\/nemzetkoziszallitas.eu\/en\/thank-you-for-your-order\/","og_site_name":"Sebesty\u00e9n Transport","article_modified_time":"2023-04-27T07:14:08+00:00","og_image":[{"url":"https:\/\/www.facebook.com\/tr?ev=6010220604778&cd[value]=0.00&cd[currency]=HUF&noscript=1","type":"","width":"","height":""}],"twitter_misc":{"Est. reading time":"2 minutes"},"schema":{"@context":"https:\/\/schema.org","@graph":[{"@type":"WebPage","@id":"https:\/\/nemzetkoziszallitas.eu\/en\/thank-you-for-your-order\/","url":"https:\/\/nemzetkoziszallitas.eu\/en\/thank-you-for-your-order\/","name":"Thank you for your order - Sebesty\u00e9n Transport","isPartOf":{"@id":"https:\/\/nemzetkoziszallitas.eu\/#website"},"primaryImageOfPage":{"@id":"https:\/\/nemzetkoziszallitas.eu\/en\/thank-you-for-your-order\/#primaryimage"},"image":{"@id":"https:\/\/nemzetkoziszallitas.eu\/en\/thank-you-for-your-order\/#primaryimage"},"thumbnailUrl":"https:\/\/www.facebook.com\/tr?ev=6010220604778&cd[value]=0.00&cd[currency]=HUF&noscript=1","datePublished":"2013-09-26T17:10:33+00:00","dateModified":"2023-04-27T07:14:08+00:00","breadcrumb":{"@id":"https:\/\/nemzetkoziszallitas.eu\/en\/thank-you-for-your-order\/#breadcrumb"},"inLanguage":"en-US","potentialAction":[{"@type":"ReadAction","target":["https:\/\/nemzetkoziszallitas.eu\/en\/thank-you-for-your-order\/"]}]},{"@type":"ImageObject","inLanguage":"en-US","@id":"https:\/\/nemzetkoziszallitas.eu\/en\/thank-you-for-your-order\/#primaryimage","url":"https:\/\/www.facebook.com\/tr?ev=6010220604778&cd[value]=0.00&cd[currency]=HUF&noscript=1","contentUrl":"https:\/\/www.facebook.com\/tr?ev=6010220604778&cd[value]=0.00&cd[currency]=HUF&noscript=1"},{"@type":"BreadcrumbList","@id":"https:\/\/nemzetkoziszallitas.eu\/en\/thank-you-for-your-order\/#breadcrumb","itemListElement":[{"@type":"ListItem","position":1,"name":"Kezd\u0151lap","item":"https:\/\/nemzetkoziszallitas.eu\/en\/home\/"},{"@type":"ListItem","position":2,"name":"Thank you for your order"}]},{"@type":"WebSite","@id":"https:\/\/nemzetkoziszallitas.eu\/#website","url":"https:\/\/nemzetkoziszallitas.eu\/","name":"Sebesty\u00e9n Transport","description":"fuvaroz\u00e1s, k\u00f6lt\u00f6zet\u00e9s","potentialAction":[{"@type":"SearchAction","target":{"@type":"EntryPoint","urlTemplate":"https:\/\/nemzetkoziszallitas.eu\/?s={search_term_string}"},"query-input":{"@type":"PropertyValueSpecification","valueRequired":true,"valueName":"search_term_string"}}],"inLanguage":"en-US"}]}},"_links":{"self":[{"href":"https:\/\/nemzetkoziszallitas.eu\/en\/wp-json\/wp\/v2\/pages\/2533","targetHints":{"allow":["GET"]}}],"collection":[{"href":"https:\/\/nemzetkoziszallitas.eu\/en\/wp-json\/wp\/v2\/pages"}],"about":[{"href":"https:\/\/nemzetkoziszallitas.eu\/en\/wp-json\/wp\/v2\/types\/page"}],"author":[{"embeddable":true,"href":"https:\/\/nemzetkoziszallitas.eu\/en\/wp-json\/wp\/v2\/users\/7"}],"replies":[{"embeddable":true,"href":"https:\/\/nemzetkoziszallitas.eu\/en\/wp-json\/wp\/v2\/comments?post=2533"}],"version-history":[{"count":7,"href":"https:\/\/nemzetkoziszallitas.eu\/en\/wp-json\/wp\/v2\/pages\/2533\/revisions"}],"predecessor-version":[{"id":8866,"href":"https:\/\/nemzetkoziszallitas.eu\/en\/wp-json\/wp\/v2\/pages\/2533\/revisions\/8866"}],"wp:attachment":[{"href":"https:\/\/nemzetkoziszallitas.eu\/en\/wp-json\/wp\/v2\/media?parent=2533"}],"curies":[{"name":"wp","href":"https:\/\/api.w.org\/{rel}","templated":true}]}}