{"id":4450,"date":"2020-08-25T16:41:53","date_gmt":"2020-08-25T14:41:53","guid":{"rendered":"http:\/\/www.nemzetkoziszallitas.eu\/?page_id=4450\/"},"modified":"2020-08-28T11:29:52","modified_gmt":"2020-08-28T09:29:52","slug":"prices","status":"publish","type":"page","link":"https:\/\/nemzetkoziszallitas.eu\/en\/prices\/","title":{"rendered":"Prices"},"content":{"rendered":"\n<style type=\"text\/css\" data-created_by=\"avia_inline_auto\" id=\"style-css-av-av_heading-96a28f425834d9c0e5d74dbb516d238a\">\n#top .av-special-heading.av-av_heading-96a28f425834d9c0e5d74dbb516d238a{\npadding-bottom:30px;\nfont-size:20px;\n}\nbody .av-special-heading.av-av_heading-96a28f425834d9c0e5d74dbb516d238a .av-special-heading-tag .heading-char{\nfont-size:25px;\n}\n#top #wrap_all .av-special-heading.av-av_heading-96a28f425834d9c0e5d74dbb516d238a .av-special-heading-tag{\nfont-size:20px;\n}\n.av-special-heading.av-av_heading-96a28f425834d9c0e5d74dbb516d238a .av-subheading{\nfont-size:21px;\n}\n\n@media only screen and (min-width: 480px) and (max-width: 767px){ \n#top #wrap_all .av-special-heading.av-av_heading-96a28f425834d9c0e5d74dbb516d238a .av-special-heading-tag{\nfont-size:0.8em;\n}\n}\n\n@media only screen and (max-width: 479px){ \n#top #wrap_all .av-special-heading.av-av_heading-96a28f425834d9c0e5d74dbb516d238a .av-special-heading-tag{\nfont-size:0.8em;\n}\n}\n<\/style>\n<div  class='av-special-heading av-av_heading-96a28f425834d9c0e5d74dbb516d238a av-special-heading-h1 blockquote modern-quote modern-centered  avia-builder-el-0  el_before_av_one_third  avia-builder-el-first  herosubtitle av-inherit-size'><h1 class='av-special-heading-tag'  itemprop=\"headline\"  >Price list<\/h1><div class='av-subheading av-subheading_below'><h3>Please select a country!<\/h3>\n<\/div><div class=\"special-heading-border\"><div class=\"special-heading-inner-border\"><\/div><\/div><\/div>\n\n<style type=\"text\/css\" data-created_by=\"avia_inline_auto\" id=\"style-css-av-av_one_third-522233d869959c150b9b9272f42fb257\">\n.flex_column.av-av_one_third-522233d869959c150b9b9272f42fb257{\nborder-width:1px;\nborder-color:#e1e1e1;\nborder-style:solid;\n-webkit-border-radius:0px 0px 0px 0px;\n-moz-border-radius:0px 0px 0px 0px;\nborder-radius:0px 0px 0px 0px;\npadding:25px 0px 10px 0px;\n}\n<\/style>\n<div class='flex_column av-av_one_third-522233d869959c150b9b9272f42fb257 av_one_third  avia-builder-el-1  el_after_av_heading  el_before_av_one_third  one-third first flex_column_div '     ><p>\n<style type=\"text\/css\" data-created_by=\"avia_inline_auto\" id=\"style-css-av-av_image-448b35c0ec11b11afddfb2ebe695d2b4\">\n.avia-image-container.av-av_image-448b35c0ec11b11afddfb2ebe695d2b4 img.avia_image{\nbox-shadow:none;\n}\n.avia-image-container.av-av_image-448b35c0ec11b11afddfb2ebe695d2b4 .av-image-caption-overlay-center{\ncolor:#ffffff;\n}\n<\/style>\n<div  class='avia-image-container av-av_image-448b35c0ec11b11afddfb2ebe695d2b4 av-styling- avia-align-center  avia-builder-el-2  el_before_av_heading  avia-builder-el-first '   itemprop=\"image\" itemscope=\"itemscope\" itemtype=\"https:\/\/schema.org\/ImageObject\" ><div class=\"avia-image-container-inner\"><div class=\"avia-image-overlay-wrap\"><a href=\"https:\/\/nemzetkoziszallitas.eu\/en\/prices\/denmark-freight-charges\/\" class='avia_image' ><img decoding=\"async\" class='wp-image-5542 avia-img-lazy-loading-not-5542 avia_image ' src=\"https:\/\/nemzetkoziszallitas.eu\/nmztkzszllts17\/wp-content\/uploads\/szallitas-daniaba.png\" alt='' title='szallitas-daniaba'  height=\"175\" width=\"175\"  itemprop=\"thumbnailUrl\" srcset=\"https:\/\/nemzetkoziszallitas.eu\/nmztkzszllts17\/wp-content\/uploads\/szallitas-daniaba.png 175w, https:\/\/nemzetkoziszallitas.eu\/nmztkzszllts17\/wp-content\/uploads\/szallitas-daniaba-80x80.png 80w, https:\/\/nemzetkoziszallitas.eu\/nmztkzszllts17\/wp-content\/uploads\/szallitas-daniaba-36x36.png 36w, https:\/\/nemzetkoziszallitas.eu\/nmztkzszllts17\/wp-content\/uploads\/szallitas-daniaba-120x120.png 120w\" sizes=\"(max-width: 175px) 100vw, 175px\" \/><\/a><\/div><\/div><\/div><br \/>\n\n<style type=\"text\/css\" data-created_by=\"avia_inline_auto\" id=\"style-css-av-av_heading-6d33d955efa3a676f3211fade8f1b802\">\n#top .av-special-heading.av-av_heading-6d33d955efa3a676f3211fade8f1b802{\npadding-bottom:10px;\n}\nbody .av-special-heading.av-av_heading-6d33d955efa3a676f3211fade8f1b802 .av-special-heading-tag .heading-char{\nfont-size:25px;\n}\n.av-special-heading.av-av_heading-6d33d955efa3a676f3211fade8f1b802 .av-subheading{\nfont-size:15px;\n}\n<\/style>\n<div  class='av-special-heading av-av_heading-6d33d955efa3a676f3211fade8f1b802 av-special-heading-h3 blockquote modern-quote modern-centered  avia-builder-el-3  el_after_av_image  avia-builder-el-last  one-third-text'><h3 class='av-special-heading-tag'  itemprop=\"headline\"  ><a href=\"https:\/\/www.nemzetkoziszallitas.eu\/en\/price-list\/denmark-freight-charges\/\">Denmark<\/a><\/h3><div class=\"special-heading-border\"><div class=\"special-heading-inner-border\"><\/div><\/div><\/div><\/p><\/div>\n\n<style type=\"text\/css\" data-created_by=\"avia_inline_auto\" id=\"style-css-av-av_one_third-b3a1fc2354c9a90ccd6932f5a274b3df\">\n.flex_column.av-av_one_third-b3a1fc2354c9a90ccd6932f5a274b3df{\nborder-width:1px;\nborder-color:#e1e1e1;\nborder-style:solid;\n-webkit-border-radius:0px 0px 0px 0px;\n-moz-border-radius:0px 0px 0px 0px;\nborder-radius:0px 0px 0px 0px;\npadding:25px 0px 10px 0px;\n}\n<\/style>\n<div class='flex_column av-av_one_third-b3a1fc2354c9a90ccd6932f5a274b3df av_one_third  avia-builder-el-4  el_after_av_one_third  el_before_av_one_third  one-third flex_column_div '     ><p>\n<style type=\"text\/css\" data-created_by=\"avia_inline_auto\" id=\"style-css-av-av_image-ed10e42670cc0d6369947fcc3c5d2b8e\">\n.avia-image-container.av-av_image-ed10e42670cc0d6369947fcc3c5d2b8e img.avia_image{\nbox-shadow:none;\n}\n.avia-image-container.av-av_image-ed10e42670cc0d6369947fcc3c5d2b8e .av-image-caption-overlay-center{\ncolor:#ffffff;\n}\n<\/style>\n<div  class='avia-image-container av-av_image-ed10e42670cc0d6369947fcc3c5d2b8e av-styling- avia-align-center  avia-builder-el-5  el_before_av_heading  avia-builder-el-first '   itemprop=\"image\" itemscope=\"itemscope\" itemtype=\"https:\/\/schema.org\/ImageObject\" ><div class=\"avia-image-container-inner\"><div class=\"avia-image-overlay-wrap\"><a href=\"https:\/\/nemzetkoziszallitas.eu\/en\/prices\/sweden-freight-charges\/\" class='avia_image' ><img decoding=\"async\" class='wp-image-5543 avia-img-lazy-loading-not-5543 avia_image ' src=\"https:\/\/nemzetkoziszallitas.eu\/nmztkzszllts17\/wp-content\/uploads\/szallitas-svedorszagba.png\" alt='' title='szallitas-svedorszagba'  height=\"175\" width=\"175\"  itemprop=\"thumbnailUrl\" srcset=\"https:\/\/nemzetkoziszallitas.eu\/nmztkzszllts17\/wp-content\/uploads\/szallitas-svedorszagba.png 175w, https:\/\/nemzetkoziszallitas.eu\/nmztkzszllts17\/wp-content\/uploads\/szallitas-svedorszagba-80x80.png 80w, https:\/\/nemzetkoziszallitas.eu\/nmztkzszllts17\/wp-content\/uploads\/szallitas-svedorszagba-36x36.png 36w, https:\/\/nemzetkoziszallitas.eu\/nmztkzszllts17\/wp-content\/uploads\/szallitas-svedorszagba-120x120.png 120w\" sizes=\"(max-width: 175px) 100vw, 175px\" \/><\/a><\/div><\/div><\/div><br \/>\n\n<style type=\"text\/css\" data-created_by=\"avia_inline_auto\" id=\"style-css-av-av_heading-7321a437ac410b67257644ebc9c7f9c0\">\n#top .av-special-heading.av-av_heading-7321a437ac410b67257644ebc9c7f9c0{\npadding-bottom:10px;\n}\nbody .av-special-heading.av-av_heading-7321a437ac410b67257644ebc9c7f9c0 .av-special-heading-tag .heading-char{\nfont-size:25px;\n}\n.av-special-heading.av-av_heading-7321a437ac410b67257644ebc9c7f9c0 .av-subheading{\nfont-size:15px;\n}\n<\/style>\n<div  class='av-special-heading av-av_heading-7321a437ac410b67257644ebc9c7f9c0 av-special-heading-h3 blockquote modern-quote modern-centered  avia-builder-el-6  el_after_av_image  avia-builder-el-last  one-third-text'><h3 class='av-special-heading-tag'  itemprop=\"headline\"  ><a href=\"https:\/\/www.nemzetkoziszallitas.eu\/en\/price-list\/sweden-freight-charges\/\">Sweden<\/a><\/h3><div class=\"special-heading-border\"><div class=\"special-heading-inner-border\"><\/div><\/div><\/div><\/p><\/div>\n\n<style type=\"text\/css\" data-created_by=\"avia_inline_auto\" id=\"style-css-av-av_one_third-b3a1fc2354c9a90ccd6932f5a274b3df\">\n.flex_column.av-av_one_third-b3a1fc2354c9a90ccd6932f5a274b3df{\nborder-width:1px;\nborder-color:#e1e1e1;\nborder-style:solid;\n-webkit-border-radius:0px 0px 0px 0px;\n-moz-border-radius:0px 0px 0px 0px;\nborder-radius:0px 0px 0px 0px;\npadding:25px 0px 10px 0px;\n}\n<\/style>\n<div class='flex_column av-av_one_third-b3a1fc2354c9a90ccd6932f5a274b3df av_one_third  avia-builder-el-7  el_after_av_one_third  el_before_av_one_third  one-third flex_column_div '     ><p>\n<style type=\"text\/css\" data-created_by=\"avia_inline_auto\" id=\"style-css-av-av_image-0f322bad323db0efef441e1336d44584\">\n.avia-image-container.av-av_image-0f322bad323db0efef441e1336d44584 img.avia_image{\nbox-shadow:none;\n}\n.avia-image-container.av-av_image-0f322bad323db0efef441e1336d44584 .av-image-caption-overlay-center{\ncolor:#ffffff;\n}\n<\/style>\n<div  class='avia-image-container av-av_image-0f322bad323db0efef441e1336d44584 av-styling- avia-align-center  avia-builder-el-8  el_before_av_heading  avia-builder-el-first '   itemprop=\"image\" itemscope=\"itemscope\" itemtype=\"https:\/\/schema.org\/ImageObject\" ><div class=\"avia-image-container-inner\"><div class=\"avia-image-overlay-wrap\"><a href=\"https:\/\/nemzetkoziszallitas.eu\/en\/prices\/germany-freight-charges\/\" class='avia_image' ><img decoding=\"async\" class='wp-image-5624 avia-img-lazy-loading-not-5624 avia_image ' src=\"https:\/\/nemzetkoziszallitas.eu\/nmztkzszllts17\/wp-content\/uploads\/szallitas-nemetorszagba.png\" alt='' title='Sz\u00e1ll\u00edt\u00e1s N\u00e9metorsz\u00e1gba'  height=\"175\" width=\"175\"  itemprop=\"thumbnailUrl\" srcset=\"https:\/\/nemzetkoziszallitas.eu\/nmztkzszllts17\/wp-content\/uploads\/szallitas-nemetorszagba.png 175w, https:\/\/nemzetkoziszallitas.eu\/nmztkzszllts17\/wp-content\/uploads\/szallitas-nemetorszagba-80x80.png 80w, https:\/\/nemzetkoziszallitas.eu\/nmztkzszllts17\/wp-content\/uploads\/szallitas-nemetorszagba-36x36.png 36w, https:\/\/nemzetkoziszallitas.eu\/nmztkzszllts17\/wp-content\/uploads\/szallitas-nemetorszagba-120x120.png 120w, https:\/\/nemzetkoziszallitas.eu\/nmztkzszllts17\/wp-content\/uploads\/szallitas-nemetorszagba-75x75.png 75w\" sizes=\"(max-width: 175px) 100vw, 175px\" \/><\/a><\/div><\/div><\/div><br \/>\n\n<style type=\"text\/css\" data-created_by=\"avia_inline_auto\" id=\"style-css-av-av_heading-4705bf7d892ea427aa5716c2cc291dd1\">\n#top .av-special-heading.av-av_heading-4705bf7d892ea427aa5716c2cc291dd1{\npadding-bottom:10px;\n}\nbody .av-special-heading.av-av_heading-4705bf7d892ea427aa5716c2cc291dd1 .av-special-heading-tag .heading-char{\nfont-size:25px;\n}\n.av-special-heading.av-av_heading-4705bf7d892ea427aa5716c2cc291dd1 .av-subheading{\nfont-size:15px;\n}\n<\/style>\n<div  class='av-special-heading av-av_heading-4705bf7d892ea427aa5716c2cc291dd1 av-special-heading-h3 blockquote modern-quote modern-centered  avia-builder-el-9  el_after_av_image  avia-builder-el-last  one-third-text'><h3 class='av-special-heading-tag'  itemprop=\"headline\"  ><a href=\"https:\/\/www.nemzetkoziszallitas.eu\/en\/price-list\/germany-freight-charges\/\">Germany<\/a><\/h3><div class=\"special-heading-border\"><div class=\"special-heading-inner-border\"><\/div><\/div><\/div><\/p><\/div>\n\n<style type=\"text\/css\" data-created_by=\"avia_inline_auto\" id=\"style-css-av-av_one_third-522233d869959c150b9b9272f42fb257\">\n.flex_column.av-av_one_third-522233d869959c150b9b9272f42fb257{\nborder-width:1px;\nborder-color:#e1e1e1;\nborder-style:solid;\n-webkit-border-radius:0px 0px 0px 0px;\n-moz-border-radius:0px 0px 0px 0px;\nborder-radius:0px 0px 0px 0px;\npadding:25px 0px 10px 0px;\n}\n<\/style>\n<div class='flex_column av-av_one_third-522233d869959c150b9b9272f42fb257 av_one_third  avia-builder-el-10  el_after_av_one_third  el_before_av_one_third  one-third first flex_column_div column-top-margin'     ><p>\n<style type=\"text\/css\" data-created_by=\"avia_inline_auto\" id=\"style-css-av-av_image-1c0b2ecc24ffd7ff3f64a6c536e23820\">\n.avia-image-container.av-av_image-1c0b2ecc24ffd7ff3f64a6c536e23820 img.avia_image{\nbox-shadow:none;\n}\n.avia-image-container.av-av_image-1c0b2ecc24ffd7ff3f64a6c536e23820 .av-image-caption-overlay-center{\ncolor:#ffffff;\n}\n<\/style>\n<div  class='avia-image-container av-av_image-1c0b2ecc24ffd7ff3f64a6c536e23820 av-styling- avia-align-center  avia-builder-el-11  el_before_av_heading  avia-builder-el-first '   itemprop=\"image\" itemscope=\"itemscope\" itemtype=\"https:\/\/schema.org\/ImageObject\" ><div class=\"avia-image-container-inner\"><div class=\"avia-image-overlay-wrap\"><a href=\"https:\/\/nemzetkoziszallitas.eu\/en\/prices\/netherland-freight-charges\/\" class='avia_image' ><img decoding=\"async\" class='wp-image-5623 avia-img-lazy-loading-not-5623 avia_image ' src=\"https:\/\/nemzetkoziszallitas.eu\/nmztkzszllts17\/wp-content\/uploads\/szallitas-hollandiaba.png\" alt='' title='Sz\u00e1ll\u00edt\u00e1s Hollandi\u00e1ba'  height=\"175\" width=\"175\"  itemprop=\"thumbnailUrl\" srcset=\"https:\/\/nemzetkoziszallitas.eu\/nmztkzszllts17\/wp-content\/uploads\/szallitas-hollandiaba.png 175w, https:\/\/nemzetkoziszallitas.eu\/nmztkzszllts17\/wp-content\/uploads\/szallitas-hollandiaba-80x80.png 80w, https:\/\/nemzetkoziszallitas.eu\/nmztkzszllts17\/wp-content\/uploads\/szallitas-hollandiaba-36x36.png 36w, https:\/\/nemzetkoziszallitas.eu\/nmztkzszllts17\/wp-content\/uploads\/szallitas-hollandiaba-120x120.png 120w, https:\/\/nemzetkoziszallitas.eu\/nmztkzszllts17\/wp-content\/uploads\/szallitas-hollandiaba-75x75.png 75w\" sizes=\"(max-width: 175px) 100vw, 175px\" \/><\/a><\/div><\/div><\/div><br \/>\n\n<style type=\"text\/css\" data-created_by=\"avia_inline_auto\" id=\"style-css-av-av_heading-235eb9943dcbe2173fdb9284f0722ad7\">\n#top .av-special-heading.av-av_heading-235eb9943dcbe2173fdb9284f0722ad7{\npadding-bottom:10px;\n}\nbody .av-special-heading.av-av_heading-235eb9943dcbe2173fdb9284f0722ad7 .av-special-heading-tag .heading-char{\nfont-size:25px;\n}\n.av-special-heading.av-av_heading-235eb9943dcbe2173fdb9284f0722ad7 .av-subheading{\nfont-size:15px;\n}\n<\/style>\n<div  class='av-special-heading av-av_heading-235eb9943dcbe2173fdb9284f0722ad7 av-special-heading-h3 blockquote modern-quote modern-centered  avia-builder-el-12  el_after_av_image  avia-builder-el-last  one-third-text'><h3 class='av-special-heading-tag'  itemprop=\"headline\"  ><a>Netherlands<\/a><\/h3><div class=\"special-heading-border\"><div class=\"special-heading-inner-border\"><\/div><\/div><\/div><\/p><\/div>\n\n<style type=\"text\/css\" data-created_by=\"avia_inline_auto\" id=\"style-css-av-av_one_third-b3a1fc2354c9a90ccd6932f5a274b3df\">\n.flex_column.av-av_one_third-b3a1fc2354c9a90ccd6932f5a274b3df{\nborder-width:1px;\nborder-color:#e1e1e1;\nborder-style:solid;\n-webkit-border-radius:0px 0px 0px 0px;\n-moz-border-radius:0px 0px 0px 0px;\nborder-radius:0px 0px 0px 0px;\npadding:25px 0px 10px 0px;\n}\n<\/style>\n<div class='flex_column av-av_one_third-b3a1fc2354c9a90ccd6932f5a274b3df av_one_third  avia-builder-el-13  el_after_av_one_third  el_before_av_one_third  one-third flex_column_div column-top-margin'     ><p>\n<style type=\"text\/css\" data-created_by=\"avia_inline_auto\" id=\"style-css-av-av_image-2235193e30bc7d1e6a6ee687c08aa365\">\n.avia-image-container.av-av_image-2235193e30bc7d1e6a6ee687c08aa365 img.avia_image{\nbox-shadow:none;\n}\n.avia-image-container.av-av_image-2235193e30bc7d1e6a6ee687c08aa365 .av-image-caption-overlay-center{\ncolor:#ffffff;\n}\n<\/style>\n<div  class='avia-image-container av-av_image-2235193e30bc7d1e6a6ee687c08aa365 av-styling- avia-align-center  avia-builder-el-14  el_before_av_heading  avia-builder-el-first '   itemprop=\"image\" itemscope=\"itemscope\" itemtype=\"https:\/\/schema.org\/ImageObject\" ><div class=\"avia-image-container-inner\"><div class=\"avia-image-overlay-wrap\"><a href=\"https:\/\/nemzetkoziszallitas.eu\/en\/prices\/belgium-freight-charges\/\" class='avia_image' ><img decoding=\"async\" class='wp-image-5622 avia-img-lazy-loading-not-5622 avia_image ' src=\"https:\/\/nemzetkoziszallitas.eu\/nmztkzszllts17\/wp-content\/uploads\/szallitas-belgiumba.png\" alt='Transport to Belgium' title='Sz\u00e1ll\u00edt\u00e1s Belgiumba'  height=\"175\" width=\"175\"  itemprop=\"thumbnailUrl\" srcset=\"https:\/\/nemzetkoziszallitas.eu\/nmztkzszllts17\/wp-content\/uploads\/szallitas-belgiumba.png 175w, https:\/\/nemzetkoziszallitas.eu\/nmztkzszllts17\/wp-content\/uploads\/szallitas-belgiumba-80x80.png 80w, https:\/\/nemzetkoziszallitas.eu\/nmztkzszllts17\/wp-content\/uploads\/szallitas-belgiumba-36x36.png 36w, https:\/\/nemzetkoziszallitas.eu\/nmztkzszllts17\/wp-content\/uploads\/szallitas-belgiumba-120x120.png 120w, https:\/\/nemzetkoziszallitas.eu\/nmztkzszllts17\/wp-content\/uploads\/szallitas-belgiumba-75x75.png 75w\" sizes=\"(max-width: 175px) 100vw, 175px\" \/><\/a><\/div><\/div><\/div><br \/>\n\n<style type=\"text\/css\" data-created_by=\"avia_inline_auto\" id=\"style-css-av-av_heading-beaf17eaa5c595c6c5f5b23de528adf9\">\n#top .av-special-heading.av-av_heading-beaf17eaa5c595c6c5f5b23de528adf9{\npadding-bottom:10px;\n}\nbody .av-special-heading.av-av_heading-beaf17eaa5c595c6c5f5b23de528adf9 .av-special-heading-tag .heading-char{\nfont-size:25px;\n}\n.av-special-heading.av-av_heading-beaf17eaa5c595c6c5f5b23de528adf9 .av-subheading{\nfont-size:15px;\n}\n<\/style>\n<div  class='av-special-heading av-av_heading-beaf17eaa5c595c6c5f5b23de528adf9 av-special-heading-h3 blockquote modern-quote modern-centered  avia-builder-el-15  el_after_av_image  avia-builder-el-last  one-third-text'><h3 class='av-special-heading-tag'  itemprop=\"headline\"  ><a href=\"https:\/\/www.nemzetkoziszallitas.eu\/en\/price-list\/belgium-freight-charges\/\">Belgium<\/a><\/h3><div class=\"special-heading-border\"><div class=\"special-heading-inner-border\"><\/div><\/div><\/div><\/p><\/div>\n\n<style type=\"text\/css\" data-created_by=\"avia_inline_auto\" id=\"style-css-av-av_one_third-3616e873e3c091469560833ca54f8937\">\n.flex_column.av-av_one_third-3616e873e3c091469560833ca54f8937{\nborder-width:1px;\nborder-color:#e1e1e1;\nborder-style:solid;\n-webkit-border-radius:0px 0px 0px 0px;\n-moz-border-radius:0px 0px 0px 0px;\nborder-radius:0px 0px 0px 0px;\npadding:25px 0px 10px 0px;\n}\n<\/style>\n<div class='flex_column av-av_one_third-3616e873e3c091469560833ca54f8937 av_one_third  avia-builder-el-16  el_after_av_one_third  avia-builder-el-last  one-third flex_column_div column-top-margin'     ><p>\n<style type=\"text\/css\" data-created_by=\"avia_inline_auto\" id=\"style-css-av-av_image-24c12b77550ad08c7e74d2d9bbb8eb3b\">\n.avia-image-container.av-av_image-24c12b77550ad08c7e74d2d9bbb8eb3b img.avia_image{\nbox-shadow:none;\n}\n.avia-image-container.av-av_image-24c12b77550ad08c7e74d2d9bbb8eb3b .av-image-caption-overlay-center{\ncolor:#ffffff;\n}\n<\/style>\n<div  class='avia-image-container av-av_image-24c12b77550ad08c7e74d2d9bbb8eb3b av-styling- avia-align-center  avia-builder-el-17  el_before_av_heading  avia-builder-el-first '   itemprop=\"image\" itemscope=\"itemscope\" itemtype=\"https:\/\/schema.org\/ImageObject\" ><div class=\"avia-image-container-inner\"><div class=\"avia-image-overlay-wrap\"><a href=\"https:\/\/nemzetkoziszallitas.eu\/en\/other-countries\/\" class='avia_image' ><img decoding=\"async\" class='wp-image-5663 avia-img-lazy-loading-not-5663 avia_image ' src=\"https:\/\/nemzetkoziszallitas.eu\/nmztkzszllts17\/wp-content\/uploads\/europe.jpg\" alt='' title='europe'  height=\"175\" width=\"175\"  itemprop=\"thumbnailUrl\" srcset=\"https:\/\/nemzetkoziszallitas.eu\/nmztkzszllts17\/wp-content\/uploads\/europe.jpg 175w, https:\/\/nemzetkoziszallitas.eu\/nmztkzszllts17\/wp-content\/uploads\/europe-80x80.jpg 80w, https:\/\/nemzetkoziszallitas.eu\/nmztkzszllts17\/wp-content\/uploads\/europe-36x36.jpg 36w, https:\/\/nemzetkoziszallitas.eu\/nmztkzszllts17\/wp-content\/uploads\/europe-120x120.jpg 120w, https:\/\/nemzetkoziszallitas.eu\/nmztkzszllts17\/wp-content\/uploads\/europe-75x75.jpg 75w\" sizes=\"(max-width: 175px) 100vw, 175px\" \/><\/a><\/div><\/div><\/div><br \/>\n\n<style type=\"text\/css\" data-created_by=\"avia_inline_auto\" id=\"style-css-av-av_heading-cd79b5c17c536af9ad40fdacda6c594a\">\n#top .av-special-heading.av-av_heading-cd79b5c17c536af9ad40fdacda6c594a{\npadding-bottom:10px;\n}\nbody .av-special-heading.av-av_heading-cd79b5c17c536af9ad40fdacda6c594a .av-special-heading-tag .heading-char{\nfont-size:25px;\n}\n.av-special-heading.av-av_heading-cd79b5c17c536af9ad40fdacda6c594a .av-subheading{\nfont-size:15px;\n}\n<\/style>\n<div  class='av-special-heading av-av_heading-cd79b5c17c536af9ad40fdacda6c594a av-special-heading-h3 blockquote modern-quote modern-centered  avia-builder-el-18  el_after_av_image  avia-builder-el-last  one-third-text'><h3 class='av-special-heading-tag'  itemprop=\"headline\"  ><a href=\"https:\/\/www.nemzetkoziszallitas.eu\/en\/other-countries\/\">Other countries<\/a><\/h3><div class=\"special-heading-border\"><div class=\"special-heading-inner-border\"><\/div><\/div><\/div><\/p><\/div>\n","protected":false},"excerpt":{"rendered":"","protected":false},"author":7,"featured_media":0,"parent":0,"menu_order":0,"comment_status":"closed","ping_status":"closed","template":"","meta":{"footnotes":"","_links_to":"","_links_to_target":""},"class_list":["post-4450","page","type-page","status-publish","hentry"],"yoast_head":"<!-- This site is optimized with the Yoast SEO plugin v25.7 - https:\/\/yoast.com\/wordpress\/plugins\/seo\/ -->\n<title>Prices - Sebesty\u00e9n Transport<\/title>\n<meta name=\"robots\" content=\"index, follow, max-snippet:-1, max-image-preview:large, max-video-preview:-1\" \/>\n<link rel=\"canonical\" href=\"https:\/\/nemzetkoziszallitas.eu\/en\/prices\/\" \/>\n<meta property=\"og:locale\" content=\"en_US\" \/>\n<meta property=\"og:type\" content=\"article\" \/>\n<meta property=\"og:title\" content=\"Prices - Sebesty\u00e9n Transport\" \/>\n<meta property=\"og:url\" content=\"https:\/\/nemzetkoziszallitas.eu\/en\/prices\/\" \/>\n<meta property=\"og:site_name\" content=\"Sebesty\u00e9n Transport\" \/>\n<meta property=\"article:modified_time\" content=\"2020-08-28T09:29:52+00:00\" \/>\n<meta name=\"twitter:label1\" content=\"Est. reading time\" \/>\n\t<meta name=\"twitter:data1\" content=\"5 minutes\" \/>\n<script type=\"application\/ld+json\" class=\"yoast-schema-graph\">{\"@context\":\"https:\/\/schema.org\",\"@graph\":[{\"@type\":\"WebPage\",\"@id\":\"https:\/\/nemzetkoziszallitas.eu\/en\/prices\/\",\"url\":\"https:\/\/nemzetkoziszallitas.eu\/en\/prices\/\",\"name\":\"Prices - Sebesty\u00e9n Transport\",\"isPartOf\":{\"@id\":\"https:\/\/nemzetkoziszallitas.eu\/#website\"},\"datePublished\":\"2020-08-25T14:41:53+00:00\",\"dateModified\":\"2020-08-28T09:29:52+00:00\",\"breadcrumb\":{\"@id\":\"https:\/\/nemzetkoziszallitas.eu\/en\/prices\/#breadcrumb\"},\"inLanguage\":\"en-US\",\"potentialAction\":[{\"@type\":\"ReadAction\",\"target\":[\"https:\/\/nemzetkoziszallitas.eu\/en\/prices\/\"]}]},{\"@type\":\"BreadcrumbList\",\"@id\":\"https:\/\/nemzetkoziszallitas.eu\/en\/prices\/#breadcrumb\",\"itemListElement\":[{\"@type\":\"ListItem\",\"position\":1,\"name\":\"Kezd\u0151lap\",\"item\":\"https:\/\/nemzetkoziszallitas.eu\/en\/home\/\"},{\"@type\":\"ListItem\",\"position\":2,\"name\":\"Prices\"}]},{\"@type\":\"WebSite\",\"@id\":\"https:\/\/nemzetkoziszallitas.eu\/#website\",\"url\":\"https:\/\/nemzetkoziszallitas.eu\/\",\"name\":\"Sebesty\u00e9n Transport\",\"description\":\"fuvaroz\u00e1s, k\u00f6lt\u00f6zet\u00e9s\",\"potentialAction\":[{\"@type\":\"SearchAction\",\"target\":{\"@type\":\"EntryPoint\",\"urlTemplate\":\"https:\/\/nemzetkoziszallitas.eu\/?s={search_term_string}\"},\"query-input\":{\"@type\":\"PropertyValueSpecification\",\"valueRequired\":true,\"valueName\":\"search_term_string\"}}],\"inLanguage\":\"en-US\"}]}<\/script>\n<!-- \/ Yoast SEO plugin. -->","yoast_head_json":{"title":"Prices - Sebesty\u00e9n Transport","robots":{"index":"index","follow":"follow","max-snippet":"max-snippet:-1","max-image-preview":"max-image-preview:large","max-video-preview":"max-video-preview:-1"},"canonical":"https:\/\/nemzetkoziszallitas.eu\/en\/prices\/","og_locale":"en_US","og_type":"article","og_title":"Prices - Sebesty\u00e9n Transport","og_url":"https:\/\/nemzetkoziszallitas.eu\/en\/prices\/","og_site_name":"Sebesty\u00e9n Transport","article_modified_time":"2020-08-28T09:29:52+00:00","twitter_misc":{"Est. reading time":"5 minutes"},"schema":{"@context":"https:\/\/schema.org","@graph":[{"@type":"WebPage","@id":"https:\/\/nemzetkoziszallitas.eu\/en\/prices\/","url":"https:\/\/nemzetkoziszallitas.eu\/en\/prices\/","name":"Prices - Sebesty\u00e9n Transport","isPartOf":{"@id":"https:\/\/nemzetkoziszallitas.eu\/#website"},"datePublished":"2020-08-25T14:41:53+00:00","dateModified":"2020-08-28T09:29:52+00:00","breadcrumb":{"@id":"https:\/\/nemzetkoziszallitas.eu\/en\/prices\/#breadcrumb"},"inLanguage":"en-US","potentialAction":[{"@type":"ReadAction","target":["https:\/\/nemzetkoziszallitas.eu\/en\/prices\/"]}]},{"@type":"BreadcrumbList","@id":"https:\/\/nemzetkoziszallitas.eu\/en\/prices\/#breadcrumb","itemListElement":[{"@type":"ListItem","position":1,"name":"Kezd\u0151lap","item":"https:\/\/nemzetkoziszallitas.eu\/en\/home\/"},{"@type":"ListItem","position":2,"name":"Prices"}]},{"@type":"WebSite","@id":"https:\/\/nemzetkoziszallitas.eu\/#website","url":"https:\/\/nemzetkoziszallitas.eu\/","name":"Sebesty\u00e9n Transport","description":"fuvaroz\u00e1s, k\u00f6lt\u00f6zet\u00e9s","potentialAction":[{"@type":"SearchAction","target":{"@type":"EntryPoint","urlTemplate":"https:\/\/nemzetkoziszallitas.eu\/?s={search_term_string}"},"query-input":{"@type":"PropertyValueSpecification","valueRequired":true,"valueName":"search_term_string"}}],"inLanguage":"en-US"}]}},"_links":{"self":[{"href":"https:\/\/nemzetkoziszallitas.eu\/en\/wp-json\/wp\/v2\/pages\/4450","targetHints":{"allow":["GET"]}}],"collection":[{"href":"https:\/\/nemzetkoziszallitas.eu\/en\/wp-json\/wp\/v2\/pages"}],"about":[{"href":"https:\/\/nemzetkoziszallitas.eu\/en\/wp-json\/wp\/v2\/types\/page"}],"author":[{"embeddable":true,"href":"https:\/\/nemzetkoziszallitas.eu\/en\/wp-json\/wp\/v2\/users\/7"}],"replies":[{"embeddable":true,"href":"https:\/\/nemzetkoziszallitas.eu\/en\/wp-json\/wp\/v2\/comments?post=4450"}],"version-history":[{"count":16,"href":"https:\/\/nemzetkoziszallitas.eu\/en\/wp-json\/wp\/v2\/pages\/4450\/revisions"}],"predecessor-version":[{"id":4510,"href":"https:\/\/nemzetkoziszallitas.eu\/en\/wp-json\/wp\/v2\/pages\/4450\/revisions\/4510"}],"wp:attachment":[{"href":"https:\/\/nemzetkoziszallitas.eu\/en\/wp-json\/wp\/v2\/media?parent=4450"}],"curies":[{"name":"wp","href":"https:\/\/api.w.org\/{rel}","templated":true}]}}