{"id":4472,"date":"2020-08-26T16:39:20","date_gmt":"2020-08-26T14:39:20","guid":{"rendered":"http:\/\/www.nemzetkoziszallitas.eu\/?page_id=4472\/"},"modified":"2024-03-20T13:19:13","modified_gmt":"2024-03-20T12:19:13","slug":"denmark-freight-charges","status":"publish","type":"page","link":"https:\/\/nemzetkoziszallitas.eu\/en\/prices\/denmark-freight-charges\/","title":{"rendered":"Denmark freight charges"},"content":{"rendered":"\n<style type=\"text\/css\" data-created_by=\"avia_inline_auto\" id=\"style-css-av-ghl9ko-afc324d5cb3178c7fa2a8779a3c0da08\">\n#top .av-special-heading.av-ghl9ko-afc324d5cb3178c7fa2a8779a3c0da08{\npadding-bottom:30px;\n}\nbody .av-special-heading.av-ghl9ko-afc324d5cb3178c7fa2a8779a3c0da08 .av-special-heading-tag .heading-char{\nfont-size:25px;\n}\n.av-special-heading.av-ghl9ko-afc324d5cb3178c7fa2a8779a3c0da08 .av-subheading{\nfont-size:15px;\n}\n<\/style>\n<div  class='av-special-heading av-ghl9ko-afc324d5cb3178c7fa2a8779a3c0da08 av-special-heading-h1 blockquote modern-quote  avia-builder-el-0  el_before_av_codeblock  avia-builder-el-first '><h1 class='av-special-heading-tag'  itemprop=\"headline\"  >Denmark freight charges<\/h1><div class='av-subheading av-subheading_below'><p>Please ask for a special Price Quote, if your cargo exceeds 50 kg.<\/p>\n<\/div><div class=\"special-heading-border\"><div class=\"special-heading-inner-border\"><\/div><\/div><\/div>\n\n\n<style type=\"text\/css\" data-created_by=\"avia_inline_auto\" id=\"style-css-av-lgggh1w5-36f1ad14cd75463cbaebda6375af23ba\">\n#top .av-special-heading.av-lgggh1w5-36f1ad14cd75463cbaebda6375af23ba{\npadding-bottom:10px;\n}\nbody .av-special-heading.av-lgggh1w5-36f1ad14cd75463cbaebda6375af23ba .av-special-heading-tag .heading-char{\nfont-size:25px;\n}\n.av-special-heading.av-lgggh1w5-36f1ad14cd75463cbaebda6375af23ba .av-subheading{\nfont-size:15px;\n}\n<\/style>\n<div  class='av-special-heading av-lgggh1w5-36f1ad14cd75463cbaebda6375af23ba av-special-heading-h3 blockquote modern-quote modern-centered  avia-builder-el-2  el_after_av_codeblock  el_before_av_codeblock '><h3 class='av-special-heading-tag'  itemprop=\"headline\"  >Denmark \u2013 Budapest<\/h3><div class=\"special-heading-border\"><div class=\"special-heading-inner-border\"><\/div><\/div><\/div>\n\n\n<style type=\"text\/css\" data-created_by=\"avia_inline_auto\" id=\"style-css-av-bj5vag-34e952a7cefe3f6afa577af88f2df623\">\n#top .hr.hr-invisible.av-bj5vag-34e952a7cefe3f6afa577af88f2df623{\nheight:25px;\n}\n<\/style>\n<div  class='hr av-bj5vag-34e952a7cefe3f6afa577af88f2df623 hr-invisible  avia-builder-el-4  el_after_av_codeblock  el_before_av_textblock '><span class='hr-inner '><span class=\"hr-inner-style\"><\/span><\/span><\/div>\n<section  class='av_textblock_section av-9s42bs-48d55710c84ba746d7f87b49f4777c4f'  itemscope=\"itemscope\" itemtype=\"https:\/\/schema.org\/CreativeWork\" ><div class='avia_textblock'  itemprop=\"text\" ><p style=\"text-align: center;\"><strong>All prices listed above include 30 minutes of loading time.<\/strong><\/p>\n<p align=\"center\"><strong>For small weight cargo (e.g. foam rubber),<br \/>\nthe fees will be charged based on volumetric weight.<br \/>\n<\/strong>The basis for calculation: W (cm) x L (cm) x H (cm) \/ 6,000 = volumetric weight (kg).<\/p>\n<h2 style=\"margin-top: 0!important;\" align=\"center\">For any other cargo products<br \/>\n<small>(e.g. bicycle, bike, furniture, pallet goods, pets \u2026)<\/small><br \/>\nplease ask for a special Price Quote.<\/h2>\n<p style=\"text-align: center;\" align=\"center\">* The fees are valid from 20.03.2024 until withdrawn.<\/p>\n<\/div><\/section>\n\n<style type=\"text\/css\" data-created_by=\"avia_inline_auto\" id=\"style-css-av-8635pk-0be92992967201a7f5842036ad0f40e8\">\n#top .hr.hr-invisible.av-8635pk-0be92992967201a7f5842036ad0f40e8{\nheight:25px;\n}\n<\/style>\n<div  class='hr av-8635pk-0be92992967201a7f5842036ad0f40e8 hr-invisible  avia-builder-el-6  el_after_av_textblock  el_before_av_textblock '><span class='hr-inner '><span class=\"hr-inner-style\"><\/span><\/span><\/div>\n<section  class='av_textblock_section av-64feqw-26c394260ec7abddb392cbb2b5df11b3'  itemscope=\"itemscope\" itemtype=\"https:\/\/schema.org\/CreativeWork\" ><div class='avia_textblock'  itemprop=\"text\" ><h2 align=\"center\">Place your order for any international transportation service you require now&#8230;<\/h2>\n<\/div><\/section>\n\n<style type=\"text\/css\" data-created_by=\"avia_inline_auto\" id=\"style-css-av-3zqclk-73a37dc04741e74e0af3a937a7505d8c\">\n.flex_column.av-3zqclk-73a37dc04741e74e0af3a937a7505d8c{\n-webkit-border-radius:0px 0px 0px 0px;\n-moz-border-radius:0px 0px 0px 0px;\nborder-radius:0px 0px 0px 0px;\n}\n<\/style>\n<div class='flex_column av-3zqclk-73a37dc04741e74e0af3a937a7505d8c av_one_full  avia-builder-el-8  el_after_av_textblock  avia-builder-el-last  first flex_column_div av-zero-column-padding column-top-margin'     ><div  class='avia-button-wrap av-2x3bfs-2f83fb0f5df4acdd832181355b366a0c-wrap avia-button-center  avia-builder-el-9  avia-builder-el-no-sibling ' ><a href='https:\/\/nemzetkoziszallitas.eu\/en\/ask-for-price\/'  class='avia-button av-2x3bfs-2f83fb0f5df4acdd832181355b366a0c avia-icon_select-no avia-size-large avia-position-center avia-color-theme-color' ><span class='avia_iconbox_title' >ORDER NOW<\/span><\/a><\/div><\/div>\n","protected":false},"excerpt":{"rendered":"","protected":false},"author":7,"featured_media":0,"parent":4450,"menu_order":0,"comment_status":"closed","ping_status":"closed","template":"","meta":{"footnotes":"","_links_to":"","_links_to_target":""},"class_list":["post-4472","page","type-page","status-publish","hentry"],"yoast_head":"<!-- This site is optimized with the Yoast SEO plugin v25.7 - https:\/\/yoast.com\/wordpress\/plugins\/seo\/ -->\n<title>Nemzetk\u00f6zi sz\u00e1ll\u00edt\u00e1s \u00e1rak | Biztons\u00e1gos sz\u00e1ll\u00edt\u00e1s | Sebesty\u00e9n Transport<\/title>\n<meta name=\"description\" content=\"Tekintse meg nemzetk\u00f6zi sz\u00e1ll\u00edt\u00e1s \u00e1rainkat. Sz\u00e1ll\u00edt\u00e1s D\u00e1ni\u00e1ba, Sv\u00e9dorsz\u00e1gba, Hollandi\u00e1ba, N\u00e9metorsz\u00e1gba, valamint belf\u00f6ldi sz\u00e1ll\u00edt\u00e1s \u00e9s rakt\u00e1roz\u00e1s.\" \/>\n<meta name=\"robots\" content=\"index, follow, max-snippet:-1, max-image-preview:large, max-video-preview:-1\" \/>\n<link rel=\"canonical\" href=\"https:\/\/nemzetkoziszallitas.eu\/prices\/denmark-freight-charges\/?lang=en\" \/>\n<meta property=\"og:locale\" content=\"en_US\" \/>\n<meta property=\"og:type\" content=\"article\" \/>\n<meta property=\"og:title\" content=\"Nemzetk\u00f6zi sz\u00e1ll\u00edt\u00e1s \u00e1rak | Biztons\u00e1gos sz\u00e1ll\u00edt\u00e1s | Sebesty\u00e9n Transport\" \/>\n<meta property=\"og:description\" content=\"Tekintse meg nemzetk\u00f6zi sz\u00e1ll\u00edt\u00e1s \u00e1rainkat. Sz\u00e1ll\u00edt\u00e1s D\u00e1ni\u00e1ba, Sv\u00e9dorsz\u00e1gba, Hollandi\u00e1ba, N\u00e9metorsz\u00e1gba, valamint belf\u00f6ldi sz\u00e1ll\u00edt\u00e1s \u00e9s rakt\u00e1roz\u00e1s.\" \/>\n<meta property=\"og:url\" content=\"https:\/\/nemzetkoziszallitas.eu\/prices\/denmark-freight-charges\/?lang=en\" \/>\n<meta property=\"og:site_name\" content=\"Sebesty\u00e9n Transport\" \/>\n<meta property=\"article:modified_time\" content=\"2024-03-20T12:19:13+00:00\" \/>\n<meta name=\"twitter:label1\" content=\"Est. reading time\" \/>\n\t<meta name=\"twitter:data1\" content=\"2 minutes\" \/>\n<script type=\"application\/ld+json\" class=\"yoast-schema-graph\">{\"@context\":\"https:\/\/schema.org\",\"@graph\":[{\"@type\":\"WebPage\",\"@id\":\"https:\/\/nemzetkoziszallitas.eu\/prices\/denmark-freight-charges\/?lang=en\",\"url\":\"https:\/\/nemzetkoziszallitas.eu\/prices\/denmark-freight-charges\/?lang=en\",\"name\":\"Nemzetk\u00f6zi sz\u00e1ll\u00edt\u00e1s \u00e1rak | Biztons\u00e1gos sz\u00e1ll\u00edt\u00e1s | Sebesty\u00e9n Transport\",\"isPartOf\":{\"@id\":\"https:\/\/nemzetkoziszallitas.eu\/#website\"},\"datePublished\":\"2020-08-26T14:39:20+00:00\",\"dateModified\":\"2024-03-20T12:19:13+00:00\",\"description\":\"Tekintse meg nemzetk\u00f6zi sz\u00e1ll\u00edt\u00e1s \u00e1rainkat. Sz\u00e1ll\u00edt\u00e1s D\u00e1ni\u00e1ba, Sv\u00e9dorsz\u00e1gba, Hollandi\u00e1ba, N\u00e9metorsz\u00e1gba, valamint belf\u00f6ldi sz\u00e1ll\u00edt\u00e1s \u00e9s rakt\u00e1roz\u00e1s.\",\"breadcrumb\":{\"@id\":\"https:\/\/nemzetkoziszallitas.eu\/prices\/denmark-freight-charges\/?lang=en#breadcrumb\"},\"inLanguage\":\"en-US\",\"potentialAction\":[{\"@type\":\"ReadAction\",\"target\":[\"https:\/\/nemzetkoziszallitas.eu\/prices\/denmark-freight-charges\/?lang=en\"]}]},{\"@type\":\"BreadcrumbList\",\"@id\":\"https:\/\/nemzetkoziszallitas.eu\/prices\/denmark-freight-charges\/?lang=en#breadcrumb\",\"itemListElement\":[{\"@type\":\"ListItem\",\"position\":1,\"name\":\"Kezd\u0151lap\",\"item\":\"https:\/\/nemzetkoziszallitas.eu\/en\/home\/\"},{\"@type\":\"ListItem\",\"position\":2,\"name\":\"Prices\",\"item\":\"https:\/\/nemzetkoziszallitas.eu\/en\/prices\/\"},{\"@type\":\"ListItem\",\"position\":3,\"name\":\"Denmark freight charges\"}]},{\"@type\":\"WebSite\",\"@id\":\"https:\/\/nemzetkoziszallitas.eu\/#website\",\"url\":\"https:\/\/nemzetkoziszallitas.eu\/\",\"name\":\"Sebesty\u00e9n Transport\",\"description\":\"fuvaroz\u00e1s, k\u00f6lt\u00f6zet\u00e9s\",\"potentialAction\":[{\"@type\":\"SearchAction\",\"target\":{\"@type\":\"EntryPoint\",\"urlTemplate\":\"https:\/\/nemzetkoziszallitas.eu\/?s={search_term_string}\"},\"query-input\":{\"@type\":\"PropertyValueSpecification\",\"valueRequired\":true,\"valueName\":\"search_term_string\"}}],\"inLanguage\":\"en-US\"}]}<\/script>\n<!-- \/ Yoast SEO plugin. -->","yoast_head_json":{"title":"Nemzetk\u00f6zi sz\u00e1ll\u00edt\u00e1s \u00e1rak | Biztons\u00e1gos sz\u00e1ll\u00edt\u00e1s | Sebesty\u00e9n Transport","description":"Tekintse meg nemzetk\u00f6zi sz\u00e1ll\u00edt\u00e1s \u00e1rainkat. Sz\u00e1ll\u00edt\u00e1s D\u00e1ni\u00e1ba, Sv\u00e9dorsz\u00e1gba, Hollandi\u00e1ba, N\u00e9metorsz\u00e1gba, valamint belf\u00f6ldi sz\u00e1ll\u00edt\u00e1s \u00e9s rakt\u00e1roz\u00e1s.","robots":{"index":"index","follow":"follow","max-snippet":"max-snippet:-1","max-image-preview":"max-image-preview:large","max-video-preview":"max-video-preview:-1"},"canonical":"https:\/\/nemzetkoziszallitas.eu\/prices\/denmark-freight-charges\/?lang=en","og_locale":"en_US","og_type":"article","og_title":"Nemzetk\u00f6zi sz\u00e1ll\u00edt\u00e1s \u00e1rak | Biztons\u00e1gos sz\u00e1ll\u00edt\u00e1s | Sebesty\u00e9n Transport","og_description":"Tekintse meg nemzetk\u00f6zi sz\u00e1ll\u00edt\u00e1s \u00e1rainkat. Sz\u00e1ll\u00edt\u00e1s D\u00e1ni\u00e1ba, Sv\u00e9dorsz\u00e1gba, Hollandi\u00e1ba, N\u00e9metorsz\u00e1gba, valamint belf\u00f6ldi sz\u00e1ll\u00edt\u00e1s \u00e9s rakt\u00e1roz\u00e1s.","og_url":"https:\/\/nemzetkoziszallitas.eu\/prices\/denmark-freight-charges\/?lang=en","og_site_name":"Sebesty\u00e9n Transport","article_modified_time":"2024-03-20T12:19:13+00:00","twitter_misc":{"Est. reading time":"2 minutes"},"schema":{"@context":"https:\/\/schema.org","@graph":[{"@type":"WebPage","@id":"https:\/\/nemzetkoziszallitas.eu\/prices\/denmark-freight-charges\/?lang=en","url":"https:\/\/nemzetkoziszallitas.eu\/prices\/denmark-freight-charges\/?lang=en","name":"Nemzetk\u00f6zi sz\u00e1ll\u00edt\u00e1s \u00e1rak | Biztons\u00e1gos sz\u00e1ll\u00edt\u00e1s | Sebesty\u00e9n Transport","isPartOf":{"@id":"https:\/\/nemzetkoziszallitas.eu\/#website"},"datePublished":"2020-08-26T14:39:20+00:00","dateModified":"2024-03-20T12:19:13+00:00","description":"Tekintse meg nemzetk\u00f6zi sz\u00e1ll\u00edt\u00e1s \u00e1rainkat. Sz\u00e1ll\u00edt\u00e1s D\u00e1ni\u00e1ba, Sv\u00e9dorsz\u00e1gba, Hollandi\u00e1ba, N\u00e9metorsz\u00e1gba, valamint belf\u00f6ldi sz\u00e1ll\u00edt\u00e1s \u00e9s rakt\u00e1roz\u00e1s.","breadcrumb":{"@id":"https:\/\/nemzetkoziszallitas.eu\/prices\/denmark-freight-charges\/?lang=en#breadcrumb"},"inLanguage":"en-US","potentialAction":[{"@type":"ReadAction","target":["https:\/\/nemzetkoziszallitas.eu\/prices\/denmark-freight-charges\/?lang=en"]}]},{"@type":"BreadcrumbList","@id":"https:\/\/nemzetkoziszallitas.eu\/prices\/denmark-freight-charges\/?lang=en#breadcrumb","itemListElement":[{"@type":"ListItem","position":1,"name":"Kezd\u0151lap","item":"https:\/\/nemzetkoziszallitas.eu\/en\/home\/"},{"@type":"ListItem","position":2,"name":"Prices","item":"https:\/\/nemzetkoziszallitas.eu\/en\/prices\/"},{"@type":"ListItem","position":3,"name":"Denmark freight charges"}]},{"@type":"WebSite","@id":"https:\/\/nemzetkoziszallitas.eu\/#website","url":"https:\/\/nemzetkoziszallitas.eu\/","name":"Sebesty\u00e9n Transport","description":"fuvaroz\u00e1s, k\u00f6lt\u00f6zet\u00e9s","potentialAction":[{"@type":"SearchAction","target":{"@type":"EntryPoint","urlTemplate":"https:\/\/nemzetkoziszallitas.eu\/?s={search_term_string}"},"query-input":{"@type":"PropertyValueSpecification","valueRequired":true,"valueName":"search_term_string"}}],"inLanguage":"en-US"}]}},"_links":{"self":[{"href":"https:\/\/nemzetkoziszallitas.eu\/en\/wp-json\/wp\/v2\/pages\/4472","targetHints":{"allow":["GET"]}}],"collection":[{"href":"https:\/\/nemzetkoziszallitas.eu\/en\/wp-json\/wp\/v2\/pages"}],"about":[{"href":"https:\/\/nemzetkoziszallitas.eu\/en\/wp-json\/wp\/v2\/types\/page"}],"author":[{"embeddable":true,"href":"https:\/\/nemzetkoziszallitas.eu\/en\/wp-json\/wp\/v2\/users\/7"}],"replies":[{"embeddable":true,"href":"https:\/\/nemzetkoziszallitas.eu\/en\/wp-json\/wp\/v2\/comments?post=4472"}],"version-history":[{"count":12,"href":"https:\/\/nemzetkoziszallitas.eu\/en\/wp-json\/wp\/v2\/pages\/4472\/revisions"}],"predecessor-version":[{"id":7355,"href":"https:\/\/nemzetkoziszallitas.eu\/en\/wp-json\/wp\/v2\/pages\/4472\/revisions\/7355"}],"up":[{"embeddable":true,"href":"https:\/\/nemzetkoziszallitas.eu\/en\/wp-json\/wp\/v2\/pages\/4450"}],"wp:attachment":[{"href":"https:\/\/nemzetkoziszallitas.eu\/en\/wp-json\/wp\/v2\/media?parent=4472"}],"curies":[{"name":"wp","href":"https:\/\/api.w.org\/{rel}","templated":true}]}}