{"id":4506,"date":"2020-08-28T10:04:17","date_gmt":"2020-08-28T08:04:17","guid":{"rendered":"http:\/\/www.nemzetkoziszallitas.eu\/?page_id=4506\/"},"modified":"2025-01-17T13:15:47","modified_gmt":"2025-01-17T12:15:47","slug":"other-countries","status":"publish","type":"page","link":"https:\/\/nemzetkoziszallitas.eu\/en\/other-countries\/","title":{"rendered":"Other countries"},"content":{"rendered":"<section  class='av_textblock_section av-m60q3k0o-31d5810c79e3f05c1c8937c2c7f92dce'  itemscope=\"itemscope\" itemtype=\"https:\/\/schema.org\/CreativeWork\" ><div class='avia_textblock'  itemprop=\"text\" ><h1>Other countries<\/h1>\n<p>We also provide transport and removals to various European countries, including Spain, Portugal, Ireland, England, Norway, Finland, Poland, Italy (south of Florence), and France (south of the Paris-Strasbourg line), among others.<\/p>\n<p><strong>Please contact us for a personalised quote!<\/strong><\/p>\n<\/div><\/section>\n<div  class='hr av-av_hr-dcd2069817a0e3d34ae04cad8f3443c7 hr-default  avia-builder-el-1  el_after_av_textblock  el_before_av_one_full '><span class='hr-inner '><span class=\"hr-inner-style\"><\/span><\/span><\/div>\n\n<style type=\"text\/css\" data-created_by=\"avia_inline_auto\" id=\"style-css-av-av_one_full-b18ec1635791c30194c2fc90ea77ba9c\">\n.flex_column.av-av_one_full-b18ec1635791c30194c2fc90ea77ba9c{\n-webkit-border-radius:0px 0px 0px 0px;\n-moz-border-radius:0px 0px 0px 0px;\nborder-radius:0px 0px 0px 0px;\n}\n<\/style>\n<div class='flex_column av-av_one_full-b18ec1635791c30194c2fc90ea77ba9c av_one_full  avia-builder-el-2  el_after_av_hr  avia-builder-el-last  first flex_column_div av-zero-column-padding '     ><div  class='avia-button-wrap av-av_button-632153792fe1646733dae1749faae13b-wrap avia-button-left  avia-builder-el-3  avia-builder-el-no-sibling ' >\n<style type=\"text\/css\" data-created_by=\"avia_inline_auto\" id=\"style-css-av-av_button-632153792fe1646733dae1749faae13b\">\n#top #wrap_all .avia-button.av-av_button-632153792fe1646733dae1749faae13b{\nbackground-color:#444444;\nborder-color:#444444;\ncolor:#ffffff;\n-webkit-transition:all 0.4s ease-in-out;\n-moz-transition:all 0.4s ease-in-out;\n-ms-transition:all 0.4s ease-in-out;\n-o-transition:all 0.4s ease-in-out;\ntransition:all 0.4s ease-in-out;\n}\n<\/style>\n<a href='https:\/\/nemzetkoziszallitas.eu\/en\/ask-for-price\/'  class='avia-button av-av_button-632153792fe1646733dae1749faae13b avia-icon_select-no avia-size-large avia-position-left' ><span class='avia_iconbox_title' > Ask for price<\/span><\/a><\/div><\/div>\n","protected":false},"excerpt":{"rendered":"","protected":false},"author":7,"featured_media":0,"parent":0,"menu_order":0,"comment_status":"closed","ping_status":"closed","template":"","meta":{"footnotes":"","_links_to":"","_links_to_target":""},"class_list":["post-4506","page","type-page","status-publish","hentry"],"yoast_head":"<!-- This site is optimized with the Yoast SEO plugin v25.7 - https:\/\/yoast.com\/wordpress\/plugins\/seo\/ -->\n<title>Nemzetk\u00f6zi sz\u00e1ll\u00edt\u00e1s \u00e1rak | Biztons\u00e1gos sz\u00e1ll\u00edt\u00e1s | Sebesty\u00e9n Transport<\/title>\n<meta name=\"description\" content=\"Tekintse meg nemzetk\u00f6zi sz\u00e1ll\u00edt\u00e1s \u00e1rainkat. Sz\u00e1ll\u00edt\u00e1s D\u00e1ni\u00e1ba, Sv\u00e9dorsz\u00e1gba, Hollandi\u00e1ba, N\u00e9metorsz\u00e1gba, valamint belf\u00f6ldi sz\u00e1ll\u00edt\u00e1s \u00e9s rakt\u00e1roz\u00e1s.\" \/>\n<meta name=\"robots\" content=\"index, follow, max-snippet:-1, max-image-preview:large, max-video-preview:-1\" \/>\n<link rel=\"canonical\" href=\"https:\/\/nemzetkoziszallitas.eu\/en\/other-countries\/\" \/>\n<meta property=\"og:locale\" content=\"en_US\" \/>\n<meta property=\"og:type\" content=\"article\" \/>\n<meta property=\"og:title\" content=\"Nemzetk\u00f6zi sz\u00e1ll\u00edt\u00e1s \u00e1rak | Biztons\u00e1gos sz\u00e1ll\u00edt\u00e1s | Sebesty\u00e9n Transport\" \/>\n<meta property=\"og:description\" content=\"Tekintse meg nemzetk\u00f6zi sz\u00e1ll\u00edt\u00e1s \u00e1rainkat. Sz\u00e1ll\u00edt\u00e1s D\u00e1ni\u00e1ba, Sv\u00e9dorsz\u00e1gba, Hollandi\u00e1ba, N\u00e9metorsz\u00e1gba, valamint belf\u00f6ldi sz\u00e1ll\u00edt\u00e1s \u00e9s rakt\u00e1roz\u00e1s.\" \/>\n<meta property=\"og:url\" content=\"https:\/\/nemzetkoziszallitas.eu\/en\/other-countries\/\" \/>\n<meta property=\"og:site_name\" content=\"Sebesty\u00e9n Transport\" \/>\n<meta property=\"article:modified_time\" content=\"2025-01-17T12:15:47+00:00\" \/>\n<meta name=\"twitter:label1\" content=\"Est. reading time\" \/>\n\t<meta name=\"twitter:data1\" content=\"1 minute\" \/>\n<script type=\"application\/ld+json\" class=\"yoast-schema-graph\">{\"@context\":\"https:\/\/schema.org\",\"@graph\":[{\"@type\":\"WebPage\",\"@id\":\"https:\/\/nemzetkoziszallitas.eu\/en\/other-countries\/\",\"url\":\"https:\/\/nemzetkoziszallitas.eu\/en\/other-countries\/\",\"name\":\"Nemzetk\u00f6zi sz\u00e1ll\u00edt\u00e1s \u00e1rak | Biztons\u00e1gos sz\u00e1ll\u00edt\u00e1s | Sebesty\u00e9n Transport\",\"isPartOf\":{\"@id\":\"https:\/\/nemzetkoziszallitas.eu\/#website\"},\"datePublished\":\"2020-08-28T08:04:17+00:00\",\"dateModified\":\"2025-01-17T12:15:47+00:00\",\"description\":\"Tekintse meg nemzetk\u00f6zi sz\u00e1ll\u00edt\u00e1s \u00e1rainkat. Sz\u00e1ll\u00edt\u00e1s D\u00e1ni\u00e1ba, Sv\u00e9dorsz\u00e1gba, Hollandi\u00e1ba, N\u00e9metorsz\u00e1gba, valamint belf\u00f6ldi sz\u00e1ll\u00edt\u00e1s \u00e9s rakt\u00e1roz\u00e1s.\",\"breadcrumb\":{\"@id\":\"https:\/\/nemzetkoziszallitas.eu\/en\/other-countries\/#breadcrumb\"},\"inLanguage\":\"en-US\",\"potentialAction\":[{\"@type\":\"ReadAction\",\"target\":[\"https:\/\/nemzetkoziszallitas.eu\/en\/other-countries\/\"]}]},{\"@type\":\"BreadcrumbList\",\"@id\":\"https:\/\/nemzetkoziszallitas.eu\/en\/other-countries\/#breadcrumb\",\"itemListElement\":[{\"@type\":\"ListItem\",\"position\":1,\"name\":\"Kezd\u0151lap\",\"item\":\"https:\/\/nemzetkoziszallitas.eu\/en\/home\/\"},{\"@type\":\"ListItem\",\"position\":2,\"name\":\"Other countries\"}]},{\"@type\":\"WebSite\",\"@id\":\"https:\/\/nemzetkoziszallitas.eu\/#website\",\"url\":\"https:\/\/nemzetkoziszallitas.eu\/\",\"name\":\"Sebesty\u00e9n Transport\",\"description\":\"fuvaroz\u00e1s, k\u00f6lt\u00f6zet\u00e9s\",\"potentialAction\":[{\"@type\":\"SearchAction\",\"target\":{\"@type\":\"EntryPoint\",\"urlTemplate\":\"https:\/\/nemzetkoziszallitas.eu\/?s={search_term_string}\"},\"query-input\":{\"@type\":\"PropertyValueSpecification\",\"valueRequired\":true,\"valueName\":\"search_term_string\"}}],\"inLanguage\":\"en-US\"}]}<\/script>\n<!-- \/ Yoast SEO plugin. -->","yoast_head_json":{"title":"Nemzetk\u00f6zi sz\u00e1ll\u00edt\u00e1s \u00e1rak | Biztons\u00e1gos sz\u00e1ll\u00edt\u00e1s | Sebesty\u00e9n Transport","description":"Tekintse meg nemzetk\u00f6zi sz\u00e1ll\u00edt\u00e1s \u00e1rainkat. Sz\u00e1ll\u00edt\u00e1s D\u00e1ni\u00e1ba, Sv\u00e9dorsz\u00e1gba, Hollandi\u00e1ba, N\u00e9metorsz\u00e1gba, valamint belf\u00f6ldi sz\u00e1ll\u00edt\u00e1s \u00e9s rakt\u00e1roz\u00e1s.","robots":{"index":"index","follow":"follow","max-snippet":"max-snippet:-1","max-image-preview":"max-image-preview:large","max-video-preview":"max-video-preview:-1"},"canonical":"https:\/\/nemzetkoziszallitas.eu\/en\/other-countries\/","og_locale":"en_US","og_type":"article","og_title":"Nemzetk\u00f6zi sz\u00e1ll\u00edt\u00e1s \u00e1rak | Biztons\u00e1gos sz\u00e1ll\u00edt\u00e1s | Sebesty\u00e9n Transport","og_description":"Tekintse meg nemzetk\u00f6zi sz\u00e1ll\u00edt\u00e1s \u00e1rainkat. Sz\u00e1ll\u00edt\u00e1s D\u00e1ni\u00e1ba, Sv\u00e9dorsz\u00e1gba, Hollandi\u00e1ba, N\u00e9metorsz\u00e1gba, valamint belf\u00f6ldi sz\u00e1ll\u00edt\u00e1s \u00e9s rakt\u00e1roz\u00e1s.","og_url":"https:\/\/nemzetkoziszallitas.eu\/en\/other-countries\/","og_site_name":"Sebesty\u00e9n Transport","article_modified_time":"2025-01-17T12:15:47+00:00","twitter_misc":{"Est. reading time":"1 minute"},"schema":{"@context":"https:\/\/schema.org","@graph":[{"@type":"WebPage","@id":"https:\/\/nemzetkoziszallitas.eu\/en\/other-countries\/","url":"https:\/\/nemzetkoziszallitas.eu\/en\/other-countries\/","name":"Nemzetk\u00f6zi sz\u00e1ll\u00edt\u00e1s \u00e1rak | Biztons\u00e1gos sz\u00e1ll\u00edt\u00e1s | Sebesty\u00e9n Transport","isPartOf":{"@id":"https:\/\/nemzetkoziszallitas.eu\/#website"},"datePublished":"2020-08-28T08:04:17+00:00","dateModified":"2025-01-17T12:15:47+00:00","description":"Tekintse meg nemzetk\u00f6zi sz\u00e1ll\u00edt\u00e1s \u00e1rainkat. Sz\u00e1ll\u00edt\u00e1s D\u00e1ni\u00e1ba, Sv\u00e9dorsz\u00e1gba, Hollandi\u00e1ba, N\u00e9metorsz\u00e1gba, valamint belf\u00f6ldi sz\u00e1ll\u00edt\u00e1s \u00e9s rakt\u00e1roz\u00e1s.","breadcrumb":{"@id":"https:\/\/nemzetkoziszallitas.eu\/en\/other-countries\/#breadcrumb"},"inLanguage":"en-US","potentialAction":[{"@type":"ReadAction","target":["https:\/\/nemzetkoziszallitas.eu\/en\/other-countries\/"]}]},{"@type":"BreadcrumbList","@id":"https:\/\/nemzetkoziszallitas.eu\/en\/other-countries\/#breadcrumb","itemListElement":[{"@type":"ListItem","position":1,"name":"Kezd\u0151lap","item":"https:\/\/nemzetkoziszallitas.eu\/en\/home\/"},{"@type":"ListItem","position":2,"name":"Other countries"}]},{"@type":"WebSite","@id":"https:\/\/nemzetkoziszallitas.eu\/#website","url":"https:\/\/nemzetkoziszallitas.eu\/","name":"Sebesty\u00e9n Transport","description":"fuvaroz\u00e1s, k\u00f6lt\u00f6zet\u00e9s","potentialAction":[{"@type":"SearchAction","target":{"@type":"EntryPoint","urlTemplate":"https:\/\/nemzetkoziszallitas.eu\/?s={search_term_string}"},"query-input":{"@type":"PropertyValueSpecification","valueRequired":true,"valueName":"search_term_string"}}],"inLanguage":"en-US"}]}},"_links":{"self":[{"href":"https:\/\/nemzetkoziszallitas.eu\/en\/wp-json\/wp\/v2\/pages\/4506","targetHints":{"allow":["GET"]}}],"collection":[{"href":"https:\/\/nemzetkoziszallitas.eu\/en\/wp-json\/wp\/v2\/pages"}],"about":[{"href":"https:\/\/nemzetkoziszallitas.eu\/en\/wp-json\/wp\/v2\/types\/page"}],"author":[{"embeddable":true,"href":"https:\/\/nemzetkoziszallitas.eu\/en\/wp-json\/wp\/v2\/users\/7"}],"replies":[{"embeddable":true,"href":"https:\/\/nemzetkoziszallitas.eu\/en\/wp-json\/wp\/v2\/comments?post=4506"}],"version-history":[{"count":3,"href":"https:\/\/nemzetkoziszallitas.eu\/en\/wp-json\/wp\/v2\/pages\/4506\/revisions"}],"predecessor-version":[{"id":8036,"href":"https:\/\/nemzetkoziszallitas.eu\/en\/wp-json\/wp\/v2\/pages\/4506\/revisions\/8036"}],"wp:attachment":[{"href":"https:\/\/nemzetkoziszallitas.eu\/en\/wp-json\/wp\/v2\/media?parent=4506"}],"curies":[{"name":"wp","href":"https:\/\/api.w.org\/{rel}","templated":true}]}}