{"id":8291,"date":"2026-04-17T15:29:08","date_gmt":"2026-04-17T13:29:08","guid":{"rendered":"https:\/\/nemzetkoziszallitas.eu\/?page_id=8291"},"modified":"2026-04-17T17:23:25","modified_gmt":"2026-04-17T15:23:25","slug":"transportation-to-germany","status":"publish","type":"page","link":"https:\/\/nemzetkoziszallitas.eu\/en\/transportation-to-germany\/","title":{"rendered":"Transportation to Germany"},"content":{"rendered":"<section  class='av_textblock_section av-19rq1lj-05150e4b027e49b5e5840c328a01999c'  itemscope=\"itemscope\" itemtype=\"https:\/\/schema.org\/CreativeWork\" ><div class='avia_textblock'  itemprop=\"text\" ><h1>Transportation, shipment, and relocation services to Germany<\/h1>\n<p>Do you wish to send a package to Germany, or back home, from these countries? Or are you relocating to these countries? We will help to get your stuff into these countries fast and intact.<\/p>\n<p>We do regular shipments between Germany, and Hungary. Your parcel will be safe with us, we are reliable, and your parcel will be delivered promptly and intact.<\/p>\n<p>The list of cities we most frequently go to within Germany: Munich, Frankfurt, K\u00f6ln, D\u00fcsseldorf, Berlin*, and Hamburg*<\/p>\n<p>However, we are able to arrange for a trip to any other place, in the direct vicinity of these cities, should the need arise.<\/p>\n<p>We ship the following type of cargos: furniture, parcels, bicycles, bikes, pets, and even pallet goods to Germany. Many Hungarians now live and work in these countries. For those living abroad, it is of critical importance to be able to keep regular contact with their family members and friends left behind. The way we can facilitate this is by providing safe transportation services at affordable prices.<\/p>\n<p><strong>*To *Berlin and Hamburg:<\/strong> <em>we ship via our Denmark route, please see our <a href=\"https:\/\/nemzetkoziszallitas.eu\/nmztkzszllts17\/en\/transportation-to-denmark\/\">shipments to Denmark<\/a><\/em><\/p>\n<p><strong>Our new services: the WAREHOUSING of furniture and other items in Budapest&#8230;<\/strong><\/p>\n<\/div><\/section>\n\n<style type=\"text\/css\" data-created_by=\"avia_inline_auto\" id=\"style-css-av-17hliev-10322e92df9adfe34005848fd3567073\">\n#top .hr.av-17hliev-10322e92df9adfe34005848fd3567073{\nmargin-top:0px;\nmargin-bottom:20px;\n}\n.hr.av-17hliev-10322e92df9adfe34005848fd3567073 .hr-inner{\nwidth:100%;\n}\n<\/style>\n<div  class='hr av-17hliev-10322e92df9adfe34005848fd3567073 hr-custom  avia-builder-el-1  el_after_av_textblock  el_before_av_heading  hr-center hr-icon-no'><span class='hr-inner inner-border-av-border-thin'><span class=\"hr-inner-style\"><\/span><\/span><\/div>\n\n<style type=\"text\/css\" data-created_by=\"avia_inline_auto\" id=\"style-css-av-16mxwh3-768618c311d754778cc3c735810cb766\">\n#top .av-special-heading.av-16mxwh3-768618c311d754778cc3c735810cb766{\npadding-bottom:40px;\n}\nbody .av-special-heading.av-16mxwh3-768618c311d754778cc3c735810cb766 .av-special-heading-tag .heading-char{\nfont-size:25px;\n}\n.av-special-heading.av-16mxwh3-768618c311d754778cc3c735810cb766 .av-subheading{\nfont-size:15px;\n}\n<\/style>\n<div  class='av-special-heading av-16mxwh3-768618c311d754778cc3c735810cb766 av-special-heading-h2 blockquote modern-quote modern-centered  avia-builder-el-2  el_after_av_hr  el_before_av_one_third '><h2 class='av-special-heading-tag'  itemprop=\"headline\"  ><a id=\"utvonal-nyugat-nemetorszag-en\"><\/a>Our fixed route to Western-Germany<\/h2><div class=\"special-heading-border\"><div class=\"special-heading-inner-border\"><\/div><\/div><\/div>\n\n<style type=\"text\/css\" data-created_by=\"avia_inline_auto\" id=\"style-css-av-14lxauf-6e042d989868859dac2e37834d861fac\">\n.flex_column.av-14lxauf-6e042d989868859dac2e37834d861fac{\n-webkit-border-radius:0px 0px 0px 0px;\n-moz-border-radius:0px 0px 0px 0px;\nborder-radius:0px 0px 0px 0px;\n}\n<\/style>\n<div class='flex_column av-14lxauf-6e042d989868859dac2e37834d861fac av_one_third  avia-builder-el-3  el_after_av_heading  el_before_av_two_third  first no_margin flex_column_div av-zero-column-padding '     ><section  class='av_textblock_section av-13jkcc7-e0d62d7ecc6d8ebee432f25f5ed6d6a8'  itemscope=\"itemscope\" itemtype=\"https:\/\/schema.org\/CreativeWork\" ><div class='avia_textblock'  itemprop=\"text\" ><div style=\"text-align: center; width: 100%; margin-bottom: 25px;\">\n<h3>Budapest<\/h3>\n<h3>Gy\u0151r<\/h3>\n<h3>Vienna<\/h3>\n<h3>Munich<\/h3>\n<h3>Regensburg<\/h3>\n<h3>N\u00fcrnberg<\/h3>\n<h3>W\u00fcrzburg<\/h3>\n<h3>Frankfurt<\/h3>\n<h3>Cologne<\/h3>\n<h3>D\u00fcsseldorf<\/h3>\n<h3>Dortmund<\/h3>\n<h3>Eindhoven<\/h3>\n<h3>Moerdijk<\/h3>\n<h3>Rotterdam<\/h3>\n<h3>Amsterdam<\/h3>\n<h3>Utrecht<\/h3>\n<div><\/div>\n<hr style=\"clear: none; margin: 20px 0;\" \/>\n<p><strong>On a case-by-case basis, we are able to ship to other cities, not listed on the map.<\/strong><\/p>\n<\/div>\n<\/div><\/section><\/div>\n\n<style type=\"text\/css\" data-created_by=\"avia_inline_auto\" id=\"style-css-av-10xgcqv-4d334b9c999e082158184fa944ed9ae7\">\n.flex_column.av-10xgcqv-4d334b9c999e082158184fa944ed9ae7{\n-webkit-border-radius:0px 0px 0px 0px;\n-moz-border-radius:0px 0px 0px 0px;\nborder-radius:0px 0px 0px 0px;\n}\n<\/style>\n<div class='flex_column av-10xgcqv-4d334b9c999e082158184fa944ed9ae7 av_two_third  avia-builder-el-5  el_after_av_one_third  el_before_av_hr  no_margin flex_column_div av-zero-column-padding '     ><\/div>\n<div  class='hr av-xik9rr-6733e9965e372165759ae07f5bdae908 hr-default  avia-builder-el-7  el_after_av_two_third  el_before_av_heading '><span class='hr-inner '><span class=\"hr-inner-style\"><\/span><\/span><\/div>\n\n<style type=\"text\/css\" data-created_by=\"avia_inline_auto\" id=\"style-css-av-waxeuf-8db2b7e0e14dc492387852378242eb68\">\n#top .av-special-heading.av-waxeuf-8db2b7e0e14dc492387852378242eb68{\npadding-bottom:40px;\n}\nbody .av-special-heading.av-waxeuf-8db2b7e0e14dc492387852378242eb68 .av-special-heading-tag .heading-char{\nfont-size:25px;\n}\n.av-special-heading.av-waxeuf-8db2b7e0e14dc492387852378242eb68 .av-subheading{\nfont-size:15px;\n}\n<\/style>\n<div  class='av-special-heading av-waxeuf-8db2b7e0e14dc492387852378242eb68 av-special-heading-h2 blockquote modern-quote modern-centered  avia-builder-el-8  el_after_av_hr  el_before_av_one_third '><h2 class='av-special-heading-tag'  itemprop=\"headline\"  ><a id=\"utvonal-eszak-nemetorszag\"><\/a>Our fixed route to Northern-Germany<\/h2><div class=\"special-heading-border\"><div class=\"special-heading-inner-border\"><\/div><\/div><\/div>\n\n<style type=\"text\/css\" data-created_by=\"avia_inline_auto\" id=\"style-css-av-ujc3pz-2ee8379c4c753c5b01b660e1f4a46f24\">\n.flex_column.av-ujc3pz-2ee8379c4c753c5b01b660e1f4a46f24{\n-webkit-border-radius:0px 0px 0px 0px;\n-moz-border-radius:0px 0px 0px 0px;\nborder-radius:0px 0px 0px 0px;\n}\n<\/style>\n<div class='flex_column av-ujc3pz-2ee8379c4c753c5b01b660e1f4a46f24 av_one_third  avia-builder-el-9  el_after_av_heading  el_before_av_two_third  first no_margin flex_column_div av-zero-column-padding '     ><section  class='av_textblock_section av-tin5pj-2942862de48a5ac1629b8354d73031bf'  itemscope=\"itemscope\" itemtype=\"https:\/\/schema.org\/CreativeWork\" ><div class='avia_textblock'  itemprop=\"text\" ><div style=\"text-align: center; width: 100%; margin-bottom: 25px;\">\n<h3>Budapest<\/h3>\n<h3>Gy\u0151r<\/h3>\n<h3>Vienna<\/h3>\n<h3>Bratislava<\/h3>\n<h3>Prague<\/h3>\n<h3>Dresden<\/h3>\n<h3>Berlin<\/h3>\n<h3>Hamburg<\/h3>\n<div><\/div>\n<hr style=\"clear: none; margin: 20px 0;\" \/>\n<p><strong>On a case-by-case basis, we are able to ship to other cities, not listed on the map.<\/strong><\/p>\n<\/div>\n<\/div><\/section><\/div>\n\n<style type=\"text\/css\" data-created_by=\"avia_inline_auto\" id=\"style-css-av-2qdxs7-33da7b813d61ed40f103c8cf4a90f2f2\">\n.flex_column.av-2qdxs7-33da7b813d61ed40f103c8cf4a90f2f2{\n-webkit-border-radius:0px 0px 0px 0px;\n-moz-border-radius:0px 0px 0px 0px;\nborder-radius:0px 0px 0px 0px;\n}\n<\/style>\n<div class='flex_column av-2qdxs7-33da7b813d61ed40f103c8cf4a90f2f2 av_two_third  avia-builder-el-11  el_after_av_one_third  el_before_av_hr  no_margin flex_column_div av-zero-column-padding '     ><\/div>\n\n<style type=\"text\/css\" data-created_by=\"avia_inline_auto\" id=\"style-css-av-nwxxdz-16d69ab52165fef2efd05f6afc925e1b\">\n#top .hr.hr-invisible.av-nwxxdz-16d69ab52165fef2efd05f6afc925e1b{\nheight:30px;\n}\n<\/style>\n<div  class='hr av-nwxxdz-16d69ab52165fef2efd05f6afc925e1b hr-invisible  avia-builder-el-13  el_after_av_two_third  el_before_av_heading '><span class='hr-inner '><span class=\"hr-inner-style\"><\/span><\/span><\/div>\n\n<style type=\"text\/css\" data-created_by=\"avia_inline_auto\" id=\"style-css-av-mspo1j-aad7ec4197243aec79d5e35f6e4296b6\">\n#top .av-special-heading.av-mspo1j-aad7ec4197243aec79d5e35f6e4296b6{\npadding-bottom:30px;\n}\nbody .av-special-heading.av-mspo1j-aad7ec4197243aec79d5e35f6e4296b6 .av-special-heading-tag .heading-char{\nfont-size:25px;\n}\n.av-special-heading.av-mspo1j-aad7ec4197243aec79d5e35f6e4296b6 .av-subheading{\nfont-size:15px;\n}\n<\/style>\n<div  class='av-special-heading av-mspo1j-aad7ec4197243aec79d5e35f6e4296b6 av-special-heading-h2 blockquote modern-quote modern-centered  avia-builder-el-14  el_after_av_hr  el_before_av_codeblock '><h2 class='av-special-heading-tag'  itemprop=\"headline\"  >Average prices for parcels to be sent to Germany<\/h2><div class=\"special-heading-border\"><div class=\"special-heading-inner-border\"><\/div><\/div><\/div>\n\n<section  class='av_textblock_section av-jrd72v-e8fb3cb96904ec6e0146dedc4f023162'  itemscope=\"itemscope\" itemtype=\"https:\/\/schema.org\/CreativeWork\" ><div class='avia_textblock'  itemprop=\"text\" >\n<style type=\"text\/css\" data-created_by=\"avia_inline_auto\" id=\"style-css-av-i3aruv-74c32d8aae34e1e1394e19e4bb9751ef\">\n#top .hr.hr-invisible.av-i3aruv-74c32d8aae34e1e1394e19e4bb9751ef{\nmargin-top:0px;\nheight:1px;\n}\n<\/style>\n<div  class='hr av-i3aruv-74c32d8aae34e1e1394e19e4bb9751ef hr-invisible  avia-builder-el-17  avia-builder-el-no-sibling '><span class='hr-inner '><span class=\"hr-inner-style\"><\/span><\/span><\/div>\n<p>We are happy to make a detour in both Germany, for a potential surcharge, which can be calculated on a case-by-case basis.<\/p>\n<\/div><\/section>\n<div  class='hr av-g0y5tz-f0d599aa97dbdc6c5514ffb808210aa5 hr-default  avia-builder-el-18  el_after_av_textblock  el_before_av_textblock '><span class='hr-inner '><span class=\"hr-inner-style\"><\/span><\/span><\/div>\n<section  class='av_textblock_section av-lgnehac2-8131700e1a4e2cc701806aa66f788eb4'  itemscope=\"itemscope\" itemtype=\"https:\/\/schema.org\/CreativeWork\" ><div class='avia_textblock'  itemprop=\"text\" ><p style=\"text-align: center;\"><strong>All prices listed above include 30 minutes loading time.<\/strong><\/p>\n<p align=\"center\"><strong>For small weight cargo (e.g. foam rubber),<br \/>\nthe fees will be charged based on volumetric weight.<br \/>\n<\/strong>The basis for calculation: W (cm) x L (cm) x H (cm) \/ 6,000 = volumetric weight (kg).<\/p>\n<h2 style=\"margin-top: 0!important;\" align=\"center\">For any other cargo products<br \/>\n<small>(e.g. bicycle, bike, furniture, pallet goods, pets \u2026)<\/small><br \/>\nplease ask for a special Price Quote.<\/h2>\n<p style=\"text-align: center;\" align=\"center\">* The fees are valid from 13.04.2026 until withdrawn.<\/p>\n<\/div><\/section>\n<div  class='hr av-dmq607-c5389fbcf735c13436711211e2b09b86 hr-default  avia-builder-el-20  el_after_av_textblock  el_before_av_textblock '><span class='hr-inner '><span class=\"hr-inner-style\"><\/span><\/span><\/div>\n<section  class='av_textblock_section av-cnty8n-d072621c829d64c0e0c9be333be6ce2d'  itemscope=\"itemscope\" itemtype=\"https:\/\/schema.org\/CreativeWork\" ><div class='avia_textblock'  itemprop=\"text\" ><h3>Shipment planner:<\/h3>\n<ol>\n<li>Place your order (using the <a title=\"online Order Form\" href=\"https:\/\/nemzetkoziszallitas.eu\/en\/order-form\/\">online Order Form<\/a>)<\/li>\n<li>Confirm the details (about how the parcel will be handed over to us, etc.)<\/li>\n<li>We collect the parcel (based on the Bill of Lading, or the Order Form)<\/li>\n<li>Please pay our fees (as agreed, or the Addressee can pay the fee upon delivery, if required)<\/li>\n<li>Delivery and handover of the parcel to the Addressee.<\/li>\n<\/ol>\n<\/div><\/section>\n<div  class='hr av-12tqfb-f5021398620839e0dbee37b3c4229b18 hr-default  avia-builder-el-22  el_after_av_textblock  el_before_av_textblock '><span class='hr-inner '><span class=\"hr-inner-style\"><\/span><\/span><\/div>\n<section  class='av_textblock_section av-95ummv-90b19e70e347e322c3861d3d12460612'  itemscope=\"itemscope\" itemtype=\"https:\/\/schema.org\/CreativeWork\" ><div class='avia_textblock'  itemprop=\"text\" ><h2 align=\"center\">Whether you wish to arrange for a shipment to Germany &#8211; you can order it NOW&#8230;<\/h2>\n<\/div><\/section>\n\n<style type=\"text\/css\" data-created_by=\"avia_inline_auto\" id=\"style-css-av-6tq2uv-ff9754481f0d0b19318b3df2ab6b1355\">\n.flex_column.av-6tq2uv-ff9754481f0d0b19318b3df2ab6b1355{\n-webkit-border-radius:0px 0px 0px 0px;\n-moz-border-radius:0px 0px 0px 0px;\nborder-radius:0px 0px 0px 0px;\n}\n<\/style>\n<div class='flex_column av-6tq2uv-ff9754481f0d0b19318b3df2ab6b1355 av_one_half  avia-builder-el-24  el_after_av_textblock  el_before_av_one_half  first flex_column_div av-zero-column-padding column-top-margin'     ><div  class='avia-button-wrap av-61bx0n-a3b739fef899198f773bcd7bce8d7654-wrap avia-button-center  avia-builder-el-25  avia-builder-el-no-sibling ' ><a href='https:\/\/nemzetkoziszallitas.eu\/en\/prices\/'  class='avia-button av-61bx0n-a3b739fef899198f773bcd7bce8d7654 avia-icon_select-no avia-size-large avia-position-center avia-color-theme-color' ><span class='avia_iconbox_title' >OUR PRICES<\/span><\/a><\/div><\/div>\n\n<style type=\"text\/css\" data-created_by=\"avia_inline_auto\" id=\"style-css-av-4thk13-a044ff6fb298864dda3882d73fda51af\">\n.flex_column.av-4thk13-a044ff6fb298864dda3882d73fda51af{\n-webkit-border-radius:0px 0px 0px 0px;\n-moz-border-radius:0px 0px 0px 0px;\nborder-radius:0px 0px 0px 0px;\n}\n<\/style>\n<div class='flex_column av-4thk13-a044ff6fb298864dda3882d73fda51af av_one_half  avia-builder-el-26  el_after_av_one_half  avia-builder-el-last  flex_column_div av-zero-column-padding column-top-margin'     ><div  class='avia-button-wrap av-1yxfd3-b04998c95c5fe0561011cfeb30fea292-wrap avia-button-center  avia-builder-el-27  avia-builder-el-no-sibling ' ><a href='https:\/\/nemzetkoziszallitas.eu\/en\/order-form\/'  class='avia-button av-1yxfd3-b04998c95c5fe0561011cfeb30fea292 avia-icon_select-no avia-size-large avia-position-center avia-color-theme-color' ><span class='avia_iconbox_title' >ORDER NOW<\/span><\/a><\/div><\/div>\n","protected":false},"excerpt":{"rendered":"","protected":false},"author":7,"featured_media":0,"parent":0,"menu_order":0,"comment_status":"closed","ping_status":"closed","template":"","meta":{"footnotes":"","_links_to":"","_links_to_target":""},"class_list":["post-8291","page","type-page","status-publish","hentry"],"yoast_head":"<!-- This site is optimized with the Yoast SEO plugin v25.7 - https:\/\/yoast.com\/wordpress\/plugins\/seo\/ -->\n<title>Transport to Germany and Netherlands | Sebesty\u00e9n Transport<\/title>\n<meta name=\"description\" content=\"Door-to-door transport between Germany, Netherlands and Hungary. Check our routes and weekly special service timetable.\" \/>\n<meta name=\"robots\" content=\"index, follow, max-snippet:-1, max-image-preview:large, max-video-preview:-1\" \/>\n<link rel=\"canonical\" href=\"https:\/\/nemzetkoziszallitas.eu\/en\/transportation-to-germany\/\" \/>\n<meta property=\"og:locale\" content=\"en_US\" \/>\n<meta property=\"og:type\" content=\"article\" \/>\n<meta property=\"og:title\" content=\"Transport to Germany and Netherlands | Sebesty\u00e9n Transport\" \/>\n<meta property=\"og:description\" content=\"Door-to-door transport between Germany, Netherlands and Hungary. Check our routes and weekly special service timetable.\" \/>\n<meta property=\"og:url\" content=\"https:\/\/nemzetkoziszallitas.eu\/en\/transportation-to-germany\/\" \/>\n<meta property=\"og:site_name\" content=\"Sebesty\u00e9n Transport\" \/>\n<meta property=\"article:modified_time\" content=\"2026-04-17T15:23:25+00:00\" \/>\n<meta name=\"twitter:label1\" content=\"Est. reading time\" \/>\n\t<meta name=\"twitter:data1\" content=\"5 minutes\" \/>\n<script type=\"application\/ld+json\" class=\"yoast-schema-graph\">{\"@context\":\"https:\/\/schema.org\",\"@graph\":[{\"@type\":\"WebPage\",\"@id\":\"https:\/\/nemzetkoziszallitas.eu\/en\/transportation-to-germany\/\",\"url\":\"https:\/\/nemzetkoziszallitas.eu\/en\/transportation-to-germany\/\",\"name\":\"Transport to Germany and Netherlands | Sebesty\u00e9n Transport\",\"isPartOf\":{\"@id\":\"https:\/\/nemzetkoziszallitas.eu\/#website\"},\"datePublished\":\"2026-04-17T13:29:08+00:00\",\"dateModified\":\"2026-04-17T15:23:25+00:00\",\"description\":\"Door-to-door transport between Germany, Netherlands and Hungary. Check our routes and weekly special service timetable.\",\"breadcrumb\":{\"@id\":\"https:\/\/nemzetkoziszallitas.eu\/en\/transportation-to-germany\/#breadcrumb\"},\"inLanguage\":\"en-US\",\"potentialAction\":[{\"@type\":\"ReadAction\",\"target\":[\"https:\/\/nemzetkoziszallitas.eu\/en\/transportation-to-germany\/\"]}]},{\"@type\":\"BreadcrumbList\",\"@id\":\"https:\/\/nemzetkoziszallitas.eu\/en\/transportation-to-germany\/#breadcrumb\",\"itemListElement\":[{\"@type\":\"ListItem\",\"position\":1,\"name\":\"Kezd\u0151lap\",\"item\":\"https:\/\/nemzetkoziszallitas.eu\/en\/home\/\"},{\"@type\":\"ListItem\",\"position\":2,\"name\":\"Transportation to Germany\"}]},{\"@type\":\"WebSite\",\"@id\":\"https:\/\/nemzetkoziszallitas.eu\/#website\",\"url\":\"https:\/\/nemzetkoziszallitas.eu\/\",\"name\":\"Sebesty\u00e9n Transport\",\"description\":\"fuvaroz\u00e1s, k\u00f6lt\u00f6zet\u00e9s\",\"potentialAction\":[{\"@type\":\"SearchAction\",\"target\":{\"@type\":\"EntryPoint\",\"urlTemplate\":\"https:\/\/nemzetkoziszallitas.eu\/?s={search_term_string}\"},\"query-input\":{\"@type\":\"PropertyValueSpecification\",\"valueRequired\":true,\"valueName\":\"search_term_string\"}}],\"inLanguage\":\"en-US\"}]}<\/script>\n<!-- \/ Yoast SEO plugin. -->","yoast_head_json":{"title":"Transport to Germany and Netherlands | Sebesty\u00e9n Transport","description":"Door-to-door transport between Germany, Netherlands and Hungary. Check our routes and weekly special service timetable.","robots":{"index":"index","follow":"follow","max-snippet":"max-snippet:-1","max-image-preview":"max-image-preview:large","max-video-preview":"max-video-preview:-1"},"canonical":"https:\/\/nemzetkoziszallitas.eu\/en\/transportation-to-germany\/","og_locale":"en_US","og_type":"article","og_title":"Transport to Germany and Netherlands | Sebesty\u00e9n Transport","og_description":"Door-to-door transport between Germany, Netherlands and Hungary. Check our routes and weekly special service timetable.","og_url":"https:\/\/nemzetkoziszallitas.eu\/en\/transportation-to-germany\/","og_site_name":"Sebesty\u00e9n Transport","article_modified_time":"2026-04-17T15:23:25+00:00","twitter_misc":{"Est. reading time":"5 minutes"},"schema":{"@context":"https:\/\/schema.org","@graph":[{"@type":"WebPage","@id":"https:\/\/nemzetkoziszallitas.eu\/en\/transportation-to-germany\/","url":"https:\/\/nemzetkoziszallitas.eu\/en\/transportation-to-germany\/","name":"Transport to Germany and Netherlands | Sebesty\u00e9n Transport","isPartOf":{"@id":"https:\/\/nemzetkoziszallitas.eu\/#website"},"datePublished":"2026-04-17T13:29:08+00:00","dateModified":"2026-04-17T15:23:25+00:00","description":"Door-to-door transport between Germany, Netherlands and Hungary. Check our routes and weekly special service timetable.","breadcrumb":{"@id":"https:\/\/nemzetkoziszallitas.eu\/en\/transportation-to-germany\/#breadcrumb"},"inLanguage":"en-US","potentialAction":[{"@type":"ReadAction","target":["https:\/\/nemzetkoziszallitas.eu\/en\/transportation-to-germany\/"]}]},{"@type":"BreadcrumbList","@id":"https:\/\/nemzetkoziszallitas.eu\/en\/transportation-to-germany\/#breadcrumb","itemListElement":[{"@type":"ListItem","position":1,"name":"Kezd\u0151lap","item":"https:\/\/nemzetkoziszallitas.eu\/en\/home\/"},{"@type":"ListItem","position":2,"name":"Transportation to Germany"}]},{"@type":"WebSite","@id":"https:\/\/nemzetkoziszallitas.eu\/#website","url":"https:\/\/nemzetkoziszallitas.eu\/","name":"Sebesty\u00e9n Transport","description":"fuvaroz\u00e1s, k\u00f6lt\u00f6zet\u00e9s","potentialAction":[{"@type":"SearchAction","target":{"@type":"EntryPoint","urlTemplate":"https:\/\/nemzetkoziszallitas.eu\/?s={search_term_string}"},"query-input":{"@type":"PropertyValueSpecification","valueRequired":true,"valueName":"search_term_string"}}],"inLanguage":"en-US"}]}},"_links":{"self":[{"href":"https:\/\/nemzetkoziszallitas.eu\/en\/wp-json\/wp\/v2\/pages\/8291","targetHints":{"allow":["GET"]}}],"collection":[{"href":"https:\/\/nemzetkoziszallitas.eu\/en\/wp-json\/wp\/v2\/pages"}],"about":[{"href":"https:\/\/nemzetkoziszallitas.eu\/en\/wp-json\/wp\/v2\/types\/page"}],"author":[{"embeddable":true,"href":"https:\/\/nemzetkoziszallitas.eu\/en\/wp-json\/wp\/v2\/users\/7"}],"replies":[{"embeddable":true,"href":"https:\/\/nemzetkoziszallitas.eu\/en\/wp-json\/wp\/v2\/comments?post=8291"}],"version-history":[{"count":3,"href":"https:\/\/nemzetkoziszallitas.eu\/en\/wp-json\/wp\/v2\/pages\/8291\/revisions"}],"predecessor-version":[{"id":9586,"href":"https:\/\/nemzetkoziszallitas.eu\/en\/wp-json\/wp\/v2\/pages\/8291\/revisions\/9586"}],"wp:attachment":[{"href":"https:\/\/nemzetkoziszallitas.eu\/en\/wp-json\/wp\/v2\/media?parent=8291"}],"curies":[{"name":"wp","href":"https:\/\/api.w.org\/{rel}","templated":true}]}}