{"id":8514,"date":"2026-04-14T15:59:09","date_gmt":"2026-04-14T13:59:09","guid":{"rendered":"https:\/\/nemzetkoziszallitas.eu\/?page_id=8514"},"modified":"2026-04-15T14:01:43","modified_gmt":"2026-04-15T12:01:43","slug":"transportation-to-denmark","status":"publish","type":"page","link":"https:\/\/nemzetkoziszallitas.eu\/en\/transportation-to-denmark\/","title":{"rendered":"Transportation to Denmark"},"content":{"rendered":"<section  class='av_textblock_section av-xxvbgq-7f2e1382183551cdfd68f88c2a2e7b38'  itemscope=\"itemscope\" itemtype=\"https:\/\/schema.org\/CreativeWork\" ><div class='avia_textblock'  itemprop=\"text\" ><h1>Transportation, shipment, and relocation services to Denmark<\/h1>\n<p><strong>Do you wish to send a package to Denmark, or are you relocating to Denmark?<\/strong> Or, do you wish to send a package home, or are you relocating back to Hungary? Choose us, and we guarantee that your belongings <strong>will arrive to their destination fast and safe<\/strong>.<\/p>\n<p><strong>We\u2019ve been managing regular shipments between Denmark and Hungary for a period of five years now<\/strong>. We have a large number of satisfied customers. Based on our Customer feedback, our services are performed in a timely manner, reliably, and diligently:<\/p>\n<p><strong>The list of cities we most frequently go to in Denmark:<\/strong> Copenhagen, Kolding, Odense, Aarhus, K\u00f6ge, Bjerringbro.<\/p>\n<p>However, we are able to <strong>arrange for a trip to any other destination in the direct vicinity of these cities<\/strong>, should the need arise. For example, throughout the years, we have been to Alborg, Esbjerg, and several other places&#8230;. and further, we offer relocation services in between the countries of Denmark and Sweden as well.<\/p>\n<p>We ship all sorts of cargo throughout the entire area of Denmark. <strong>For example, we ship paintings, antiquity, personal gifts, bicycles, musical instruments, furniture, and even pets.<\/strong> An increasing number of Hungarian students now study in Denmark, and we have shipped numerous items based on their orders. In addition, we relocated many of them to these countries. We have also done relocations within Denmark.<\/p>\n<p><strong>We are happy to ship any special, or urgent parcels for you. We will surely find a solution for all your needs.<\/strong><\/p>\n<h3 style=\"text-align: center;\"><a href=\"https:\/\/nemzetkoziszallitas.eu\/en\/order-form\/\" target=\"_blank\" rel=\"noopener\">Order our services now, by clicking on this link<\/a><\/h3>\n<\/div><\/section>\n\n<style type=\"text\/css\" data-created_by=\"avia_inline_auto\" id=\"style-css-av-vum4lm-a132ad075b1fe225d1b2687727f69d95\">\n#top .hr.av-vum4lm-a132ad075b1fe225d1b2687727f69d95{\nmargin-top:0px;\nmargin-bottom:20px;\n}\n.hr.av-vum4lm-a132ad075b1fe225d1b2687727f69d95 .hr-inner{\nwidth:100%;\n}\n<\/style>\n<div  class='hr av-vum4lm-a132ad075b1fe225d1b2687727f69d95 hr-custom  avia-builder-el-1  el_after_av_textblock  el_before_av_heading  hr-center hr-icon-no'><span class='hr-inner inner-border-av-border-thin'><span class=\"hr-inner-style\"><\/span><\/span><\/div>\n\n<style type=\"text\/css\" data-created_by=\"avia_inline_auto\" id=\"style-css-av-u3aoey-471433162bf8d562bffe0d570e820e20\">\n#top .av-special-heading.av-u3aoey-471433162bf8d562bffe0d570e820e20{\npadding-bottom:30px;\n}\nbody .av-special-heading.av-u3aoey-471433162bf8d562bffe0d570e820e20 .av-special-heading-tag .heading-char{\nfont-size:25px;\n}\n.av-special-heading.av-u3aoey-471433162bf8d562bffe0d570e820e20 .av-subheading{\nfont-size:15px;\n}\n<\/style>\n<div  class='av-special-heading av-u3aoey-471433162bf8d562bffe0d570e820e20 av-special-heading-h2 blockquote modern-quote modern-centered  avia-builder-el-2  el_after_av_hr  el_before_av_one_third '><h2 class='av-special-heading-tag'  itemprop=\"headline\"  ><a id=\"utvonal-dania-en\"><\/a>Our standard shipment route<\/h2><div class=\"special-heading-border\"><div class=\"special-heading-inner-border\"><\/div><\/div><\/div>\n\n<style type=\"text\/css\" data-created_by=\"avia_inline_auto\" id=\"style-css-av-sccawq-b8a18311cb751adbda6041e7746083d4\">\n.flex_column.av-sccawq-b8a18311cb751adbda6041e7746083d4{\n-webkit-border-radius:0px 0px 0px 0px;\n-moz-border-radius:0px 0px 0px 0px;\nborder-radius:0px 0px 0px 0px;\n}\n<\/style>\n<div class='flex_column av-sccawq-b8a18311cb751adbda6041e7746083d4 av_one_third  avia-builder-el-3  el_after_av_heading  el_before_av_two_third  first no_margin flex_column_div av-zero-column-padding '     ><section  class='av_textblock_section av-qn1aqy-9e0a473e3ae202adda3486c370a957b1'  itemscope=\"itemscope\" itemtype=\"https:\/\/schema.org\/CreativeWork\" ><div class='avia_textblock'  itemprop=\"text\" ><div style=\"text-align: center; width: 100%; margin-bottom: 25px;\">\n<h3>Budapest<\/h3>\n<h3>Gy\u0151r<\/h3>\n<h3>Vienna<\/h3>\n<h3>Bratislava<\/h3>\n<h3>Prague<\/h3>\n<h3>Dresden<\/h3>\n<h3>Berlin<\/h3>\n<h3>Hamburg<\/h3>\n<h3>Aalborg<\/h3>\n<h3>Kolding<\/h3>\n<h3>Odense<\/h3>\n<h3>Copenhagen<\/h3>\n<h3>Malm\u00f6<\/h3>\n<h3>Helsingborg<\/h3>\n<h3>Gothenburg<\/h3>\n<h3>J\u00f6nk\u00f6ping<\/h3>\n<h3>Stockholm<\/h3>\n<h3>Budapest<\/h3>\n<div><\/div>\n<hr style=\"clear: none; margin: 20px 0;\" \/>\n<p><strong>On a case-by-case basis, we are able to ship to other cities, not listed on the map.<\/strong><\/p>\n<\/div>\n<\/div><\/section><\/div>\n\n<style type=\"text\/css\" data-created_by=\"avia_inline_auto\" id=\"style-css-av-p0fte2-68625883283bcb73f5e9843cfecf2ad6\">\n.flex_column.av-p0fte2-68625883283bcb73f5e9843cfecf2ad6{\n-webkit-border-radius:0px 0px 0px 0px;\n-moz-border-radius:0px 0px 0px 0px;\nborder-radius:0px 0px 0px 0px;\n}\n<\/style>\n<div class='flex_column av-p0fte2-68625883283bcb73f5e9843cfecf2ad6 av_two_third  avia-builder-el-5  el_after_av_one_third  el_before_av_hr  no_margin flex_column_div av-zero-column-padding '     ><\/div>\n\n<style type=\"text\/css\" data-created_by=\"avia_inline_auto\" id=\"style-css-av-mz7pp6-82543f1ae57904140b3544ec9315aca9\">\n#top .hr.av-mz7pp6-82543f1ae57904140b3544ec9315aca9{\nmargin-top:0px;\nmargin-bottom:20px;\n}\n.hr.av-mz7pp6-82543f1ae57904140b3544ec9315aca9 .hr-inner{\nwidth:100%;\n}\n<\/style>\n<div  class='hr av-mz7pp6-82543f1ae57904140b3544ec9315aca9 hr-custom  avia-builder-el-7  el_after_av_two_third  el_before_av_promobox  hr-center hr-icon-no'><span class='hr-inner inner-border-av-border-thin'><span class=\"hr-inner-style\"><\/span><\/span><\/div>\n<div  class='av_promobox av-l96y0eat-a2bff6bdd032a8eb273e87edd18f69a2 avia-button-no  avia-builder-el-8  el_after_av_hr  el_before_av_heading  promo-doboz'><div class='avia-promocontent'><p>\nDear Customer! Unfortunately, we have been forced to introduce a fuel surcharge for international transport to compensate for the excessive increase in fuel prices. The surcharge is adjusted weekly to the average market fuel price published on\u00a0<a href=\"http:\/\/holtankoljak.hu\/\" target=\"_blank\" rel=\"noopener\" data-saferedirecturl=\"https:\/\/www.google.com\/url?q=http:\/\/holtankoljak.hu&amp;source=gmail&amp;ust=1647938137023000&amp;usg=AOvVaw23qJOv3ad0W_iWCctMQZD4\">holtankoljak.hu<\/a>. The current fare is multiplied by a percentage, currently 15%.<\/p>\n<\/div><\/div>\n\n<style type=\"text\/css\" data-created_by=\"avia_inline_auto\" id=\"style-css-av-kl1flm-161c150b3f28872774175ee3756a3764\">\n#top .av-special-heading.av-kl1flm-161c150b3f28872774175ee3756a3764{\npadding-bottom:30px;\n}\nbody .av-special-heading.av-kl1flm-161c150b3f28872774175ee3756a3764 .av-special-heading-tag .heading-char{\nfont-size:25px;\n}\n.av-special-heading.av-kl1flm-161c150b3f28872774175ee3756a3764 .av-subheading{\nfont-size:15px;\n}\n<\/style>\n<div  class='av-special-heading av-kl1flm-161c150b3f28872774175ee3756a3764 av-special-heading-h2 blockquote modern-quote modern-centered  avia-builder-el-9  el_after_av_promobox  el_before_av_codeblock '><h2 class='av-special-heading-tag'  itemprop=\"headline\"  >Average shipment fees for parcels sent to Denmark<\/h2><div class=\"special-heading-border\"><div class=\"special-heading-inner-border\"><\/div><\/div><\/div>\n\n<div  class='hr av-i01yca-b2a6ca471c3f176826b711661d9e9417 hr-default  avia-builder-el-11  el_after_av_codeblock  el_before_av_textblock '><span class='hr-inner '><span class=\"hr-inner-style\"><\/span><\/span><\/div>\n<section  class='av_textblock_section av-g4ytwa-fdc383dbf4f08668959200afdd55c82c'  itemscope=\"itemscope\" itemtype=\"https:\/\/schema.org\/CreativeWork\" ><div class='avia_textblock'  itemprop=\"text\" ><p style=\"text-align: center;\"><strong>All prices listed above include 30 minutes loading time.<\/strong><\/p>\n<p align=\"center\"><strong>For small weight cargo (e.g. foam rubber),<br \/>\nthe fees will be charged based on volumetric weight.<br \/>\n<\/strong>The basis for calculation: W (cm) x L (cm) x H (cm) \/ 6,000 = volumetric weight (kg).<\/p>\n<h2 style=\"margin-top: 0!important;\" align=\"center\">For any other cargo products<br \/>\n<small>(e.g. bicycle, bike, furniture, pallet goods, pets \u2026)<\/small><br \/>\nplease ask for a special Price Quote.<\/h2>\n<p style=\"text-align: center;\" align=\"center\">* The fees are valid from 13.04.2026 until withdrawn.<\/p>\n<\/div><\/section>\n\n<style type=\"text\/css\" data-created_by=\"avia_inline_auto\" id=\"style-css-av-eimzre-f9b647610212631ee0bc05a311de12d7\">\n#top .hr.hr-invisible.av-eimzre-f9b647610212631ee0bc05a311de12d7{\nheight:15px;\n}\n<\/style>\n<div  class='hr av-eimzre-f9b647610212631ee0bc05a311de12d7 hr-invisible  avia-builder-el-13  el_after_av_textblock  el_before_av_textblock '><span class='hr-inner '><span class=\"hr-inner-style\"><\/span><\/span><\/div>\n<section  class='av_textblock_section av-cx4qfu-bf6fc358118103818abc0bd0322b3e9e'  itemscope=\"itemscope\" itemtype=\"https:\/\/schema.org\/CreativeWork\" ><div class='avia_textblock'  itemprop=\"text\" ><h3>Shipment planner:<\/h3>\n<ol>\n<li>Place your order (using the <a title=\"online Order Form\" href=\"https:\/\/nemzetkoziszallitas.eu\/en\/order-form\/\">online Order Form<\/a>)<\/li>\n<li>Confirm the details (about how the parcel will be handed over to us, etc.)<\/li>\n<li>We collect the parcel (based on the Bill of Lading, or the Order Form)<\/li>\n<li>Please pay our fees (as agreed, or the Addressee can pay the fee upon delivery, if required)<\/li>\n<li>Delivery and handover of the parcel to the Addressee.<\/li>\n<\/ol>\n<\/div><\/section>\n\n<style type=\"text\/css\" data-created_by=\"avia_inline_auto\" id=\"style-css-av-1152ii-9e65b8bbac828034cca185f63e15b43c\">\n#top .hr.av-1152ii-9e65b8bbac828034cca185f63e15b43c{\nmargin-top:0px;\nmargin-bottom:20px;\n}\n.hr.av-1152ii-9e65b8bbac828034cca185f63e15b43c .hr-inner{\nwidth:100%;\n}\n<\/style>\n<div  class='hr av-1152ii-9e65b8bbac828034cca185f63e15b43c hr-custom  avia-builder-el-15  el_after_av_textblock  el_before_av_textblock  hr-center hr-icon-no'><span class='hr-inner inner-border-av-border-thin'><span class=\"hr-inner-style\"><\/span><\/span><\/div>\n<section  class='av_textblock_section av-9p3s2i-8adf5f8bafbad122a5da170b359c03b7'  itemscope=\"itemscope\" itemtype=\"https:\/\/schema.org\/CreativeWork\" ><div class='avia_textblock'  itemprop=\"text\" ><h2 align=\"center\">Whether you wish to arrange for a shipment to Denmark, or to Hungary &#8211; you can order it NOW&#8230;<\/h2>\n<\/div><\/section>\n\n<style type=\"text\/css\" data-created_by=\"avia_inline_auto\" id=\"style-css-av-83vdoq-78a5147342fd6d85d9ab981e56be29f3\">\n.flex_column.av-83vdoq-78a5147342fd6d85d9ab981e56be29f3{\n-webkit-border-radius:0px 0px 0px 0px;\n-moz-border-radius:0px 0px 0px 0px;\nborder-radius:0px 0px 0px 0px;\n}\n<\/style>\n<div class='flex_column av-83vdoq-78a5147342fd6d85d9ab981e56be29f3 av_one_half  avia-builder-el-17  el_after_av_textblock  el_before_av_one_half  first flex_column_div av-zero-column-padding column-top-margin'     ><div  class='avia-button-wrap av-6fp3kq-6ef8ea125ab1aeb68f84d06a6b5e9d02-wrap avia-button-center  avia-builder-el-18  avia-builder-el-no-sibling ' ><a href='https:\/\/nemzetkoziszallitas.eu\/en\/prices\/'  class='avia-button av-6fp3kq-6ef8ea125ab1aeb68f84d06a6b5e9d02 avia-icon_select-no avia-size-large avia-position-center avia-color-theme-color' ><span class='avia_iconbox_title' >OUR PRICES<\/span><\/a><\/div><\/div>\n\n<style type=\"text\/css\" data-created_by=\"avia_inline_auto\" id=\"style-css-av-crl0a-91db659e47aa1da496dfecfc96a826d7\">\n.flex_column.av-crl0a-91db659e47aa1da496dfecfc96a826d7{\n-webkit-border-radius:0px 0px 0px 0px;\n-moz-border-radius:0px 0px 0px 0px;\nborder-radius:0px 0px 0px 0px;\n}\n<\/style>\n<div class='flex_column av-crl0a-91db659e47aa1da496dfecfc96a826d7 av_one_half  avia-builder-el-19  el_after_av_one_half  avia-builder-el-last  flex_column_div av-zero-column-padding column-top-margin'     ><div  class='avia-button-wrap av-31lqju-581b79077de7b8a0635831af79e1a3fb-wrap avia-button-center  avia-builder-el-20  avia-builder-el-no-sibling ' ><a href='https:\/\/nemzetkoziszallitas.eu\/en\/order-form\/'  class='avia-button av-31lqju-581b79077de7b8a0635831af79e1a3fb avia-icon_select-no avia-size-large avia-position-center avia-color-theme-color' ><span class='avia_iconbox_title' >ORDER NOW<\/span><\/a><\/div><\/div>\n","protected":false},"excerpt":{"rendered":"","protected":false},"author":7,"featured_media":0,"parent":0,"menu_order":0,"comment_status":"closed","ping_status":"closed","template":"","meta":{"footnotes":"","_links_to":"","_links_to_target":""},"class_list":["post-8514","page","type-page","status-publish","hentry"],"yoast_head":"<!-- This site is optimized with the Yoast SEO plugin v25.7 - https:\/\/yoast.com\/wordpress\/plugins\/seo\/ -->\n<title>Transport to Denmark | Parcel Delivery | Sebesty\u00e9n Transport<\/title>\n<meta name=\"description\" content=\"Door-to-door transport between Denmark and Hungary. Check our routes and weekly special service timetable.\" \/>\n<meta name=\"robots\" content=\"index, follow, max-snippet:-1, max-image-preview:large, max-video-preview:-1\" \/>\n<link rel=\"canonical\" href=\"https:\/\/nemzetkoziszallitas.eu\/en\/transportation-to-denmark\/\" \/>\n<meta property=\"og:locale\" content=\"en_US\" \/>\n<meta property=\"og:type\" content=\"article\" \/>\n<meta property=\"og:title\" content=\"Transport to Denmark | Parcel Delivery | Sebesty\u00e9n Transport\" \/>\n<meta property=\"og:description\" content=\"Door-to-door transport between Denmark and Hungary. Check our routes and weekly special service timetable.\" \/>\n<meta property=\"og:url\" content=\"https:\/\/nemzetkoziszallitas.eu\/en\/transportation-to-denmark\/\" \/>\n<meta property=\"og:site_name\" content=\"Sebesty\u00e9n Transport\" \/>\n<meta property=\"article:modified_time\" content=\"2026-04-15T12:01:43+00:00\" \/>\n<meta name=\"twitter:label1\" content=\"Est. reading time\" \/>\n\t<meta name=\"twitter:data1\" content=\"5 minutes\" \/>\n<script type=\"application\/ld+json\" class=\"yoast-schema-graph\">{\"@context\":\"https:\/\/schema.org\",\"@graph\":[{\"@type\":\"WebPage\",\"@id\":\"https:\/\/nemzetkoziszallitas.eu\/en\/transportation-to-denmark\/\",\"url\":\"https:\/\/nemzetkoziszallitas.eu\/en\/transportation-to-denmark\/\",\"name\":\"Transport to Denmark | Parcel Delivery | Sebesty\u00e9n Transport\",\"isPartOf\":{\"@id\":\"https:\/\/nemzetkoziszallitas.eu\/#website\"},\"datePublished\":\"2026-04-14T13:59:09+00:00\",\"dateModified\":\"2026-04-15T12:01:43+00:00\",\"description\":\"Door-to-door transport between Denmark and Hungary. Check our routes and weekly special service timetable.\",\"breadcrumb\":{\"@id\":\"https:\/\/nemzetkoziszallitas.eu\/en\/transportation-to-denmark\/#breadcrumb\"},\"inLanguage\":\"en-US\",\"potentialAction\":[{\"@type\":\"ReadAction\",\"target\":[\"https:\/\/nemzetkoziszallitas.eu\/en\/transportation-to-denmark\/\"]}]},{\"@type\":\"BreadcrumbList\",\"@id\":\"https:\/\/nemzetkoziszallitas.eu\/en\/transportation-to-denmark\/#breadcrumb\",\"itemListElement\":[{\"@type\":\"ListItem\",\"position\":1,\"name\":\"Kezd\u0151lap\",\"item\":\"https:\/\/nemzetkoziszallitas.eu\/en\/home\/\"},{\"@type\":\"ListItem\",\"position\":2,\"name\":\"Transportation to Denmark\"}]},{\"@type\":\"WebSite\",\"@id\":\"https:\/\/nemzetkoziszallitas.eu\/#website\",\"url\":\"https:\/\/nemzetkoziszallitas.eu\/\",\"name\":\"Sebesty\u00e9n Transport\",\"description\":\"fuvaroz\u00e1s, k\u00f6lt\u00f6zet\u00e9s\",\"potentialAction\":[{\"@type\":\"SearchAction\",\"target\":{\"@type\":\"EntryPoint\",\"urlTemplate\":\"https:\/\/nemzetkoziszallitas.eu\/?s={search_term_string}\"},\"query-input\":{\"@type\":\"PropertyValueSpecification\",\"valueRequired\":true,\"valueName\":\"search_term_string\"}}],\"inLanguage\":\"en-US\"}]}<\/script>\n<!-- \/ Yoast SEO plugin. -->","yoast_head_json":{"title":"Transport to Denmark | Parcel Delivery | Sebesty\u00e9n Transport","description":"Door-to-door transport between Denmark and Hungary. Check our routes and weekly special service timetable.","robots":{"index":"index","follow":"follow","max-snippet":"max-snippet:-1","max-image-preview":"max-image-preview:large","max-video-preview":"max-video-preview:-1"},"canonical":"https:\/\/nemzetkoziszallitas.eu\/en\/transportation-to-denmark\/","og_locale":"en_US","og_type":"article","og_title":"Transport to Denmark | Parcel Delivery | Sebesty\u00e9n Transport","og_description":"Door-to-door transport between Denmark and Hungary. Check our routes and weekly special service timetable.","og_url":"https:\/\/nemzetkoziszallitas.eu\/en\/transportation-to-denmark\/","og_site_name":"Sebesty\u00e9n Transport","article_modified_time":"2026-04-15T12:01:43+00:00","twitter_misc":{"Est. reading time":"5 minutes"},"schema":{"@context":"https:\/\/schema.org","@graph":[{"@type":"WebPage","@id":"https:\/\/nemzetkoziszallitas.eu\/en\/transportation-to-denmark\/","url":"https:\/\/nemzetkoziszallitas.eu\/en\/transportation-to-denmark\/","name":"Transport to Denmark | Parcel Delivery | Sebesty\u00e9n Transport","isPartOf":{"@id":"https:\/\/nemzetkoziszallitas.eu\/#website"},"datePublished":"2026-04-14T13:59:09+00:00","dateModified":"2026-04-15T12:01:43+00:00","description":"Door-to-door transport between Denmark and Hungary. Check our routes and weekly special service timetable.","breadcrumb":{"@id":"https:\/\/nemzetkoziszallitas.eu\/en\/transportation-to-denmark\/#breadcrumb"},"inLanguage":"en-US","potentialAction":[{"@type":"ReadAction","target":["https:\/\/nemzetkoziszallitas.eu\/en\/transportation-to-denmark\/"]}]},{"@type":"BreadcrumbList","@id":"https:\/\/nemzetkoziszallitas.eu\/en\/transportation-to-denmark\/#breadcrumb","itemListElement":[{"@type":"ListItem","position":1,"name":"Kezd\u0151lap","item":"https:\/\/nemzetkoziszallitas.eu\/en\/home\/"},{"@type":"ListItem","position":2,"name":"Transportation to Denmark"}]},{"@type":"WebSite","@id":"https:\/\/nemzetkoziszallitas.eu\/#website","url":"https:\/\/nemzetkoziszallitas.eu\/","name":"Sebesty\u00e9n Transport","description":"fuvaroz\u00e1s, k\u00f6lt\u00f6zet\u00e9s","potentialAction":[{"@type":"SearchAction","target":{"@type":"EntryPoint","urlTemplate":"https:\/\/nemzetkoziszallitas.eu\/?s={search_term_string}"},"query-input":{"@type":"PropertyValueSpecification","valueRequired":true,"valueName":"search_term_string"}}],"inLanguage":"en-US"}]}},"_links":{"self":[{"href":"https:\/\/nemzetkoziszallitas.eu\/en\/wp-json\/wp\/v2\/pages\/8514","targetHints":{"allow":["GET"]}}],"collection":[{"href":"https:\/\/nemzetkoziszallitas.eu\/en\/wp-json\/wp\/v2\/pages"}],"about":[{"href":"https:\/\/nemzetkoziszallitas.eu\/en\/wp-json\/wp\/v2\/types\/page"}],"author":[{"embeddable":true,"href":"https:\/\/nemzetkoziszallitas.eu\/en\/wp-json\/wp\/v2\/users\/7"}],"replies":[{"embeddable":true,"href":"https:\/\/nemzetkoziszallitas.eu\/en\/wp-json\/wp\/v2\/comments?post=8514"}],"version-history":[{"count":2,"href":"https:\/\/nemzetkoziszallitas.eu\/en\/wp-json\/wp\/v2\/pages\/8514\/revisions"}],"predecessor-version":[{"id":9463,"href":"https:\/\/nemzetkoziszallitas.eu\/en\/wp-json\/wp\/v2\/pages\/8514\/revisions\/9463"}],"wp:attachment":[{"href":"https:\/\/nemzetkoziszallitas.eu\/en\/wp-json\/wp\/v2\/media?parent=8514"}],"curies":[{"name":"wp","href":"https:\/\/api.w.org\/{rel}","templated":true}]}}