{"id":8558,"date":"2026-04-15T14:17:40","date_gmt":"2026-04-15T12:17:40","guid":{"rendered":"https:\/\/nemzetkoziszallitas.eu\/?page_id=8558"},"modified":"2026-04-15T14:21:04","modified_gmt":"2026-04-15T12:21:04","slug":"transportation-to-sweden","status":"publish","type":"page","link":"https:\/\/nemzetkoziszallitas.eu\/en\/transportation-to-sweden\/","title":{"rendered":"Transportation to Sweden"},"content":{"rendered":"<section  class='av_textblock_section av-186uxcu-3b316d7340c779722210990fa6cad9fc'  itemscope=\"itemscope\" itemtype=\"https:\/\/schema.org\/CreativeWork\" ><div class='avia_textblock'  itemprop=\"text\" ><h1>Transportation, shipment, and relocation services to Sweden<\/h1>\n<p><strong>Would you like your parcels to reach their destination intact and fast? <\/strong> Then choose our services. We are a specialist in international freight and relocation services, so you will have your parcel safely delivered with us. We can provide assistance when you are relocating to a foreign country, or when you are moving back to Hungary. And you can send any special parcel with us into foreign countries, or back home.<\/p>\n<p><strong>We\u2019ve been providing freight services in between Hungary and Sweden on a weekly basis, for about five years now. <\/strong> The large number of customer feedback we received, all supports that we are prompt, polite, and reasonably priced:<\/p>\n<p><strong>The list of cities we most frequently go to in Sweden:<\/strong> Malm\u00f6, Helsingborg, Gothenburg, J\u00f6nk\u00f6ping, Norrk\u00f6ping, Stockholm, \u00d6rebro, and Karlstadt<\/p>\n<p>However<strong> we are able to arrange for a trip to any other place, in the direct vicinity of these cities<\/strong>. should the need arise. Further, we provide international relocation services in between various European countries.<\/p>\n<p>We ship non-standard cargo items as well, for example we ship: <strong>bicycles, pets, musical instruments, antiquities, art, paintings, car spare parts, and even pallet goods. <\/strong>We have a large number of customers, for whom we did full scale relocation services, and we have done relocations within Sweden too.<\/p>\n<p><strong>We are happy to serve you with any special, or urgent parcels as well<\/strong> We will find a solution to all your special enquiries and problems.<\/p>\n<p>You can find our timetable, and scheduled transportation times, on our website. Parcels are collected based on a pre-set appointment. <strong>Prior to the agreed collection time, a few hours beforehand, we will send you a reminder message.<\/strong><\/p>\n<p>Please close all parcels securely, and please clearly indicate the name and address of both the Sender and the Addressee on the parcel. If you are sending a fragile item, or food products with a fixed expiry date, or any other <strong>parcel including contents requiring special treatment, please let us know ahead of time.<\/strong><\/p>\n<p>(We do not ship any alcohol, tobacco products, or any other excise products, or any illegal items. The Sender shall be fully liable for all contents of the parcels sent, at all times.)<\/p>\n<h3 style=\"text-align: center;\"><a href=\"https:\/\/nemzetkoziszallitas.eu\/nmztkzszllts17\/en\/order-form\/\" target=\"_blank\" rel=\"noopener\"><strong>Order our services now, by clicking on this link.<\/strong><\/a><\/h3>\n<\/div><\/section>\n\n<style type=\"text\/css\" data-created_by=\"avia_inline_auto\" id=\"style-css-av-488dha-345667b375d3392fce1296184de215ed\">\n#top .hr.av-488dha-345667b375d3392fce1296184de215ed{\nmargin-top:0px;\nmargin-bottom:20px;\n}\n.hr.av-488dha-345667b375d3392fce1296184de215ed .hr-inner{\nwidth:100%;\n}\n<\/style>\n<div  class='hr av-488dha-345667b375d3392fce1296184de215ed hr-custom  avia-builder-el-1  el_after_av_textblock  el_before_av_heading  hr-center hr-icon-no'><span class='hr-inner inner-border-av-border-thin'><span class=\"hr-inner-style\"><\/span><\/span><\/div>\n\n<style type=\"text\/css\" data-created_by=\"avia_inline_auto\" id=\"style-css-av-15bz0b2-956ae5a99d618070e2e138abcb390e8f\">\n#top .av-special-heading.av-15bz0b2-956ae5a99d618070e2e138abcb390e8f{\npadding-bottom:40px;\n}\nbody .av-special-heading.av-15bz0b2-956ae5a99d618070e2e138abcb390e8f .av-special-heading-tag .heading-char{\nfont-size:25px;\n}\n.av-special-heading.av-15bz0b2-956ae5a99d618070e2e138abcb390e8f .av-subheading{\nfont-size:15px;\n}\n<\/style>\n<div  class='av-special-heading av-15bz0b2-956ae5a99d618070e2e138abcb390e8f av-special-heading-h2 blockquote modern-quote modern-centered  avia-builder-el-2  el_after_av_hr  el_before_av_one_third '><h2 class='av-special-heading-tag'  itemprop=\"headline\"  ><a id=\"utvonal-svedorszag-en\"><\/a>Our standard shipment route<\/h2><div class=\"special-heading-border\"><div class=\"special-heading-inner-border\"><\/div><\/div><\/div>\n\n<style type=\"text\/css\" data-created_by=\"avia_inline_auto\" id=\"style-css-av-12w7i0u-9a33467f66fa8bd68241e022d0e8b8c4\">\n.flex_column.av-12w7i0u-9a33467f66fa8bd68241e022d0e8b8c4{\n-webkit-border-radius:0px 0px 0px 0px;\n-moz-border-radius:0px 0px 0px 0px;\nborder-radius:0px 0px 0px 0px;\n}\n<\/style>\n<div class='flex_column av-12w7i0u-9a33467f66fa8bd68241e022d0e8b8c4 av_one_third  avia-builder-el-3  el_after_av_heading  el_before_av_two_third  first no_margin flex_column_div av-zero-column-padding '     ><section  class='av_textblock_section av-3subhq-3b67277ba345006d815cae91f8794e2d'  itemscope=\"itemscope\" itemtype=\"https:\/\/schema.org\/CreativeWork\" ><div class='avia_textblock'  itemprop=\"text\" ><div style=\"text-align: center; width: 100%; margin-bottom: 25px;\">\n<h3>Budapest<\/h3>\n<h3>Gy\u0151r<\/h3>\n<h3>B\u00e9cs<\/h3>\n<h3>Pozsony<\/h3>\n<h3>Pr\u00e1ga<\/h3>\n<h3>Drezda<\/h3>\n<h3>Berlin<\/h3>\n<h3>Hamburg<\/h3>\n<h3>Aalborg<\/h3>\n<h3>Kolding<\/h3>\n<h3>Odense<\/h3>\n<h3>Koppenh\u00e1ga<\/h3>\n<h3>Malm\u00f6<\/h3>\n<h3>Helsingborg<\/h3>\n<h3>V\u00e4rnamo<\/h3>\n<h3>G\u00f6teborg<\/h3>\n<h3>J\u00f6nk\u00f6ping<\/h3>\n<h3>Stockholm<\/h3>\n<h3>Budapest<\/h3>\n<div><\/div>\n<hr style=\"clear: none; margin: 20px 0;\" \/>\n<p><strong>On a case-by-case basis, we are able to ship to other cities, not listed on the map.<\/strong><\/p>\n<\/div>\n<\/div><\/section><\/div>\n\n<style type=\"text\/css\" data-created_by=\"avia_inline_auto\" id=\"style-css-av-yzfrr2-17f1a75aa95a7702db39ea70a5fc29a7\">\n.flex_column.av-yzfrr2-17f1a75aa95a7702db39ea70a5fc29a7{\n-webkit-border-radius:0px 0px 0px 0px;\n-moz-border-radius:0px 0px 0px 0px;\nborder-radius:0px 0px 0px 0px;\n}\n<\/style>\n<div class='flex_column av-yzfrr2-17f1a75aa95a7702db39ea70a5fc29a7 av_two_third  avia-builder-el-5  el_after_av_one_third  el_before_av_hr  no_margin flex_column_div av-zero-column-padding '     ><\/div>\n<div  class='hr av-wmfxfi-87e2a644dd2206483eb2b9fae45df295 hr-default  avia-builder-el-7  el_after_av_two_third  el_before_av_heading '><span class='hr-inner '><span class=\"hr-inner-style\"><\/span><\/span><\/div>\n\n<style type=\"text\/css\" data-created_by=\"avia_inline_auto\" id=\"style-css-av-umfjta-c72325d281a77402055e70fe660d4418\">\n#top .av-special-heading.av-umfjta-c72325d281a77402055e70fe660d4418{\npadding-bottom:30px;\n}\nbody .av-special-heading.av-umfjta-c72325d281a77402055e70fe660d4418 .av-special-heading-tag .heading-char{\nfont-size:25px;\n}\n.av-special-heading.av-umfjta-c72325d281a77402055e70fe660d4418 .av-subheading{\nfont-size:15px;\n}\n<\/style>\n<div  class='av-special-heading av-umfjta-c72325d281a77402055e70fe660d4418 av-special-heading-h2 blockquote modern-quote modern-centered  avia-builder-el-8  el_after_av_hr  el_before_av_codeblock '><h2 class='av-special-heading-tag'  itemprop=\"headline\"  >Average parcel shipment prices to Malm\u00f6 and its surrounding areas<\/h2><div class=\"special-heading-border\"><div class=\"special-heading-inner-border\"><\/div><\/div><\/div>\n\n<section  class='av_textblock_section av-2seszi-00dd793baedd6123968e82b471de923d'  itemscope=\"itemscope\" itemtype=\"https:\/\/schema.org\/CreativeWork\" ><div class='avia_textblock'  itemprop=\"text\" >\n<style type=\"text\/css\" data-created_by=\"avia_inline_auto\" id=\"style-css-av-q2kmpa-72fab323fe95f484331da4d1ac110a72\">\n#top .hr.hr-invisible.av-q2kmpa-72fab323fe95f484331da4d1ac110a72{\nmargin-top:0px;\nheight:1px;\n}\n<\/style>\n<div  class='hr av-q2kmpa-72fab323fe95f484331da4d1ac110a72 hr-invisible  avia-builder-el-11  avia-builder-el-no-sibling '><span class='hr-inner '><span class=\"hr-inner-style\"><\/span><\/span><\/div>\n<p><strong>Please ask for a special Price Quote, if your cargo exceeds 50 kg.<\/strong><\/p>\n<\/div><\/section>\n<div  class='hr av-o7nxqm-e732571a14d6949ac996439da8bd818f hr-default  avia-builder-el-12  el_after_av_textblock  el_before_av_heading '><span class='hr-inner '><span class=\"hr-inner-style\"><\/span><\/span><\/div>\n\n<style type=\"text\/css\" data-created_by=\"avia_inline_auto\" id=\"style-css-av-m81pdq-29e535d1f6f8597c982aadb7e5933e0c\">\n#top .av-special-heading.av-m81pdq-29e535d1f6f8597c982aadb7e5933e0c{\npadding-bottom:30px;\n}\nbody .av-special-heading.av-m81pdq-29e535d1f6f8597c982aadb7e5933e0c .av-special-heading-tag .heading-char{\nfont-size:25px;\n}\n.av-special-heading.av-m81pdq-29e535d1f6f8597c982aadb7e5933e0c .av-subheading{\nfont-size:15px;\n}\n<\/style>\n<div  class='av-special-heading av-m81pdq-29e535d1f6f8597c982aadb7e5933e0c av-special-heading-h2 blockquote modern-quote modern-centered  avia-builder-el-13  el_after_av_hr  el_before_av_codeblock '><h2 class='av-special-heading-tag'  itemprop=\"headline\"  >Price list to Halmstad \/ G\u00f6teborg \/ J\u00f6nk\u00f6ping \/ Stockholm<\/h2><div class=\"special-heading-border\"><div class=\"special-heading-inner-border\"><\/div><\/div><\/div>\n\n<section  class='av_textblock_section av-jp7tby-33ba4bf78ced5f6ded43fc2325363452'  itemscope=\"itemscope\" itemtype=\"https:\/\/schema.org\/CreativeWork\" ><div class='avia_textblock'  itemprop=\"text\" >\n<style type=\"text\/css\" data-created_by=\"avia_inline_auto\" id=\"style-css-av-i3hmim-a1cc6f0aca7f8317259548d2e32587e7\">\n#top .hr.hr-invisible.av-i3hmim-a1cc6f0aca7f8317259548d2e32587e7{\nmargin-top:0px;\nheight:1px;\n}\n<\/style>\n<div  class='hr av-i3hmim-a1cc6f0aca7f8317259548d2e32587e7 hr-invisible  avia-builder-el-16  avia-builder-el-no-sibling '><span class='hr-inner '><span class=\"hr-inner-style\"><\/span><\/span><\/div>\n<p><strong>Please ask for a special Price Quote, if your cargo exceeds 50 kg.<\/strong><\/p>\n<\/div><\/section>\n<div  class='hr av-f53ofi-e8288c05f38b08269a81c34f4396da34 hr-default  avia-builder-el-17  el_after_av_textblock  el_before_av_textblock '><span class='hr-inner '><span class=\"hr-inner-style\"><\/span><\/span><\/div>\n<section  class='av_textblock_section av-lgneg25n-78660c26e0fc06cc6a8c7c97c765eeaf'  itemscope=\"itemscope\" itemtype=\"https:\/\/schema.org\/CreativeWork\" ><div class='avia_textblock'  itemprop=\"text\" ><p style=\"text-align: center;\"><strong>All prices listed above include 30 minutes loading time.<\/strong><\/p>\n<p align=\"center\"><strong>For small weight cargo (e.g. foam rubber),<br \/>\nthe fees will be charged based on volumetric weight.<br \/>\n<\/strong>The basis for calculation: W (cm) x L (cm) x H (cm) \/ 6,000 = volumetric weight (kg).<\/p>\n<h2 style=\"margin-top: 0!important;\" align=\"center\">For any other cargo products<br \/>\n<small>(e.g. bicycle, bike, furniture, pallet goods, pets \u2026)<\/small><br \/>\nplease ask for a special Price Quote.<\/h2>\n<p style=\"text-align: center;\" align=\"center\">* The fees are valid from 13.04.2026 until withdrawn.<\/p>\n<\/div><\/section>\n\n<style type=\"text\/css\" data-created_by=\"avia_inline_auto\" id=\"style-css-av-e4e39q-f3357d01e582594f4e1d7bf61a4b1f74\">\n#top .hr.hr-invisible.av-e4e39q-f3357d01e582594f4e1d7bf61a4b1f74{\nheight:15px;\n}\n<\/style>\n<div  class='hr av-e4e39q-f3357d01e582594f4e1d7bf61a4b1f74 hr-invisible  avia-builder-el-19  el_after_av_textblock  el_before_av_textblock '><span class='hr-inner '><span class=\"hr-inner-style\"><\/span><\/span><\/div>\n<section  class='av_textblock_section av-c9x9am-4591f0b887a8978a1fe31849ec3d5902'  itemscope=\"itemscope\" itemtype=\"https:\/\/schema.org\/CreativeWork\" ><div class='avia_textblock'  itemprop=\"text\" ><h3>Shipment planner:<\/h3>\n<ol>\n<li>Place your order (using the <a title=\"online Order Form\" href=\"https:\/\/nemzetkoziszallitas.eu\/nmztkzszllts17\/en\/order-form\/\">online Order Form<\/a>)<\/li>\n<li>Confirm the details (about how the parcel will be handed over to us, etc.)<\/li>\n<li>We collect the parcel (based on the Bill of Lading, or the Order Form)<\/li>\n<li>Please pay our fees (as agreed, or the Addressee can pay the fee upon delivery, if required)<\/li>\n<li>Delivery and handover of the parcel to the Addressee.<\/li>\n<\/ol>\n<\/div><\/section>\n<div  class='hr av-atx1lq-a12a04ceaa775fa8f38bf16b57988913 hr-default  avia-builder-el-21  el_after_av_textblock  el_before_av_textblock '><span class='hr-inner '><span class=\"hr-inner-style\"><\/span><\/span><\/div>\n<section  class='av_textblock_section av-8lsyfy-afdd4a4c8deea10e31533ef1ce0dc4a5'  itemscope=\"itemscope\" itemtype=\"https:\/\/schema.org\/CreativeWork\" ><div class='avia_textblock'  itemprop=\"text\" ><h2 align=\"center\">Whether you wish to arrange for a shipment to Sweden, or to Hungary &#8211; you can order it NOW&#8230;<\/h2>\n<\/div><\/section>\n\n<style type=\"text\/css\" data-created_by=\"avia_inline_auto\" id=\"style-css-av-7s3fcu-9de7b7e82a5ad8ab76e4bf90bafbe5d3\">\n.flex_column.av-7s3fcu-9de7b7e82a5ad8ab76e4bf90bafbe5d3{\n-webkit-border-radius:0px 0px 0px 0px;\n-moz-border-radius:0px 0px 0px 0px;\nborder-radius:0px 0px 0px 0px;\n}\n<\/style>\n<div class='flex_column av-7s3fcu-9de7b7e82a5ad8ab76e4bf90bafbe5d3 av_one_half  avia-builder-el-23  el_after_av_textblock  el_before_av_one_half  first flex_column_div av-zero-column-padding column-top-margin'     ><div  class='avia-button-wrap av-54w7q6-23d887e009d005a0f83c1ad0c9827cf2-wrap avia-button-center  avia-builder-el-24  avia-builder-el-no-sibling ' ><a href='https:\/\/nemzetkoziszallitas.eu\/en\/prices\/'  class='avia-button av-54w7q6-23d887e009d005a0f83c1ad0c9827cf2 avia-icon_select-no avia-size-large avia-position-center avia-color-theme-color' ><span class='avia_iconbox_title' >OUR PRICES<\/span><\/a><\/div><\/div>\n\n<style type=\"text\/css\" data-created_by=\"avia_inline_auto\" id=\"style-css-av-4a4j6m-bb7cc35ef2ff481a3ea8f6d6d6433204\">\n.flex_column.av-4a4j6m-bb7cc35ef2ff481a3ea8f6d6d6433204{\n-webkit-border-radius:0px 0px 0px 0px;\n-moz-border-radius:0px 0px 0px 0px;\nborder-radius:0px 0px 0px 0px;\n}\n<\/style>\n<div class='flex_column av-4a4j6m-bb7cc35ef2ff481a3ea8f6d6d6433204 av_one_half  avia-builder-el-25  el_after_av_one_half  avia-builder-el-last  flex_column_div av-zero-column-padding column-top-margin'     ><div  class='avia-button-wrap av-2cxyou-fe82c9db854c6780d482e2011dd54e5a-wrap avia-button-center  avia-builder-el-26  avia-builder-el-no-sibling ' ><a href='https:\/\/nemzetkoziszallitas.eu\/en\/order-form\/'  class='avia-button av-2cxyou-fe82c9db854c6780d482e2011dd54e5a avia-icon_select-no avia-size-large avia-position-center avia-color-theme-color' ><span class='avia_iconbox_title' >ORDER NOW<\/span><\/a><\/div><\/div>\n","protected":false},"excerpt":{"rendered":"","protected":false},"author":7,"featured_media":0,"parent":0,"menu_order":0,"comment_status":"closed","ping_status":"closed","template":"","meta":{"footnotes":"","_links_to":"","_links_to_target":""},"class_list":["post-8558","page","type-page","status-publish","hentry"],"yoast_head":"<!-- This site is optimized with the Yoast SEO plugin v25.7 - https:\/\/yoast.com\/wordpress\/plugins\/seo\/ -->\n<title>Transport to Sweden | Parcel Delivery | Sebesty\u00e9n Transport<\/title>\n<meta name=\"description\" content=\"Door-to-door transport between Sweden and Hungary. Check our routes and weekly special service timetable.\" \/>\n<meta name=\"robots\" content=\"index, follow, max-snippet:-1, max-image-preview:large, max-video-preview:-1\" \/>\n<link rel=\"canonical\" href=\"https:\/\/nemzetkoziszallitas.eu\/en\/transportation-to-sweden\/\" \/>\n<meta property=\"og:locale\" content=\"en_US\" \/>\n<meta property=\"og:type\" content=\"article\" \/>\n<meta property=\"og:title\" content=\"Transport to Sweden | Parcel Delivery | Sebesty\u00e9n Transport\" \/>\n<meta property=\"og:description\" content=\"Door-to-door transport between Sweden and Hungary. Check our routes and weekly special service timetable.\" \/>\n<meta property=\"og:url\" content=\"https:\/\/nemzetkoziszallitas.eu\/en\/transportation-to-sweden\/\" \/>\n<meta property=\"og:site_name\" content=\"Sebesty\u00e9n Transport\" \/>\n<meta property=\"article:modified_time\" content=\"2026-04-15T12:21:04+00:00\" \/>\n<meta name=\"twitter:label1\" content=\"Est. reading time\" \/>\n\t<meta name=\"twitter:data1\" content=\"6 minutes\" \/>\n<script type=\"application\/ld+json\" class=\"yoast-schema-graph\">{\"@context\":\"https:\/\/schema.org\",\"@graph\":[{\"@type\":\"WebPage\",\"@id\":\"https:\/\/nemzetkoziszallitas.eu\/en\/transportation-to-sweden\/\",\"url\":\"https:\/\/nemzetkoziszallitas.eu\/en\/transportation-to-sweden\/\",\"name\":\"Transport to Sweden | Parcel Delivery | Sebesty\u00e9n Transport\",\"isPartOf\":{\"@id\":\"https:\/\/nemzetkoziszallitas.eu\/#website\"},\"datePublished\":\"2026-04-15T12:17:40+00:00\",\"dateModified\":\"2026-04-15T12:21:04+00:00\",\"description\":\"Door-to-door transport between Sweden and Hungary. Check our routes and weekly special service timetable.\",\"breadcrumb\":{\"@id\":\"https:\/\/nemzetkoziszallitas.eu\/en\/transportation-to-sweden\/#breadcrumb\"},\"inLanguage\":\"en-US\",\"potentialAction\":[{\"@type\":\"ReadAction\",\"target\":[\"https:\/\/nemzetkoziszallitas.eu\/en\/transportation-to-sweden\/\"]}]},{\"@type\":\"BreadcrumbList\",\"@id\":\"https:\/\/nemzetkoziszallitas.eu\/en\/transportation-to-sweden\/#breadcrumb\",\"itemListElement\":[{\"@type\":\"ListItem\",\"position\":1,\"name\":\"Kezd\u0151lap\",\"item\":\"https:\/\/nemzetkoziszallitas.eu\/en\/home\/\"},{\"@type\":\"ListItem\",\"position\":2,\"name\":\"Transportation to Sweden\"}]},{\"@type\":\"WebSite\",\"@id\":\"https:\/\/nemzetkoziszallitas.eu\/#website\",\"url\":\"https:\/\/nemzetkoziszallitas.eu\/\",\"name\":\"Sebesty\u00e9n Transport\",\"description\":\"fuvaroz\u00e1s, k\u00f6lt\u00f6zet\u00e9s\",\"potentialAction\":[{\"@type\":\"SearchAction\",\"target\":{\"@type\":\"EntryPoint\",\"urlTemplate\":\"https:\/\/nemzetkoziszallitas.eu\/?s={search_term_string}\"},\"query-input\":{\"@type\":\"PropertyValueSpecification\",\"valueRequired\":true,\"valueName\":\"search_term_string\"}}],\"inLanguage\":\"en-US\"}]}<\/script>\n<!-- \/ Yoast SEO plugin. -->","yoast_head_json":{"title":"Transport to Sweden | Parcel Delivery | Sebesty\u00e9n Transport","description":"Door-to-door transport between Sweden and Hungary. Check our routes and weekly special service timetable.","robots":{"index":"index","follow":"follow","max-snippet":"max-snippet:-1","max-image-preview":"max-image-preview:large","max-video-preview":"max-video-preview:-1"},"canonical":"https:\/\/nemzetkoziszallitas.eu\/en\/transportation-to-sweden\/","og_locale":"en_US","og_type":"article","og_title":"Transport to Sweden | Parcel Delivery | Sebesty\u00e9n Transport","og_description":"Door-to-door transport between Sweden and Hungary. Check our routes and weekly special service timetable.","og_url":"https:\/\/nemzetkoziszallitas.eu\/en\/transportation-to-sweden\/","og_site_name":"Sebesty\u00e9n Transport","article_modified_time":"2026-04-15T12:21:04+00:00","twitter_misc":{"Est. reading time":"6 minutes"},"schema":{"@context":"https:\/\/schema.org","@graph":[{"@type":"WebPage","@id":"https:\/\/nemzetkoziszallitas.eu\/en\/transportation-to-sweden\/","url":"https:\/\/nemzetkoziszallitas.eu\/en\/transportation-to-sweden\/","name":"Transport to Sweden | Parcel Delivery | Sebesty\u00e9n Transport","isPartOf":{"@id":"https:\/\/nemzetkoziszallitas.eu\/#website"},"datePublished":"2026-04-15T12:17:40+00:00","dateModified":"2026-04-15T12:21:04+00:00","description":"Door-to-door transport between Sweden and Hungary. Check our routes and weekly special service timetable.","breadcrumb":{"@id":"https:\/\/nemzetkoziszallitas.eu\/en\/transportation-to-sweden\/#breadcrumb"},"inLanguage":"en-US","potentialAction":[{"@type":"ReadAction","target":["https:\/\/nemzetkoziszallitas.eu\/en\/transportation-to-sweden\/"]}]},{"@type":"BreadcrumbList","@id":"https:\/\/nemzetkoziszallitas.eu\/en\/transportation-to-sweden\/#breadcrumb","itemListElement":[{"@type":"ListItem","position":1,"name":"Kezd\u0151lap","item":"https:\/\/nemzetkoziszallitas.eu\/en\/home\/"},{"@type":"ListItem","position":2,"name":"Transportation to Sweden"}]},{"@type":"WebSite","@id":"https:\/\/nemzetkoziszallitas.eu\/#website","url":"https:\/\/nemzetkoziszallitas.eu\/","name":"Sebesty\u00e9n Transport","description":"fuvaroz\u00e1s, k\u00f6lt\u00f6zet\u00e9s","potentialAction":[{"@type":"SearchAction","target":{"@type":"EntryPoint","urlTemplate":"https:\/\/nemzetkoziszallitas.eu\/?s={search_term_string}"},"query-input":{"@type":"PropertyValueSpecification","valueRequired":true,"valueName":"search_term_string"}}],"inLanguage":"en-US"}]}},"_links":{"self":[{"href":"https:\/\/nemzetkoziszallitas.eu\/en\/wp-json\/wp\/v2\/pages\/8558","targetHints":{"allow":["GET"]}}],"collection":[{"href":"https:\/\/nemzetkoziszallitas.eu\/en\/wp-json\/wp\/v2\/pages"}],"about":[{"href":"https:\/\/nemzetkoziszallitas.eu\/en\/wp-json\/wp\/v2\/types\/page"}],"author":[{"embeddable":true,"href":"https:\/\/nemzetkoziszallitas.eu\/en\/wp-json\/wp\/v2\/users\/7"}],"replies":[{"embeddable":true,"href":"https:\/\/nemzetkoziszallitas.eu\/en\/wp-json\/wp\/v2\/comments?post=8558"}],"version-history":[{"count":3,"href":"https:\/\/nemzetkoziszallitas.eu\/en\/wp-json\/wp\/v2\/pages\/8558\/revisions"}],"predecessor-version":[{"id":9507,"href":"https:\/\/nemzetkoziszallitas.eu\/en\/wp-json\/wp\/v2\/pages\/8558\/revisions\/9507"}],"wp:attachment":[{"href":"https:\/\/nemzetkoziszallitas.eu\/en\/wp-json\/wp\/v2\/media?parent=8558"}],"curies":[{"name":"wp","href":"https:\/\/api.w.org\/{rel}","templated":true}]}}