{"id":8613,"date":"2026-04-15T16:20:24","date_gmt":"2026-04-15T14:20:24","guid":{"rendered":"https:\/\/nemzetkoziszallitas.eu\/?page_id=8613"},"modified":"2026-04-15T16:21:59","modified_gmt":"2026-04-15T14:21:59","slug":"transportation-to-netherlands","status":"publish","type":"page","link":"https:\/\/nemzetkoziszallitas.eu\/en\/transportation-to-netherlands\/","title":{"rendered":"Transportation to Netherlands"},"content":{"rendered":"<section  class='av_textblock_section av-zw0eiu-0d4955563f3fa0b1be2bb2f877889c1f'  itemscope=\"itemscope\" itemtype=\"https:\/\/schema.org\/CreativeWork\" ><div class='avia_textblock'  itemprop=\"text\" ><h1>Transportation, shipment, and relocation services to Netherlands<\/h1>\n<p>Do you wish to send a package to Netherlands, or back home, from these countries? Or are you relocating to these countries? We will help to get your stuff into these countries fast and intact.<\/p>\n<p>We do regular shipments between Netherlands, and Hungary. Your parcel will be safe with us, we are reliable, and your parcel will be delivered promptly and intact.<\/p>\n<p>The list of cities we most frequently go to within the Netherlands: Utrecht, Amsterdam, and Rotterdam.<\/p>\n<p>However, we are able to arrange for a trip to any other place, in the direct vicinity of these cities, should the need arise.<\/p>\n<p>We ship the following type of cargos: furniture, parcels, bicycles, bikes, pets, and even pallet goods to Netherlands. Many Hungarians now live and work in these countries. For those living abroad, it is of critical importance to be able to keep regular contact with their family members and friends left behind. The way we can facilitate this is by providing safe transportation services at affordable prices.<\/p>\n<p><strong>Our new services: the WAREHOUSING of furniture and other items in Budapest&#8230;<\/strong><\/p>\n<\/div><\/section>\n\n<style type=\"text\/css\" data-created_by=\"avia_inline_auto\" id=\"style-css-av-y2jsk6-6d48e20e29824b748a00b523b94d9b0e\">\n#top .hr.av-y2jsk6-6d48e20e29824b748a00b523b94d9b0e{\nmargin-top:0px;\nmargin-bottom:20px;\n}\n.hr.av-y2jsk6-6d48e20e29824b748a00b523b94d9b0e .hr-inner{\nwidth:100%;\n}\n<\/style>\n<div  class='hr av-y2jsk6-6d48e20e29824b748a00b523b94d9b0e hr-custom  avia-builder-el-1  el_after_av_textblock  el_before_av_heading  hr-center hr-icon-no'><span class='hr-inner inner-border-av-border-thin'><span class=\"hr-inner-style\"><\/span><\/span><\/div>\n\n<style type=\"text\/css\" data-created_by=\"avia_inline_auto\" id=\"style-css-av-vmcfae-4be18dfa49aeaa50de599ea612697805\">\n#top .av-special-heading.av-vmcfae-4be18dfa49aeaa50de599ea612697805{\npadding-bottom:40px;\n}\nbody .av-special-heading.av-vmcfae-4be18dfa49aeaa50de599ea612697805 .av-special-heading-tag .heading-char{\nfont-size:25px;\n}\n.av-special-heading.av-vmcfae-4be18dfa49aeaa50de599ea612697805 .av-subheading{\nfont-size:15px;\n}\n<\/style>\n<div  class='av-special-heading av-vmcfae-4be18dfa49aeaa50de599ea612697805 av-special-heading-h2 blockquote modern-quote modern-centered  avia-builder-el-2  el_after_av_hr  el_before_av_one_third '><h2 class='av-special-heading-tag'  itemprop=\"headline\"  ><a id=\"utvonal-nyugat-nemetorszag-en\"><\/a>Our fixed route to Netherlands<\/h2><div class=\"special-heading-border\"><div class=\"special-heading-inner-border\"><\/div><\/div><\/div>\n\n<style type=\"text\/css\" data-created_by=\"avia_inline_auto\" id=\"style-css-av-uujhc6-fb815018f13d8cc76344127e13a5711e\">\n.flex_column.av-uujhc6-fb815018f13d8cc76344127e13a5711e{\n-webkit-border-radius:0px 0px 0px 0px;\n-moz-border-radius:0px 0px 0px 0px;\nborder-radius:0px 0px 0px 0px;\n}\n<\/style>\n<div class='flex_column av-uujhc6-fb815018f13d8cc76344127e13a5711e av_one_third  avia-builder-el-3  el_after_av_heading  el_before_av_two_third  first no_margin flex_column_div av-zero-column-padding '     ><section  class='av_textblock_section av-sngorq-3cf7cbc68e3aa7aa56aaad9b7c546361'  itemscope=\"itemscope\" itemtype=\"https:\/\/schema.org\/CreativeWork\" ><div class='avia_textblock'  itemprop=\"text\" ><div style=\"text-align: center; width: 100%; margin-bottom: 25px;\">\n<h3>Budapest<\/h3>\n<h3>Gy\u0151r<\/h3>\n<h3>Vienna<\/h3>\n<h3>Munich<\/h3>\n<h3>Regensburg<\/h3>\n<h3>N\u00fcrnberg<\/h3>\n<h3>W\u00fcrzburg<\/h3>\n<h3>Frankfurt<\/h3>\n<h3>Cologne<\/h3>\n<h3>D\u00fcsseldorf<\/h3>\n<h3>Dortmund<\/h3>\n<h3>Eindhoven<\/h3>\n<h3>Moerdijk<\/h3>\n<h3>Rotterdam<\/h3>\n<h3>Amsterdam<\/h3>\n<h3>Utrecht<\/h3>\n<div><\/div>\n<hr style=\"clear: none; margin: 20px 0;\" \/>\n<p><strong>On a case-by-case basis, we are able to ship to other cities, not listed on the map.<\/strong><\/p>\n<\/div>\n<\/div><\/section><\/div>\n\n<style type=\"text\/css\" data-created_by=\"avia_inline_auto\" id=\"style-css-av-qy295i-b9221e6384aee883a0828aab53041480\">\n.flex_column.av-qy295i-b9221e6384aee883a0828aab53041480{\n-webkit-border-radius:0px 0px 0px 0px;\n-moz-border-radius:0px 0px 0px 0px;\nborder-radius:0px 0px 0px 0px;\n}\n<\/style>\n<div class='flex_column av-qy295i-b9221e6384aee883a0828aab53041480 av_two_third  avia-builder-el-5  el_after_av_one_third  el_before_av_hr  no_margin flex_column_div av-zero-column-padding '     ><\/div>\n\n<style type=\"text\/css\" data-created_by=\"avia_inline_auto\" id=\"style-css-av-o4fk6u-ec6308d6ecace5a8cd7ede77fd6f520d\">\n#top .hr.hr-invisible.av-o4fk6u-ec6308d6ecace5a8cd7ede77fd6f520d{\nheight:30px;\n}\n<\/style>\n<div  class='hr av-o4fk6u-ec6308d6ecace5a8cd7ede77fd6f520d hr-invisible  avia-builder-el-7  el_after_av_two_third  el_before_av_heading '><span class='hr-inner '><span class=\"hr-inner-style\"><\/span><\/span><\/div>\n\n<style type=\"text\/css\" data-created_by=\"avia_inline_auto\" id=\"style-css-av-lxkp46-2057d1aeb0b8297b87ba9fcd245c2463\">\n#top .av-special-heading.av-lxkp46-2057d1aeb0b8297b87ba9fcd245c2463{\npadding-bottom:0px;\n}\nbody .av-special-heading.av-lxkp46-2057d1aeb0b8297b87ba9fcd245c2463 .av-special-heading-tag .heading-char{\nfont-size:25px;\n}\n.av-special-heading.av-lxkp46-2057d1aeb0b8297b87ba9fcd245c2463 .av-subheading{\nfont-size:15px;\n}\n<\/style>\n<div  class='av-special-heading av-lxkp46-2057d1aeb0b8297b87ba9fcd245c2463 av-special-heading-h2 blockquote modern-quote modern-centered  avia-builder-el-8  el_after_av_hr  el_before_av_codeblock '><h2 class='av-special-heading-tag'  itemprop=\"headline\"  >Average prices for parcels to be sent to Netherlands<\/h2><div class=\"special-heading-border\"><div class=\"special-heading-inner-border\"><\/div><\/div><\/div>\n\n<section  class='av_textblock_section av-j4xdau-7691c0dc1c8a3274719d55e49e764166'  itemscope=\"itemscope\" itemtype=\"https:\/\/schema.org\/CreativeWork\" ><div class='avia_textblock'  itemprop=\"text\" >\n<style type=\"text\/css\" data-created_by=\"avia_inline_auto\" id=\"style-css-av-gu2h1i-5c8149cbb12a6dd527e24faa1bd93f09\">\n#top .hr.hr-invisible.av-gu2h1i-5c8149cbb12a6dd527e24faa1bd93f09{\nmargin-top:0px;\nheight:1px;\n}\n<\/style>\n<div  class='hr av-gu2h1i-5c8149cbb12a6dd527e24faa1bd93f09 hr-invisible  avia-builder-el-11  avia-builder-el-no-sibling '><span class='hr-inner '><span class=\"hr-inner-style\"><\/span><\/span><\/div>\n<p>We are happy to make a detour in both Netherlands, for a potential surcharge, which can be calculated on a case-by-case basis.<\/p>\n<\/div><\/section>\n<div  class='hr av-g1m61i-7b9ed78df35267075e3bb0903a93c120 hr-default  avia-builder-el-12  el_after_av_textblock  el_before_av_textblock '><span class='hr-inner '><span class=\"hr-inner-style\"><\/span><\/span><\/div>\n<section  class='av_textblock_section av-lgneie9k-c7b9132e31c7b22445c434b1e0a0956c'  itemscope=\"itemscope\" itemtype=\"https:\/\/schema.org\/CreativeWork\" ><div class='avia_textblock'  itemprop=\"text\" ><p style=\"text-align: center;\"><strong>All prices listed above include 30 minutes loading time.<\/strong><\/p>\n<p align=\"center\"><strong>For small weight cargo (e.g. foam rubber),<br \/>\nthe fees will be charged based on volumetric weight.<br \/>\n<\/strong>The basis for calculation: W (cm) x L (cm) x H (cm) \/ 6,000 = volumetric weight (kg).<\/p>\n<h2 style=\"margin-top: 0!important;\" align=\"center\">For any other cargo products<br \/>\n<small>(e.g. bicycle, bike, furniture, pallet goods, pets \u2026)<\/small><br \/>\nplease ask for a special Price Quote.<\/h2>\n<p style=\"text-align: center;\" align=\"center\">* The fees are valid from 13.04.2026 until withdrawn.<\/p>\n<\/div><\/section>\n<div  class='hr av-du80iu-8da5e23dc97c4ba66a0657c397f7ca22 hr-default  avia-builder-el-14  el_after_av_textblock  el_before_av_textblock '><span class='hr-inner '><span class=\"hr-inner-style\"><\/span><\/span><\/div>\n<section  class='av_textblock_section av-d6iqxi-6e21ec0204eb034c2fcc1442a231ad9d'  itemscope=\"itemscope\" itemtype=\"https:\/\/schema.org\/CreativeWork\" ><div class='avia_textblock'  itemprop=\"text\" ><h3>Shipment planner:<\/h3>\n<ol>\n<li>Place your order (using the <a title=\"online Order Form\" href=\"https:\/\/nemzetkoziszallitas.eu\/en\/order-form\/\">online Order Form<\/a>)<\/li>\n<li>Confirm the details (about how the parcel will be handed over to us, etc.)<\/li>\n<li>We collect the parcel (based on the Bill of Lading, or the Order Form)<\/li>\n<li>Please pay our fees (as agreed, or the Addressee can pay the fee upon delivery, if required)<\/li>\n<li>Delivery and handover of the parcel to the Addressee.<\/li>\n<\/ol>\n<\/div><\/section>\n<div  class='hr av-a4c9py-c3d6a5db8579e4ce3f524c78ab2ec361 hr-default  avia-builder-el-16  el_after_av_textblock  el_before_av_textblock '><span class='hr-inner '><span class=\"hr-inner-style\"><\/span><\/span><\/div>\n<section  class='av_textblock_section av-99hl5i-19a77b59a5258cdba53b0b7abc29debc'  itemscope=\"itemscope\" itemtype=\"https:\/\/schema.org\/CreativeWork\" ><div class='avia_textblock'  itemprop=\"text\" ><h2 align=\"center\">Whether you wish to arrange for a shipment to Netherlands &#8211; you can order it NOW&#8230;<\/h2>\n<\/div><\/section>\n\n<style type=\"text\/css\" data-created_by=\"avia_inline_auto\" id=\"style-css-av-7imfdy-690ae395e04e94bb5259e4e2f4fa0d33\">\n.flex_column.av-7imfdy-690ae395e04e94bb5259e4e2f4fa0d33{\n-webkit-border-radius:0px 0px 0px 0px;\n-moz-border-radius:0px 0px 0px 0px;\nborder-radius:0px 0px 0px 0px;\n}\n<\/style>\n<div class='flex_column av-7imfdy-690ae395e04e94bb5259e4e2f4fa0d33 av_one_half  avia-builder-el-18  el_after_av_textblock  el_before_av_one_half  first flex_column_div av-zero-column-padding column-top-margin'     ><div  class='avia-button-wrap av-5urpxy-20ea0edcd74f709c543b5a765cbc289f-wrap avia-button-center  avia-builder-el-19  avia-builder-el-no-sibling ' ><a href='https:\/\/nemzetkoziszallitas.eu\/en\/prices\/'  class='avia-button av-5urpxy-20ea0edcd74f709c543b5a765cbc289f avia-icon_select-no avia-size-large avia-position-center avia-color-theme-color' ><span class='avia_iconbox_title' >OUR PRICES<\/span><\/a><\/div><\/div>\n\n<style type=\"text\/css\" data-created_by=\"avia_inline_auto\" id=\"style-css-av-4mikjq-bb71cb96c8fbf8b8f9e02afaa88b1d2e\">\n.flex_column.av-4mikjq-bb71cb96c8fbf8b8f9e02afaa88b1d2e{\n-webkit-border-radius:0px 0px 0px 0px;\n-moz-border-radius:0px 0px 0px 0px;\nborder-radius:0px 0px 0px 0px;\n}\n<\/style>\n<div class='flex_column av-4mikjq-bb71cb96c8fbf8b8f9e02afaa88b1d2e av_one_half  avia-builder-el-20  el_after_av_one_half  avia-builder-el-last  flex_column_div av-zero-column-padding column-top-margin'     ><div  class='avia-button-wrap av-37ei9i-98be15e407dc51ef7fdc4dedc5113d3f-wrap avia-button-center  avia-builder-el-21  avia-builder-el-no-sibling ' ><a href='https:\/\/nemzetkoziszallitas.eu\/en\/order-form\/'  class='avia-button av-37ei9i-98be15e407dc51ef7fdc4dedc5113d3f avia-icon_select-no avia-size-large avia-position-center avia-color-theme-color' ><span class='avia_iconbox_title' >ORDER NOW<\/span><\/a><\/div><\/div>\n","protected":false},"excerpt":{"rendered":"","protected":false},"author":7,"featured_media":0,"parent":0,"menu_order":0,"comment_status":"closed","ping_status":"closed","template":"","meta":{"footnotes":"","_links_to":"","_links_to_target":""},"class_list":["post-8613","page","type-page","status-publish","hentry"],"yoast_head":"<!-- This site is optimized with the Yoast SEO plugin v25.7 - https:\/\/yoast.com\/wordpress\/plugins\/seo\/ -->\n<title>Transport to Netherlands and Germany | Sebesty\u00e9n Transport<\/title>\n<meta name=\"description\" content=\"Door-to-door transport between Netherlands, Germany and Hungary. Check our routes and weekly special service timetable.\" \/>\n<meta name=\"robots\" content=\"index, follow, max-snippet:-1, max-image-preview:large, max-video-preview:-1\" \/>\n<link rel=\"canonical\" href=\"https:\/\/nemzetkoziszallitas.eu\/en\/transportation-to-netherlands\/\" \/>\n<meta property=\"og:locale\" content=\"en_US\" \/>\n<meta property=\"og:type\" content=\"article\" \/>\n<meta property=\"og:title\" content=\"Transport to Netherlands and Germany | Sebesty\u00e9n Transport\" \/>\n<meta property=\"og:description\" content=\"Door-to-door transport between Netherlands, Germany and Hungary. Check our routes and weekly special service timetable.\" \/>\n<meta property=\"og:url\" content=\"https:\/\/nemzetkoziszallitas.eu\/en\/transportation-to-netherlands\/\" \/>\n<meta property=\"og:site_name\" content=\"Sebesty\u00e9n Transport\" \/>\n<meta property=\"article:modified_time\" content=\"2026-04-15T14:21:59+00:00\" \/>\n<meta name=\"twitter:label1\" content=\"Est. reading time\" \/>\n\t<meta name=\"twitter:data1\" content=\"4 minutes\" \/>\n<script type=\"application\/ld+json\" class=\"yoast-schema-graph\">{\"@context\":\"https:\/\/schema.org\",\"@graph\":[{\"@type\":\"WebPage\",\"@id\":\"https:\/\/nemzetkoziszallitas.eu\/en\/transportation-to-netherlands\/\",\"url\":\"https:\/\/nemzetkoziszallitas.eu\/en\/transportation-to-netherlands\/\",\"name\":\"Transport to Netherlands and Germany | Sebesty\u00e9n Transport\",\"isPartOf\":{\"@id\":\"https:\/\/nemzetkoziszallitas.eu\/#website\"},\"datePublished\":\"2026-04-15T14:20:24+00:00\",\"dateModified\":\"2026-04-15T14:21:59+00:00\",\"description\":\"Door-to-door transport between Netherlands, Germany and Hungary. Check our routes and weekly special service timetable.\",\"breadcrumb\":{\"@id\":\"https:\/\/nemzetkoziszallitas.eu\/en\/transportation-to-netherlands\/#breadcrumb\"},\"inLanguage\":\"en-US\",\"potentialAction\":[{\"@type\":\"ReadAction\",\"target\":[\"https:\/\/nemzetkoziszallitas.eu\/en\/transportation-to-netherlands\/\"]}]},{\"@type\":\"BreadcrumbList\",\"@id\":\"https:\/\/nemzetkoziszallitas.eu\/en\/transportation-to-netherlands\/#breadcrumb\",\"itemListElement\":[{\"@type\":\"ListItem\",\"position\":1,\"name\":\"Kezd\u0151lap\",\"item\":\"https:\/\/nemzetkoziszallitas.eu\/en\/home\/\"},{\"@type\":\"ListItem\",\"position\":2,\"name\":\"Transportation to Netherlands\"}]},{\"@type\":\"WebSite\",\"@id\":\"https:\/\/nemzetkoziszallitas.eu\/#website\",\"url\":\"https:\/\/nemzetkoziszallitas.eu\/\",\"name\":\"Sebesty\u00e9n Transport\",\"description\":\"fuvaroz\u00e1s, k\u00f6lt\u00f6zet\u00e9s\",\"potentialAction\":[{\"@type\":\"SearchAction\",\"target\":{\"@type\":\"EntryPoint\",\"urlTemplate\":\"https:\/\/nemzetkoziszallitas.eu\/?s={search_term_string}\"},\"query-input\":{\"@type\":\"PropertyValueSpecification\",\"valueRequired\":true,\"valueName\":\"search_term_string\"}}],\"inLanguage\":\"en-US\"}]}<\/script>\n<!-- \/ Yoast SEO plugin. -->","yoast_head_json":{"title":"Transport to Netherlands and Germany | Sebesty\u00e9n Transport","description":"Door-to-door transport between Netherlands, Germany and Hungary. Check our routes and weekly special service timetable.","robots":{"index":"index","follow":"follow","max-snippet":"max-snippet:-1","max-image-preview":"max-image-preview:large","max-video-preview":"max-video-preview:-1"},"canonical":"https:\/\/nemzetkoziszallitas.eu\/en\/transportation-to-netherlands\/","og_locale":"en_US","og_type":"article","og_title":"Transport to Netherlands and Germany | Sebesty\u00e9n Transport","og_description":"Door-to-door transport between Netherlands, Germany and Hungary. Check our routes and weekly special service timetable.","og_url":"https:\/\/nemzetkoziszallitas.eu\/en\/transportation-to-netherlands\/","og_site_name":"Sebesty\u00e9n Transport","article_modified_time":"2026-04-15T14:21:59+00:00","twitter_misc":{"Est. reading time":"4 minutes"},"schema":{"@context":"https:\/\/schema.org","@graph":[{"@type":"WebPage","@id":"https:\/\/nemzetkoziszallitas.eu\/en\/transportation-to-netherlands\/","url":"https:\/\/nemzetkoziszallitas.eu\/en\/transportation-to-netherlands\/","name":"Transport to Netherlands and Germany | Sebesty\u00e9n Transport","isPartOf":{"@id":"https:\/\/nemzetkoziszallitas.eu\/#website"},"datePublished":"2026-04-15T14:20:24+00:00","dateModified":"2026-04-15T14:21:59+00:00","description":"Door-to-door transport between Netherlands, Germany and Hungary. Check our routes and weekly special service timetable.","breadcrumb":{"@id":"https:\/\/nemzetkoziszallitas.eu\/en\/transportation-to-netherlands\/#breadcrumb"},"inLanguage":"en-US","potentialAction":[{"@type":"ReadAction","target":["https:\/\/nemzetkoziszallitas.eu\/en\/transportation-to-netherlands\/"]}]},{"@type":"BreadcrumbList","@id":"https:\/\/nemzetkoziszallitas.eu\/en\/transportation-to-netherlands\/#breadcrumb","itemListElement":[{"@type":"ListItem","position":1,"name":"Kezd\u0151lap","item":"https:\/\/nemzetkoziszallitas.eu\/en\/home\/"},{"@type":"ListItem","position":2,"name":"Transportation to Netherlands"}]},{"@type":"WebSite","@id":"https:\/\/nemzetkoziszallitas.eu\/#website","url":"https:\/\/nemzetkoziszallitas.eu\/","name":"Sebesty\u00e9n Transport","description":"fuvaroz\u00e1s, k\u00f6lt\u00f6zet\u00e9s","potentialAction":[{"@type":"SearchAction","target":{"@type":"EntryPoint","urlTemplate":"https:\/\/nemzetkoziszallitas.eu\/?s={search_term_string}"},"query-input":{"@type":"PropertyValueSpecification","valueRequired":true,"valueName":"search_term_string"}}],"inLanguage":"en-US"}]}},"_links":{"self":[{"href":"https:\/\/nemzetkoziszallitas.eu\/en\/wp-json\/wp\/v2\/pages\/8613","targetHints":{"allow":["GET"]}}],"collection":[{"href":"https:\/\/nemzetkoziszallitas.eu\/en\/wp-json\/wp\/v2\/pages"}],"about":[{"href":"https:\/\/nemzetkoziszallitas.eu\/en\/wp-json\/wp\/v2\/types\/page"}],"author":[{"embeddable":true,"href":"https:\/\/nemzetkoziszallitas.eu\/en\/wp-json\/wp\/v2\/users\/7"}],"replies":[{"embeddable":true,"href":"https:\/\/nemzetkoziszallitas.eu\/en\/wp-json\/wp\/v2\/comments?post=8613"}],"version-history":[{"count":2,"href":"https:\/\/nemzetkoziszallitas.eu\/en\/wp-json\/wp\/v2\/pages\/8613\/revisions"}],"predecessor-version":[{"id":9553,"href":"https:\/\/nemzetkoziszallitas.eu\/en\/wp-json\/wp\/v2\/pages\/8613\/revisions\/9553"}],"wp:attachment":[{"href":"https:\/\/nemzetkoziszallitas.eu\/en\/wp-json\/wp\/v2\/media?parent=8613"}],"curies":[{"name":"wp","href":"https:\/\/api.w.org\/{rel}","templated":true}]}}